{"id":1096,"date":"2024-05-05T10:54:59","date_gmt":"2024-05-05T08:54:59","guid":{"rendered":"https:\/\/www.desclicsetdeslettres.fr\/?page_id=1096"},"modified":"2024-07-24T16:15:24","modified_gmt":"2024-07-24T14:15:24","slug":"maries-room","status":"publish","type":"page","link":"https:\/\/www.desclicsetdeslettres.fr\/index.php\/maries-room\/","title":{"rendered":"Marie&rsquo;s Room"},"content":{"rendered":"\n<h1 class=\"wp-block-heading has-text-align-center\" style=\"font-size:24px\">Une tr\u00e8s bonne introduction au <em>walking sim<\/em><\/h1>\n\n\n\n<p class=\"has-text-align-center\"><em>Publi\u00e9 le 5 mai 2024<\/em><\/p>\n\n\n<div class=\"wp-block-image\">\n<figure class=\"aligncenter size-full is-resized\"><img fetchpriority=\"high\" decoding=\"async\" width=\"600\" height=\"800\" src=\"http:\/\/www.desclicsetdeslettres.fr\/wp-content\/uploads\/2024\/05\/Marie-cover.jpeg\" alt=\"\" class=\"wp-image-1060\" style=\"width:320px;height:auto\" srcset=\"https:\/\/www.desclicsetdeslettres.fr\/wp-content\/uploads\/2024\/05\/Marie-cover.jpeg 600w, https:\/\/www.desclicsetdeslettres.fr\/wp-content\/uploads\/2024\/05\/Marie-cover-225x300.jpeg 225w\" sizes=\"(max-width: 600px) 100vw, 600px\" \/><\/figure>\n<\/div>\n\n\n<p style=\"text-align: justify\">Le <em>walking simulator<\/em> (souvent abr\u00e9g\u00e9 en <em>walking sim<\/em>) est un genre vid\u00e9oludique popularis\u00e9 par la sortie en 2013 du jeu <em>Gone Home<\/em> des am\u00e9ricains de The Fullbright Company. On pourrait traduire ce terme par \u00ab\u00a0simulateur de marche\u00a0\u00bb en fran\u00e7ais. Il s&rsquo;agit de jeux narratifs, parfois tr\u00e8s contemplatifs, o\u00f9 le gameplay se r\u00e9sume aux d\u00e9placements de base au clavier et \u00e0 la souris (sur PC) et \u00e0 des interactions \u00e9l\u00e9mentaires avec le d\u00e9cor (observation d&rsquo;objets, lecture de documents, \u00e9coute d&rsquo;audiologs et appui sur quelques boutons). Ils ne comportent pas de combats, ni d&rsquo;\u00e9nigmes trop sophistiqu\u00e9es. On y marche beaucoup et on se laisse bercer par l&rsquo;histoire et l&rsquo;ambiance. Il s&rsquo;agit le plus souvent de sortes de courts-m\u00e9trages interactifs, au propos marquant, qui nous plongent dans la psych\u00e9 de personnages parfois tr\u00e8s tourment\u00e9s, dans des d\u00e9cors qui restent grav\u00e9s pour longtemps dans l&rsquo;esprit du joueur.<\/p>\n\n\n<div class=\"wp-block-image\">\n<figure class=\"aligncenter size-large is-resized\"><img decoding=\"async\" width=\"1024\" height=\"576\" src=\"http:\/\/www.desclicsetdeslettres.fr\/wp-content\/uploads\/2024\/05\/Marie-1-1024x576.jpg\" alt=\"\" class=\"wp-image-1055\" style=\"width:700px\" srcset=\"https:\/\/www.desclicsetdeslettres.fr\/wp-content\/uploads\/2024\/05\/Marie-1-1024x576.jpg 1024w, https:\/\/www.desclicsetdeslettres.fr\/wp-content\/uploads\/2024\/05\/Marie-1-300x169.jpg 300w, https:\/\/www.desclicsetdeslettres.fr\/wp-content\/uploads\/2024\/05\/Marie-1-768x432.jpg 768w, https:\/\/www.desclicsetdeslettres.fr\/wp-content\/uploads\/2024\/05\/Marie-1-1536x864.jpg 1536w, https:\/\/www.desclicsetdeslettres.fr\/wp-content\/uploads\/2024\/05\/Marie-1-800x450.jpg 800w, https:\/\/www.desclicsetdeslettres.fr\/wp-content\/uploads\/2024\/05\/Marie-1.jpg 1920w\" sizes=\"(max-width: 1024px) 100vw, 1024px\" \/><\/figure>\n<\/div>\n\n\n<p style=\"text-align: justify\">C&rsquo;est le cas de <em>Marie&rsquo;s Room<\/em>, jeu propos\u00e9 gratuitement sur Steam, sorti le 13 f\u00e9vrier 2018 et d\u00e9velopp\u00e9 par le petit studio belge \u00ab\u00a0like Charlie\u00a0\u00bb. Huis-clos intimiste o\u00f9 l&rsquo;action se d\u00e9roule dans une unique pi\u00e8ce (plus un bref couloir liminaire), la chambre de ladite Marie, l&rsquo;exp\u00e9rience se boucle en moins d&rsquo;une heure, ce qui en fait une parfaite porte d&rsquo;entr\u00e9e pour d\u00e9couvrir ce genre de niche si particulier. Il y a ici un petit c\u00f4t\u00e9 <em>Gone Home<\/em> minimaliste. On y retrouve le m\u00eame esprit, celui d&rsquo;une invitation \u00e0 d\u00e9couvrir des tranches de vie et des personnalit\u00e9s fortes \u00e0 travers la fouille sans g\u00eane, en leur absence, de leurs tiroirs, de leurs t\u00e9l\u00e9phones et de leurs ordinateurs, en incarnant cependant un personnage autoris\u00e9 \u00e0 p\u00e9n\u00e9trer en ces lieux.<\/p>\n\n\n<div class=\"wp-block-image\">\n<figure class=\"aligncenter size-large is-resized\"><img decoding=\"async\" width=\"1024\" height=\"576\" src=\"http:\/\/www.desclicsetdeslettres.fr\/wp-content\/uploads\/2024\/05\/Marie-2-1024x576.jpg\" alt=\"\" class=\"wp-image-1056\" style=\"width:700px\" srcset=\"https:\/\/www.desclicsetdeslettres.fr\/wp-content\/uploads\/2024\/05\/Marie-2-1024x576.jpg 1024w, https:\/\/www.desclicsetdeslettres.fr\/wp-content\/uploads\/2024\/05\/Marie-2-300x169.jpg 300w, https:\/\/www.desclicsetdeslettres.fr\/wp-content\/uploads\/2024\/05\/Marie-2-768x432.jpg 768w, https:\/\/www.desclicsetdeslettres.fr\/wp-content\/uploads\/2024\/05\/Marie-2-1536x864.jpg 1536w, https:\/\/www.desclicsetdeslettres.fr\/wp-content\/uploads\/2024\/05\/Marie-2-800x450.jpg 800w, https:\/\/www.desclicsetdeslettres.fr\/wp-content\/uploads\/2024\/05\/Marie-2.jpg 1920w\" sizes=\"(max-width: 1024px) 100vw, 1024px\" \/><\/figure>\n<\/div>\n\n<div class=\"wp-block-image\">\n<figure class=\"aligncenter size-large is-resized\"><img loading=\"lazy\" decoding=\"async\" width=\"1024\" height=\"576\" src=\"http:\/\/www.desclicsetdeslettres.fr\/wp-content\/uploads\/2024\/05\/Marie-3-1024x576.jpg\" alt=\"\" class=\"wp-image-1057\" style=\"width:700px\" srcset=\"https:\/\/www.desclicsetdeslettres.fr\/wp-content\/uploads\/2024\/05\/Marie-3-1024x576.jpg 1024w, https:\/\/www.desclicsetdeslettres.fr\/wp-content\/uploads\/2024\/05\/Marie-3-300x169.jpg 300w, https:\/\/www.desclicsetdeslettres.fr\/wp-content\/uploads\/2024\/05\/Marie-3-768x432.jpg 768w, https:\/\/www.desclicsetdeslettres.fr\/wp-content\/uploads\/2024\/05\/Marie-3-1536x864.jpg 1536w, https:\/\/www.desclicsetdeslettres.fr\/wp-content\/uploads\/2024\/05\/Marie-3-800x450.jpg 800w, https:\/\/www.desclicsetdeslettres.fr\/wp-content\/uploads\/2024\/05\/Marie-3.jpg 1920w\" sizes=\"(max-width: 1024px) 100vw, 1024px\" \/><\/figure>\n<\/div>\n\n\n<p style=\"text-align: justify\">Dans <em>Marie&rsquo;s Room<\/em>, on explore la chambre d&rsquo;adolescente de Marie, en vue \u00e0 la premi\u00e8re personne, \u00e0 travers les yeux de Kelsey, une amie d&rsquo;enfance. Cette derni\u00e8re d\u00e9barque chez Marie, on ne sait trop pourquoi au d\u00e9part, \u00e0 notre \u00e9poque, et p\u00e9n\u00e8tre dans la pi\u00e8ce presque vide \u00e0 la recherche d&rsquo;une relique du pass\u00e9 : un journal intime r\u00e9dig\u00e9 en mode scrapbooking. Elle l&rsquo;ouvre et se replonge dans le pass\u00e9, vingt ans en arri\u00e8re, \u00e0 une \u00e9poque o\u00f9 se sont d\u00e9roul\u00e9s des \u00e9v\u00e9nements traumatiques, pour elle comme pour Marie. Impossible d&rsquo;en raconter beaucoup plus, sous peine de trop d\u00e9voiler l&rsquo;intrigue. Disons simplement que les deux jeunes filles pr\u00e9sentaient, dans leur prime jeunesse, des caract\u00e8res totalement oppos\u00e9s, mais avaient pour point commun d&rsquo;\u00eatre toutes les deux passablement paum\u00e9es, chacune \u00e0 sa fa\u00e7on. Marie, qui vivait seule avec son p\u00e8re suite au d\u00e9c\u00e8s de sa m\u00e8re, \u00e9tait une introvertie pas tr\u00e8s \u00e0 l&rsquo;aise, tandis que Kelsey, de ce que l&rsquo;on comprend, avait un c\u00f4t\u00e9 tr\u00e8s bad girl, cheerleader du genre \u00e0 fr\u00e9quenter les mauvais gar\u00e7ons et \u00e0 s&rsquo;attirer des ennuis. Kelsey a partag\u00e9 pendant quelque temps la chambre de Marie et une amiti\u00e9 ambigu\u00eb s&rsquo;est d\u00e9velopp\u00e9e entre les deux <em>teenagers<\/em> au beau milieu d&rsquo;une p\u00e9riode trouble de leurs vies respectives, ponctu\u00e9e de plusieurs trag\u00e9dies. Le journal intime est alors vierge et se compl\u00e8te \u00e0 mesure que l&rsquo;on interagit avec les objets cl\u00e9s diss\u00e9min\u00e9s dans tous les recoins de la chambre. Une fois le carnet rempli de bribes de confessions, de photos et de coupures de presse, on acc\u00e8de au fin mot de l&rsquo;histoire et \u00e0 la conclusion du jeu.<\/p>\n\n\n<div class=\"wp-block-image\">\n<figure class=\"aligncenter size-large is-resized\"><img loading=\"lazy\" decoding=\"async\" width=\"1024\" height=\"576\" src=\"http:\/\/www.desclicsetdeslettres.fr\/wp-content\/uploads\/2024\/05\/Marie-4-1024x576.jpg\" alt=\"\" class=\"wp-image-1058\" style=\"width:700px\" srcset=\"https:\/\/www.desclicsetdeslettres.fr\/wp-content\/uploads\/2024\/05\/Marie-4-1024x576.jpg 1024w, https:\/\/www.desclicsetdeslettres.fr\/wp-content\/uploads\/2024\/05\/Marie-4-300x169.jpg 300w, https:\/\/www.desclicsetdeslettres.fr\/wp-content\/uploads\/2024\/05\/Marie-4-768x432.jpg 768w, https:\/\/www.desclicsetdeslettres.fr\/wp-content\/uploads\/2024\/05\/Marie-4-1536x864.jpg 1536w, https:\/\/www.desclicsetdeslettres.fr\/wp-content\/uploads\/2024\/05\/Marie-4-800x450.jpg 800w, https:\/\/www.desclicsetdeslettres.fr\/wp-content\/uploads\/2024\/05\/Marie-4.jpg 1920w\" sizes=\"(max-width: 1024px) 100vw, 1024px\" \/><\/figure>\n<\/div>\n\n<div class=\"wp-block-image\">\n<figure class=\"aligncenter size-large is-resized\"><img loading=\"lazy\" decoding=\"async\" width=\"1024\" height=\"576\" src=\"http:\/\/www.desclicsetdeslettres.fr\/wp-content\/uploads\/2024\/05\/Marie-5-1024x576.jpg\" alt=\"\" class=\"wp-image-1059\" style=\"width:700px\" srcset=\"https:\/\/www.desclicsetdeslettres.fr\/wp-content\/uploads\/2024\/05\/Marie-5-1024x576.jpg 1024w, https:\/\/www.desclicsetdeslettres.fr\/wp-content\/uploads\/2024\/05\/Marie-5-300x169.jpg 300w, https:\/\/www.desclicsetdeslettres.fr\/wp-content\/uploads\/2024\/05\/Marie-5-768x432.jpg 768w, https:\/\/www.desclicsetdeslettres.fr\/wp-content\/uploads\/2024\/05\/Marie-5-1536x864.jpg 1536w, https:\/\/www.desclicsetdeslettres.fr\/wp-content\/uploads\/2024\/05\/Marie-5-800x450.jpg 800w, https:\/\/www.desclicsetdeslettres.fr\/wp-content\/uploads\/2024\/05\/Marie-5.jpg 1920w\" sizes=\"(max-width: 1024px) 100vw, 1024px\" \/><\/figure>\n<\/div>\n\n\n<p style=\"text-align: justify\"><em>Marie&rsquo;s Room<\/em> a \u00e9t\u00e9 d\u00e9velopp\u00e9 par deux artistes brugeois. Kenny Guillaume, d&rsquo;abord, \u00e0 la direction cr\u00e9ative, aux graphismes et \u00e0 la programmation et Dagmar Blommaert, \u00e0 l&rsquo;\u00e9criture, aux dialogues et \u00e0 la narration. Il s&rsquo;agit d&rsquo;une premi\u00e8re production, ce qui explique le c\u00f4t\u00e9 tr\u00e8s compact de l&rsquo;oeuvre. Le studio a par la suite livr\u00e9 un deuxi\u00e8me opus, <em>Ghost on the Shore<\/em>, sorti en 2022 (voir image ci-dessous). Il s&rsquo;agit l\u00e0 aussi d&rsquo;un <em>walking sim<\/em> dans lequel une jeune femme voit son petit bateau de plaisance s&rsquo;\u00e9chouer sur une \u00eele et entend dans sa t\u00eate des voix fantomatiques. Une d\u00e9mo est disponible sur Steam.<\/p>\n\n\n<div class=\"wp-block-image\">\n<figure class=\"aligncenter size-large is-resized\"><img loading=\"lazy\" decoding=\"async\" width=\"1024\" height=\"576\" src=\"http:\/\/www.desclicsetdeslettres.fr\/wp-content\/uploads\/2024\/05\/Ghost-on-the-Shore-1024x576.jpg\" alt=\"\" class=\"wp-image-1054\" style=\"width:700px\" srcset=\"https:\/\/www.desclicsetdeslettres.fr\/wp-content\/uploads\/2024\/05\/Ghost-on-the-Shore-1024x576.jpg 1024w, https:\/\/www.desclicsetdeslettres.fr\/wp-content\/uploads\/2024\/05\/Ghost-on-the-Shore-300x169.jpg 300w, https:\/\/www.desclicsetdeslettres.fr\/wp-content\/uploads\/2024\/05\/Ghost-on-the-Shore-768x432.jpg 768w, https:\/\/www.desclicsetdeslettres.fr\/wp-content\/uploads\/2024\/05\/Ghost-on-the-Shore-1536x864.jpg 1536w, https:\/\/www.desclicsetdeslettres.fr\/wp-content\/uploads\/2024\/05\/Ghost-on-the-Shore-800x450.jpg 800w, https:\/\/www.desclicsetdeslettres.fr\/wp-content\/uploads\/2024\/05\/Ghost-on-the-Shore.jpg 1920w\" sizes=\"(max-width: 1024px) 100vw, 1024px\" \/><\/figure>\n<\/div>\n\n\n<p style=\"text-align: justify\">Si ce n&rsquo;est pas un jeu parfait, <em>Marie&rsquo;s Room<\/em> propose une balade agr\u00e9able dans le pass\u00e9, empreinte de nostalgie. Je le recommande en particulier \u00e0 tous ceux n&rsquo;ayant jamais go\u00fbt\u00e9 au genre. Pour les autres, l&rsquo;exp\u00e9rience pourra tout de m\u00eame \u00eatre satisfaisante le temps d&rsquo;une petite heure et fera remonter \u00e0 la surface les doux souvenirs laiss\u00e9s par les t\u00e9nors du genre que sont <em>Dear Esther<\/em>, <em>What remains of Edith Finch<\/em>, <em>The Vanishing of Ethan Carter<\/em>, <em>Tacoma<\/em> ou encore <em>Firewatch<\/em>.<\/p>\n\n\n\n<p style=\"text-align: justify\">Et voici, pour finir, quelques liens utiles :<\/p>\n\n\n\n<p style=\"text-align: justify\"><B><a href=\"https:\/\/www.likecharlie.com\/about\" target=\"_blank\" rel=\"noopener\">Le site web de like Charlie<\/a>.<\/B><\/p>\n\n\n\n<p style=\"text-align: justify\"><B><a href=\"https:\/\/store.steampowered.com\/app\/648390\/Maries_Room\/\" target=\"_blank\" rel=\"noopener\">La page Steam de <em>Marie&rsquo;s Room<\/em><\/a>.<\/B><\/p>\n\n\n\n<p style=\"text-align: justify\"><B><a href=\"https:\/\/kennyguillaume.itch.io\/maries-room\" target=\"_blank\" rel=\"noopener\"><em>Marie&rsquo;s Room<\/em> sur itch.io<\/a>.<\/B><\/p>\n","protected":false},"excerpt":{"rendered":"<p>Une tr\u00e8s bonne introduction au walking sim Publi\u00e9 le 5 mai 2024 Le walking simulator (souvent abr\u00e9g\u00e9 en walking sim) est un genre vid\u00e9oludique popularis\u00e9 par la sortie en 2013 du jeu Gone Home des am\u00e9ricains de The Fullbright Company. On pourrait traduire ce terme par \u00ab\u00a0simulateur de marche\u00a0\u00bb en fran\u00e7ais. Il s&rsquo;agit de jeux [&hellip;]<\/p>\n","protected":false},"author":1,"featured_media":0,"parent":0,"menu_order":0,"comment_status":"open","ping_status":"closed","template":"","meta":{"_monsterinsights_skip_tracking":false,"_monsterinsights_sitenote_active":false,"_monsterinsights_sitenote_note":"","_monsterinsights_sitenote_category":0,"_uf_show_specific_survey":0,"_uf_disable_surveys":false,"ocean_post_layout":"","ocean_both_sidebars_style":"","ocean_both_sidebars_content_width":0,"ocean_both_sidebars_sidebars_width":0,"ocean_sidebar":"","ocean_second_sidebar":"","ocean_disable_margins":"enable","ocean_add_body_class":"","ocean_shortcode_before_top_bar":"","ocean_shortcode_after_top_bar":"","ocean_shortcode_before_header":"","ocean_shortcode_after_header":"","ocean_has_shortcode":"","ocean_shortcode_after_title":"","ocean_shortcode_before_footer_widgets":"","ocean_shortcode_after_footer_widgets":"","ocean_shortcode_before_footer_bottom":"","ocean_shortcode_after_footer_bottom":"","ocean_display_top_bar":"default","ocean_display_header":"default","ocean_header_style":"","ocean_center_header_left_menu":"","ocean_custom_header_template":"","ocean_custom_logo":0,"ocean_custom_retina_logo":0,"ocean_custom_logo_max_width":0,"ocean_custom_logo_tablet_max_width":0,"ocean_custom_logo_mobile_max_width":0,"ocean_custom_logo_max_height":0,"ocean_custom_logo_tablet_max_height":0,"ocean_custom_logo_mobile_max_height":0,"ocean_header_custom_menu":"","ocean_menu_typo_font_family":"","ocean_menu_typo_font_subset":"","ocean_menu_typo_font_size":0,"ocean_menu_typo_font_size_tablet":0,"ocean_menu_typo_font_size_mobile":0,"ocean_menu_typo_font_size_unit":"px","ocean_menu_typo_font_weight":"","ocean_menu_typo_font_weight_tablet":"","ocean_menu_typo_font_weight_mobile":"","ocean_menu_typo_transform":"","ocean_menu_typo_transform_tablet":"","ocean_menu_typo_transform_mobile":"","ocean_menu_typo_line_height":0,"ocean_menu_typo_line_height_tablet":0,"ocean_menu_typo_line_height_mobile":0,"ocean_menu_typo_line_height_unit":"","ocean_menu_typo_spacing":0,"ocean_menu_typo_spacing_tablet":0,"ocean_menu_typo_spacing_mobile":0,"ocean_menu_typo_spacing_unit":"","ocean_menu_link_color":"","ocean_menu_link_color_hover":"","ocean_menu_link_color_active":"","ocean_menu_link_background":"","ocean_menu_link_hover_background":"","ocean_menu_link_active_background":"","ocean_menu_social_links_bg":"","ocean_menu_social_hover_links_bg":"","ocean_menu_social_links_color":"","ocean_menu_social_hover_links_color":"","ocean_disable_title":"default","ocean_disable_heading":"default","ocean_post_title":"","ocean_post_subheading":"","ocean_post_title_style":"","ocean_post_title_background_color":"","ocean_post_title_background":0,"ocean_post_title_bg_image_position":"","ocean_post_title_bg_image_attachment":"","ocean_post_title_bg_image_repeat":"","ocean_post_title_bg_image_size":"","ocean_post_title_height":0,"ocean_post_title_bg_overlay":0.5,"ocean_post_title_bg_overlay_color":"","ocean_disable_breadcrumbs":"default","ocean_breadcrumbs_color":"","ocean_breadcrumbs_separator_color":"","ocean_breadcrumbs_links_color":"","ocean_breadcrumbs_links_hover_color":"","ocean_display_footer_widgets":"default","ocean_display_footer_bottom":"default","ocean_custom_footer_template":"","footnotes":""},"class_list":["post-1096","page","type-page","status-publish","hentry","entry"],"yoast_head":"<!-- This site is optimized with the Yoast SEO plugin v26.8 - https:\/\/yoast.com\/product\/yoast-seo-wordpress\/ -->\n<title>Marie&#039;s Room - Des Clics et des Lettres<\/title>\n<meta name=\"robots\" content=\"index, follow, max-snippet:-1, max-image-preview:large, max-video-preview:-1\" \/>\n<link rel=\"canonical\" href=\"https:\/\/www.desclicsetdeslettres.fr\/index.php\/maries-room\/\" \/>\n<meta property=\"og:locale\" content=\"fr_FR\" \/>\n<meta property=\"og:type\" content=\"article\" \/>\n<meta property=\"og:title\" content=\"Marie&#039;s Room - Des Clics et des Lettres\" \/>\n<meta property=\"og:description\" content=\"Une tr\u00e8s bonne introduction au walking sim Publi\u00e9 le 5 mai 2024 Le walking simulator (souvent abr\u00e9g\u00e9 en walking sim) est un genre vid\u00e9oludique popularis\u00e9 par la sortie en 2013 du jeu Gone Home des am\u00e9ricains de The Fullbright Company. On pourrait traduire ce terme par \u00ab\u00a0simulateur de marche\u00a0\u00bb en fran\u00e7ais. Il s&rsquo;agit de jeux [&hellip;]\" \/>\n<meta property=\"og:url\" content=\"https:\/\/www.desclicsetdeslettres.fr\/index.php\/maries-room\/\" \/>\n<meta property=\"og:site_name\" content=\"Des Clics et des Lettres\" \/>\n<meta property=\"article:publisher\" content=\"https:\/\/www.facebook.com\/profile.php?id=61558453618650\" \/>\n<meta property=\"article:modified_time\" content=\"2024-07-24T14:15:24+00:00\" \/>\n<meta property=\"og:image\" content=\"http:\/\/www.desclicsetdeslettres.fr\/wp-content\/uploads\/2024\/05\/Marie-cover.jpeg\" \/>\n<meta name=\"twitter:card\" content=\"summary_large_image\" \/>\n<meta name=\"twitter:site\" content=\"@DClicsDLettres\" \/>\n<meta name=\"twitter:label1\" content=\"Dur\u00e9e de lecture estim\u00e9e\" \/>\n\t<meta name=\"twitter:data1\" content=\"6 minutes\" \/>\n<script type=\"application\/ld+json\" class=\"yoast-schema-graph\">{\"@context\":\"https:\/\/schema.org\",\"@graph\":[{\"@type\":\"WebPage\",\"@id\":\"https:\/\/www.desclicsetdeslettres.fr\/index.php\/maries-room\/\",\"url\":\"https:\/\/www.desclicsetdeslettres.fr\/index.php\/maries-room\/\",\"name\":\"Marie's Room - Des Clics et des Lettres\",\"isPartOf\":{\"@id\":\"https:\/\/www.desclicsetdeslettres.fr\/#website\"},\"primaryImageOfPage\":{\"@id\":\"https:\/\/www.desclicsetdeslettres.fr\/index.php\/maries-room\/#primaryimage\"},\"image\":{\"@id\":\"https:\/\/www.desclicsetdeslettres.fr\/index.php\/maries-room\/#primaryimage\"},\"thumbnailUrl\":\"http:\/\/www.desclicsetdeslettres.fr\/wp-content\/uploads\/2024\/05\/Marie-cover.jpeg\",\"datePublished\":\"2024-05-05T08:54:59+00:00\",\"dateModified\":\"2024-07-24T14:15:24+00:00\",\"breadcrumb\":{\"@id\":\"https:\/\/www.desclicsetdeslettres.fr\/index.php\/maries-room\/#breadcrumb\"},\"inLanguage\":\"fr-FR\",\"potentialAction\":[{\"@type\":\"ReadAction\",\"target\":[\"https:\/\/www.desclicsetdeslettres.fr\/index.php\/maries-room\/\"]}]},{\"@type\":\"ImageObject\",\"inLanguage\":\"fr-FR\",\"@id\":\"https:\/\/www.desclicsetdeslettres.fr\/index.php\/maries-room\/#primaryimage\",\"url\":\"https:\/\/www.desclicsetdeslettres.fr\/wp-content\/uploads\/2024\/05\/Marie-cover.jpeg\",\"contentUrl\":\"https:\/\/www.desclicsetdeslettres.fr\/wp-content\/uploads\/2024\/05\/Marie-cover.jpeg\",\"width\":600,\"height\":800},{\"@type\":\"BreadcrumbList\",\"@id\":\"https:\/\/www.desclicsetdeslettres.fr\/index.php\/maries-room\/#breadcrumb\",\"itemListElement\":[{\"@type\":\"ListItem\",\"position\":1,\"name\":\"Accueil\",\"item\":\"https:\/\/www.desclicsetdeslettres.fr\/\"},{\"@type\":\"ListItem\",\"position\":2,\"name\":\"Marie&rsquo;s Room\"}]},{\"@type\":\"WebSite\",\"@id\":\"https:\/\/www.desclicsetdeslettres.fr\/#website\",\"url\":\"https:\/\/www.desclicsetdeslettres.fr\/\",\"name\":\"Des Clics et des Lettres\",\"description\":\"JV ind\u00e9, curation et interviews !\",\"publisher\":{\"@id\":\"https:\/\/www.desclicsetdeslettres.fr\/#organization\"},\"alternateName\":\"Des Clics et des Lettres\",\"potentialAction\":[{\"@type\":\"SearchAction\",\"target\":{\"@type\":\"EntryPoint\",\"urlTemplate\":\"https:\/\/www.desclicsetdeslettres.fr\/?s={search_term_string}\"},\"query-input\":{\"@type\":\"PropertyValueSpecification\",\"valueRequired\":true,\"valueName\":\"search_term_string\"}}],\"inLanguage\":\"fr-FR\"},{\"@type\":\"Organization\",\"@id\":\"https:\/\/www.desclicsetdeslettres.fr\/#organization\",\"name\":\"Des Clics et des Lettres\",\"url\":\"https:\/\/www.desclicsetdeslettres.fr\/\",\"logo\":{\"@type\":\"ImageObject\",\"inLanguage\":\"fr-FR\",\"@id\":\"https:\/\/www.desclicsetdeslettres.fr\/#\/schema\/logo\/image\/\",\"url\":\"https:\/\/www.desclicsetdeslettres.fr\/wp-content\/uploads\/2024\/04\/Logo-Des-Clics-et-des-Lettres.png\",\"contentUrl\":\"https:\/\/www.desclicsetdeslettres.fr\/wp-content\/uploads\/2024\/04\/Logo-Des-Clics-et-des-Lettres.png\",\"width\":501,\"height\":501,\"caption\":\"Des Clics et des Lettres\"},\"image\":{\"@id\":\"https:\/\/www.desclicsetdeslettres.fr\/#\/schema\/logo\/image\/\"},\"sameAs\":[\"https:\/\/www.facebook.com\/profile.php?id=61558453618650\",\"https:\/\/x.com\/DClicsDLettres\"]}]}<\/script>\n<!-- \/ Yoast SEO plugin. -->","yoast_head_json":{"title":"Marie's Room - Des Clics et des Lettres","robots":{"index":"index","follow":"follow","max-snippet":"max-snippet:-1","max-image-preview":"max-image-preview:large","max-video-preview":"max-video-preview:-1"},"canonical":"https:\/\/www.desclicsetdeslettres.fr\/index.php\/maries-room\/","og_locale":"fr_FR","og_type":"article","og_title":"Marie's Room - Des Clics et des Lettres","og_description":"Une tr\u00e8s bonne introduction au walking sim Publi\u00e9 le 5 mai 2024 Le walking simulator (souvent abr\u00e9g\u00e9 en walking sim) est un genre vid\u00e9oludique popularis\u00e9 par la sortie en 2013 du jeu Gone Home des am\u00e9ricains de The Fullbright Company. On pourrait traduire ce terme par \u00ab\u00a0simulateur de marche\u00a0\u00bb en fran\u00e7ais. Il s&rsquo;agit de jeux [&hellip;]","og_url":"https:\/\/www.desclicsetdeslettres.fr\/index.php\/maries-room\/","og_site_name":"Des Clics et des Lettres","article_publisher":"https:\/\/www.facebook.com\/profile.php?id=61558453618650","article_modified_time":"2024-07-24T14:15:24+00:00","og_image":[{"url":"http:\/\/www.desclicsetdeslettres.fr\/wp-content\/uploads\/2024\/05\/Marie-cover.jpeg","type":"","width":"","height":""}],"twitter_card":"summary_large_image","twitter_site":"@DClicsDLettres","twitter_misc":{"Dur\u00e9e de lecture estim\u00e9e":"6 minutes"},"schema":{"@context":"https:\/\/schema.org","@graph":[{"@type":"WebPage","@id":"https:\/\/www.desclicsetdeslettres.fr\/index.php\/maries-room\/","url":"https:\/\/www.desclicsetdeslettres.fr\/index.php\/maries-room\/","name":"Marie's Room - Des Clics et des Lettres","isPartOf":{"@id":"https:\/\/www.desclicsetdeslettres.fr\/#website"},"primaryImageOfPage":{"@id":"https:\/\/www.desclicsetdeslettres.fr\/index.php\/maries-room\/#primaryimage"},"image":{"@id":"https:\/\/www.desclicsetdeslettres.fr\/index.php\/maries-room\/#primaryimage"},"thumbnailUrl":"http:\/\/www.desclicsetdeslettres.fr\/wp-content\/uploads\/2024\/05\/Marie-cover.jpeg","datePublished":"2024-05-05T08:54:59+00:00","dateModified":"2024-07-24T14:15:24+00:00","breadcrumb":{"@id":"https:\/\/www.desclicsetdeslettres.fr\/index.php\/maries-room\/#breadcrumb"},"inLanguage":"fr-FR","potentialAction":[{"@type":"ReadAction","target":["https:\/\/www.desclicsetdeslettres.fr\/index.php\/maries-room\/"]}]},{"@type":"ImageObject","inLanguage":"fr-FR","@id":"https:\/\/www.desclicsetdeslettres.fr\/index.php\/maries-room\/#primaryimage","url":"https:\/\/www.desclicsetdeslettres.fr\/wp-content\/uploads\/2024\/05\/Marie-cover.jpeg","contentUrl":"https:\/\/www.desclicsetdeslettres.fr\/wp-content\/uploads\/2024\/05\/Marie-cover.jpeg","width":600,"height":800},{"@type":"BreadcrumbList","@id":"https:\/\/www.desclicsetdeslettres.fr\/index.php\/maries-room\/#breadcrumb","itemListElement":[{"@type":"ListItem","position":1,"name":"Accueil","item":"https:\/\/www.desclicsetdeslettres.fr\/"},{"@type":"ListItem","position":2,"name":"Marie&rsquo;s Room"}]},{"@type":"WebSite","@id":"https:\/\/www.desclicsetdeslettres.fr\/#website","url":"https:\/\/www.desclicsetdeslettres.fr\/","name":"Des Clics et des Lettres","description":"JV ind\u00e9, curation et interviews !","publisher":{"@id":"https:\/\/www.desclicsetdeslettres.fr\/#organization"},"alternateName":"Des Clics et des Lettres","potentialAction":[{"@type":"SearchAction","target":{"@type":"EntryPoint","urlTemplate":"https:\/\/www.desclicsetdeslettres.fr\/?s={search_term_string}"},"query-input":{"@type":"PropertyValueSpecification","valueRequired":true,"valueName":"search_term_string"}}],"inLanguage":"fr-FR"},{"@type":"Organization","@id":"https:\/\/www.desclicsetdeslettres.fr\/#organization","name":"Des Clics et des Lettres","url":"https:\/\/www.desclicsetdeslettres.fr\/","logo":{"@type":"ImageObject","inLanguage":"fr-FR","@id":"https:\/\/www.desclicsetdeslettres.fr\/#\/schema\/logo\/image\/","url":"https:\/\/www.desclicsetdeslettres.fr\/wp-content\/uploads\/2024\/04\/Logo-Des-Clics-et-des-Lettres.png","contentUrl":"https:\/\/www.desclicsetdeslettres.fr\/wp-content\/uploads\/2024\/04\/Logo-Des-Clics-et-des-Lettres.png","width":501,"height":501,"caption":"Des Clics et des Lettres"},"image":{"@id":"https:\/\/www.desclicsetdeslettres.fr\/#\/schema\/logo\/image\/"},"sameAs":["https:\/\/www.facebook.com\/profile.php?id=61558453618650","https:\/\/x.com\/DClicsDLettres"]}]}},"_links":{"self":[{"href":"https:\/\/www.desclicsetdeslettres.fr\/index.php\/wp-json\/wp\/v2\/pages\/1096","targetHints":{"allow":["GET"]}}],"collection":[{"href":"https:\/\/www.desclicsetdeslettres.fr\/index.php\/wp-json\/wp\/v2\/pages"}],"about":[{"href":"https:\/\/www.desclicsetdeslettres.fr\/index.php\/wp-json\/wp\/v2\/types\/page"}],"author":[{"embeddable":true,"href":"https:\/\/www.desclicsetdeslettres.fr\/index.php\/wp-json\/wp\/v2\/users\/1"}],"replies":[{"embeddable":true,"href":"https:\/\/www.desclicsetdeslettres.fr\/index.php\/wp-json\/wp\/v2\/comments?post=1096"}],"version-history":[{"count":11,"href":"https:\/\/www.desclicsetdeslettres.fr\/index.php\/wp-json\/wp\/v2\/pages\/1096\/revisions"}],"predecessor-version":[{"id":2164,"href":"https:\/\/www.desclicsetdeslettres.fr\/index.php\/wp-json\/wp\/v2\/pages\/1096\/revisions\/2164"}],"wp:attachment":[{"href":"https:\/\/www.desclicsetdeslettres.fr\/index.php\/wp-json\/wp\/v2\/media?parent=1096"}],"curies":[{"name":"wp","href":"https:\/\/api.w.org\/{rel}","templated":true}]}}