{"id":1102,"date":"2024-05-10T11:46:40","date_gmt":"2024-05-10T09:46:40","guid":{"rendered":"https:\/\/www.desclicsetdeslettres.fr\/?page_id=1102"},"modified":"2024-05-10T12:19:23","modified_gmt":"2024-05-10T10:19:23","slug":"au-fil-de-lepee-de-christian-hock","status":"publish","type":"page","link":"https:\/\/www.desclicsetdeslettres.fr\/index.php\/au-fil-de-lepee-de-christian-hock\/","title":{"rendered":"\u00ab\u00a0Au fil de l&rsquo;\u00e9p\u00e9e\u00a0\u00bb de Christian Hock"},"content":{"rendered":"<div class=\"wp-block-image\">\n<figure class=\"alignright size-large is-resized\"><img fetchpriority=\"high\" decoding=\"async\" width=\"722\" height=\"1024\" src=\"https:\/\/www.desclicsetdeslettres.fr\/wp-content\/uploads\/2024\/05\/Au-fil-de-lepee-722x1024.jpg\" alt=\"\" class=\"wp-image-1112\" style=\"width:327px;height:auto\" srcset=\"https:\/\/www.desclicsetdeslettres.fr\/wp-content\/uploads\/2024\/05\/Au-fil-de-lepee-722x1024.jpg 722w, https:\/\/www.desclicsetdeslettres.fr\/wp-content\/uploads\/2024\/05\/Au-fil-de-lepee-211x300.jpg 211w, https:\/\/www.desclicsetdeslettres.fr\/wp-content\/uploads\/2024\/05\/Au-fil-de-lepee-768x1090.jpg 768w, https:\/\/www.desclicsetdeslettres.fr\/wp-content\/uploads\/2024\/05\/Au-fil-de-lepee-1082x1536.jpg 1082w, https:\/\/www.desclicsetdeslettres.fr\/wp-content\/uploads\/2024\/05\/Au-fil-de-lepee.jpg 1138w\" sizes=\"(max-width: 722px) 100vw, 722px\" \/><\/figure>\n<\/div>\n\n\n<p style=\"text-align: justify\">&Agrave; force de recherches acharn\u00e9es sur le Net, je croyais poss\u00e9der, ou tout du moins conna\u00eetre de nom, tous les livres sur l\u2019escrime publi\u00e9s en fran\u00e7ais aux XX\u00e8me et XXI\u00e8me si\u00e8cles, mais pourtant un au moins m\u2019avait \u00e9chapp\u00e9. Il y a peu, un ami ma\u00eetre d\u2019armes m\u2019a offert un ouvrage qui \u00e9tait pass\u00e9 \u00e0 travers les mailles du filet. <em>Au fil de l\u2019\u00e9p\u00e9e<\/em> de Christian Hock, \u00e9dit\u00e9 en juillet 2011 chez Scripta, un recueil de nouvelles historiques \u00e0 l\u2019\u00e9criture tr\u00e8s riche et tr\u00e8s moderne ayant pour fil rouge l\u2019escrime et m\u00eame plus pr\u00e9cis\u00e9ment l\u2019\u00e9p\u00e9e, son \u00e9volution au fil des si\u00e8cles et tout ce qu\u2019elle v\u00e9hicule comme symboles forts et comme valeurs. Voici la critique que je viens de publier sur Amazon :<\/p>\n\n\n\n<p style=\"text-align: justify\"><em>4 \u00e9toiles sur 5.<\/em><\/p>\n\n\n\n<p style=\"text-align: justify\"><em>Christian Hock nous livre ici un excellent recueil de nouvelles autour du th\u00e8me de l&rsquo;\u00e9p\u00e9e \u00e0 travers les \u00e2ges. Chaque texte met en sc\u00e8ne un combat, un duel ou une anecdote ayant pour objet une rapi\u00e8re ou autre glaive et se termine par une chute invitant \u00e0 la r\u00e9flexion ou \u00e0 la r\u00eaverie. Un ouvrage d&rsquo;une grande qualit\u00e9, fort bien \u00e9crit, qui comblera les amateurs d&rsquo;escrime surtout, mais aussi les f\u00e9rus d&rsquo;Histoire. Je retire tout de m\u00eame une \u00e9toile \u00e0 cause du grand nombre de coquilles qui pars\u00e8ment le livre, dues je suppose \u00e0 un mode d&rsquo;\u00e9dition \u00e0 petit budget.<\/em><\/p>\n\n\n\n<p style=\"text-align: justify\">Attention, la publication du recueil semble avoir \u00e9t\u00e9 faite aux frais de l\u2019auteur, avec un tirage peut-\u00eatre r\u00e9duit. Je crains donc que cet ouvrage devienne rapidement difficile \u00e0 se procurer. Ce qui en fait d\u2019autant plus un collector pour tous les amateurs !<\/p>\n\n\n\n<p style=\"text-align: justify\">Bonnes lectures estivales \u00e0 tous les escrimeurs et bonnes vacances malgr\u00e9 la pluie \u00e0 ceux qui ont la chance d\u2019\u00eatre en cong\u00e9 !<\/p>\n","protected":false},"excerpt":{"rendered":"<p>&Agrave; force de recherches acharn\u00e9es sur le Net, je croyais poss\u00e9der, ou tout du moins conna\u00eetre de nom, tous les livres sur l\u2019escrime publi\u00e9s en fran\u00e7ais aux XX\u00e8me et XXI\u00e8me si\u00e8cles, mais pourtant un au moins m\u2019avait \u00e9chapp\u00e9. Il y a peu, un ami ma\u00eetre d\u2019armes m\u2019a offert un ouvrage qui \u00e9tait pass\u00e9 \u00e0 travers [&hellip;]<\/p>\n","protected":false},"author":1,"featured_media":0,"parent":0,"menu_order":0,"comment_status":"open","ping_status":"closed","template":"","meta":{"_monsterinsights_skip_tracking":false,"_monsterinsights_sitenote_active":false,"_monsterinsights_sitenote_note":"","_monsterinsights_sitenote_category":0,"_uf_show_specific_survey":0,"_uf_disable_surveys":false,"ocean_post_layout":"","ocean_both_sidebars_style":"","ocean_both_sidebars_content_width":0,"ocean_both_sidebars_sidebars_width":0,"ocean_sidebar":"","ocean_second_sidebar":"","ocean_disable_margins":"enable","ocean_add_body_class":"","ocean_shortcode_before_top_bar":"","ocean_shortcode_after_top_bar":"","ocean_shortcode_before_header":"","ocean_shortcode_after_header":"","ocean_has_shortcode":"","ocean_shortcode_after_title":"","ocean_shortcode_before_footer_widgets":"","ocean_shortcode_after_footer_widgets":"","ocean_shortcode_before_footer_bottom":"","ocean_shortcode_after_footer_bottom":"","ocean_display_top_bar":"default","ocean_display_header":"default","ocean_header_style":"","ocean_center_header_left_menu":"","ocean_custom_header_template":"","ocean_custom_logo":0,"ocean_custom_retina_logo":0,"ocean_custom_logo_max_width":0,"ocean_custom_logo_tablet_max_width":0,"ocean_custom_logo_mobile_max_width":0,"ocean_custom_logo_max_height":0,"ocean_custom_logo_tablet_max_height":0,"ocean_custom_logo_mobile_max_height":0,"ocean_header_custom_menu":"","ocean_menu_typo_font_family":"","ocean_menu_typo_font_subset":"","ocean_menu_typo_font_size":0,"ocean_menu_typo_font_size_tablet":0,"ocean_menu_typo_font_size_mobile":0,"ocean_menu_typo_font_size_unit":"px","ocean_menu_typo_font_weight":"","ocean_menu_typo_font_weight_tablet":"","ocean_menu_typo_font_weight_mobile":"","ocean_menu_typo_transform":"","ocean_menu_typo_transform_tablet":"","ocean_menu_typo_transform_mobile":"","ocean_menu_typo_line_height":0,"ocean_menu_typo_line_height_tablet":0,"ocean_menu_typo_line_height_mobile":0,"ocean_menu_typo_line_height_unit":"","ocean_menu_typo_spacing":0,"ocean_menu_typo_spacing_tablet":0,"ocean_menu_typo_spacing_mobile":0,"ocean_menu_typo_spacing_unit":"","ocean_menu_link_color":"","ocean_menu_link_color_hover":"","ocean_menu_link_color_active":"","ocean_menu_link_background":"","ocean_menu_link_hover_background":"","ocean_menu_link_active_background":"","ocean_menu_social_links_bg":"","ocean_menu_social_hover_links_bg":"","ocean_menu_social_links_color":"","ocean_menu_social_hover_links_color":"","ocean_disable_title":"default","ocean_disable_heading":"default","ocean_post_title":"","ocean_post_subheading":"","ocean_post_title_style":"","ocean_post_title_background_color":"","ocean_post_title_background":0,"ocean_post_title_bg_image_position":"","ocean_post_title_bg_image_attachment":"","ocean_post_title_bg_image_repeat":"","ocean_post_title_bg_image_size":"","ocean_post_title_height":0,"ocean_post_title_bg_overlay":0.5,"ocean_post_title_bg_overlay_color":"","ocean_disable_breadcrumbs":"default","ocean_breadcrumbs_color":"","ocean_breadcrumbs_separator_color":"","ocean_breadcrumbs_links_color":"","ocean_breadcrumbs_links_hover_color":"","ocean_display_footer_widgets":"default","ocean_display_footer_bottom":"default","ocean_custom_footer_template":"","footnotes":""},"class_list":["post-1102","page","type-page","status-publish","hentry","entry"],"yoast_head":"<!-- This site is optimized with the Yoast SEO plugin v26.8 - https:\/\/yoast.com\/product\/yoast-seo-wordpress\/ -->\n<title>&quot;Au fil de l&#039;\u00e9p\u00e9e&quot; de Christian Hock - Des Clics et des Lettres<\/title>\n<meta name=\"robots\" content=\"index, follow, max-snippet:-1, max-image-preview:large, max-video-preview:-1\" \/>\n<link rel=\"canonical\" href=\"https:\/\/www.desclicsetdeslettres.fr\/index.php\/au-fil-de-lepee-de-christian-hock\/\" \/>\n<meta property=\"og:locale\" content=\"fr_FR\" \/>\n<meta property=\"og:type\" content=\"article\" \/>\n<meta property=\"og:title\" content=\"&quot;Au fil de l&#039;\u00e9p\u00e9e&quot; de Christian Hock - Des Clics et des Lettres\" \/>\n<meta property=\"og:description\" content=\"&Agrave; force de recherches acharn\u00e9es sur le Net, je croyais poss\u00e9der, ou tout du moins conna\u00eetre de nom, tous les livres sur l\u2019escrime publi\u00e9s en fran\u00e7ais aux XX\u00e8me et XXI\u00e8me si\u00e8cles, mais pourtant un au moins m\u2019avait \u00e9chapp\u00e9. Il y a peu, un ami ma\u00eetre d\u2019armes m\u2019a offert un ouvrage qui \u00e9tait pass\u00e9 \u00e0 travers [&hellip;]\" \/>\n<meta property=\"og:url\" content=\"https:\/\/www.desclicsetdeslettres.fr\/index.php\/au-fil-de-lepee-de-christian-hock\/\" \/>\n<meta property=\"og:site_name\" content=\"Des Clics et des Lettres\" \/>\n<meta property=\"article:publisher\" content=\"https:\/\/www.facebook.com\/profile.php?id=61558453618650\" \/>\n<meta property=\"article:modified_time\" content=\"2024-05-10T10:19:23+00:00\" \/>\n<meta property=\"og:image\" content=\"https:\/\/www.desclicsetdeslettres.fr\/wp-content\/uploads\/2024\/05\/Au-fil-de-lepee-722x1024.jpg\" \/>\n<meta name=\"twitter:card\" content=\"summary_large_image\" \/>\n<meta name=\"twitter:site\" content=\"@DClicsDLettres\" \/>\n<meta name=\"twitter:label1\" content=\"Dur\u00e9e de lecture estim\u00e9e\" \/>\n\t<meta name=\"twitter:data1\" content=\"2 minutes\" \/>\n<script type=\"application\/ld+json\" class=\"yoast-schema-graph\">{\"@context\":\"https:\/\/schema.org\",\"@graph\":[{\"@type\":\"WebPage\",\"@id\":\"https:\/\/www.desclicsetdeslettres.fr\/index.php\/au-fil-de-lepee-de-christian-hock\/\",\"url\":\"https:\/\/www.desclicsetdeslettres.fr\/index.php\/au-fil-de-lepee-de-christian-hock\/\",\"name\":\"\\\"Au fil de l'\u00e9p\u00e9e\\\" de Christian Hock - Des Clics et des Lettres\",\"isPartOf\":{\"@id\":\"https:\/\/www.desclicsetdeslettres.fr\/#website\"},\"primaryImageOfPage\":{\"@id\":\"https:\/\/www.desclicsetdeslettres.fr\/index.php\/au-fil-de-lepee-de-christian-hock\/#primaryimage\"},\"image\":{\"@id\":\"https:\/\/www.desclicsetdeslettres.fr\/index.php\/au-fil-de-lepee-de-christian-hock\/#primaryimage\"},\"thumbnailUrl\":\"https:\/\/www.desclicsetdeslettres.fr\/wp-content\/uploads\/2024\/05\/Au-fil-de-lepee-722x1024.jpg\",\"datePublished\":\"2024-05-10T09:46:40+00:00\",\"dateModified\":\"2024-05-10T10:19:23+00:00\",\"breadcrumb\":{\"@id\":\"https:\/\/www.desclicsetdeslettres.fr\/index.php\/au-fil-de-lepee-de-christian-hock\/#breadcrumb\"},\"inLanguage\":\"fr-FR\",\"potentialAction\":[{\"@type\":\"ReadAction\",\"target\":[\"https:\/\/www.desclicsetdeslettres.fr\/index.php\/au-fil-de-lepee-de-christian-hock\/\"]}]},{\"@type\":\"ImageObject\",\"inLanguage\":\"fr-FR\",\"@id\":\"https:\/\/www.desclicsetdeslettres.fr\/index.php\/au-fil-de-lepee-de-christian-hock\/#primaryimage\",\"url\":\"https:\/\/www.desclicsetdeslettres.fr\/wp-content\/uploads\/2024\/05\/Au-fil-de-lepee.jpg\",\"contentUrl\":\"https:\/\/www.desclicsetdeslettres.fr\/wp-content\/uploads\/2024\/05\/Au-fil-de-lepee.jpg\",\"width\":1138,\"height\":1615},{\"@type\":\"BreadcrumbList\",\"@id\":\"https:\/\/www.desclicsetdeslettres.fr\/index.php\/au-fil-de-lepee-de-christian-hock\/#breadcrumb\",\"itemListElement\":[{\"@type\":\"ListItem\",\"position\":1,\"name\":\"Accueil\",\"item\":\"https:\/\/www.desclicsetdeslettres.fr\/\"},{\"@type\":\"ListItem\",\"position\":2,\"name\":\"\u00ab\u00a0Au fil de l&rsquo;\u00e9p\u00e9e\u00a0\u00bb de Christian Hock\"}]},{\"@type\":\"WebSite\",\"@id\":\"https:\/\/www.desclicsetdeslettres.fr\/#website\",\"url\":\"https:\/\/www.desclicsetdeslettres.fr\/\",\"name\":\"Des Clics et des Lettres\",\"description\":\"JV ind\u00e9, curation et interviews !\",\"publisher\":{\"@id\":\"https:\/\/www.desclicsetdeslettres.fr\/#organization\"},\"alternateName\":\"Des Clics et des Lettres\",\"potentialAction\":[{\"@type\":\"SearchAction\",\"target\":{\"@type\":\"EntryPoint\",\"urlTemplate\":\"https:\/\/www.desclicsetdeslettres.fr\/?s={search_term_string}\"},\"query-input\":{\"@type\":\"PropertyValueSpecification\",\"valueRequired\":true,\"valueName\":\"search_term_string\"}}],\"inLanguage\":\"fr-FR\"},{\"@type\":\"Organization\",\"@id\":\"https:\/\/www.desclicsetdeslettres.fr\/#organization\",\"name\":\"Des Clics et des Lettres\",\"url\":\"https:\/\/www.desclicsetdeslettres.fr\/\",\"logo\":{\"@type\":\"ImageObject\",\"inLanguage\":\"fr-FR\",\"@id\":\"https:\/\/www.desclicsetdeslettres.fr\/#\/schema\/logo\/image\/\",\"url\":\"https:\/\/www.desclicsetdeslettres.fr\/wp-content\/uploads\/2024\/04\/Logo-Des-Clics-et-des-Lettres.png\",\"contentUrl\":\"https:\/\/www.desclicsetdeslettres.fr\/wp-content\/uploads\/2024\/04\/Logo-Des-Clics-et-des-Lettres.png\",\"width\":501,\"height\":501,\"caption\":\"Des Clics et des Lettres\"},\"image\":{\"@id\":\"https:\/\/www.desclicsetdeslettres.fr\/#\/schema\/logo\/image\/\"},\"sameAs\":[\"https:\/\/www.facebook.com\/profile.php?id=61558453618650\",\"https:\/\/x.com\/DClicsDLettres\"]}]}<\/script>\n<!-- \/ Yoast SEO plugin. -->","yoast_head_json":{"title":"\"Au fil de l'\u00e9p\u00e9e\" de Christian Hock - Des Clics et des Lettres","robots":{"index":"index","follow":"follow","max-snippet":"max-snippet:-1","max-image-preview":"max-image-preview:large","max-video-preview":"max-video-preview:-1"},"canonical":"https:\/\/www.desclicsetdeslettres.fr\/index.php\/au-fil-de-lepee-de-christian-hock\/","og_locale":"fr_FR","og_type":"article","og_title":"\"Au fil de l'\u00e9p\u00e9e\" de Christian Hock - Des Clics et des Lettres","og_description":"&Agrave; force de recherches acharn\u00e9es sur le Net, je croyais poss\u00e9der, ou tout du moins conna\u00eetre de nom, tous les livres sur l\u2019escrime publi\u00e9s en fran\u00e7ais aux XX\u00e8me et XXI\u00e8me si\u00e8cles, mais pourtant un au moins m\u2019avait \u00e9chapp\u00e9. Il y a peu, un ami ma\u00eetre d\u2019armes m\u2019a offert un ouvrage qui \u00e9tait pass\u00e9 \u00e0 travers [&hellip;]","og_url":"https:\/\/www.desclicsetdeslettres.fr\/index.php\/au-fil-de-lepee-de-christian-hock\/","og_site_name":"Des Clics et des Lettres","article_publisher":"https:\/\/www.facebook.com\/profile.php?id=61558453618650","article_modified_time":"2024-05-10T10:19:23+00:00","og_image":[{"url":"https:\/\/www.desclicsetdeslettres.fr\/wp-content\/uploads\/2024\/05\/Au-fil-de-lepee-722x1024.jpg","type":"","width":"","height":""}],"twitter_card":"summary_large_image","twitter_site":"@DClicsDLettres","twitter_misc":{"Dur\u00e9e de lecture estim\u00e9e":"2 minutes"},"schema":{"@context":"https:\/\/schema.org","@graph":[{"@type":"WebPage","@id":"https:\/\/www.desclicsetdeslettres.fr\/index.php\/au-fil-de-lepee-de-christian-hock\/","url":"https:\/\/www.desclicsetdeslettres.fr\/index.php\/au-fil-de-lepee-de-christian-hock\/","name":"\"Au fil de l'\u00e9p\u00e9e\" de Christian Hock - Des Clics et des Lettres","isPartOf":{"@id":"https:\/\/www.desclicsetdeslettres.fr\/#website"},"primaryImageOfPage":{"@id":"https:\/\/www.desclicsetdeslettres.fr\/index.php\/au-fil-de-lepee-de-christian-hock\/#primaryimage"},"image":{"@id":"https:\/\/www.desclicsetdeslettres.fr\/index.php\/au-fil-de-lepee-de-christian-hock\/#primaryimage"},"thumbnailUrl":"https:\/\/www.desclicsetdeslettres.fr\/wp-content\/uploads\/2024\/05\/Au-fil-de-lepee-722x1024.jpg","datePublished":"2024-05-10T09:46:40+00:00","dateModified":"2024-05-10T10:19:23+00:00","breadcrumb":{"@id":"https:\/\/www.desclicsetdeslettres.fr\/index.php\/au-fil-de-lepee-de-christian-hock\/#breadcrumb"},"inLanguage":"fr-FR","potentialAction":[{"@type":"ReadAction","target":["https:\/\/www.desclicsetdeslettres.fr\/index.php\/au-fil-de-lepee-de-christian-hock\/"]}]},{"@type":"ImageObject","inLanguage":"fr-FR","@id":"https:\/\/www.desclicsetdeslettres.fr\/index.php\/au-fil-de-lepee-de-christian-hock\/#primaryimage","url":"https:\/\/www.desclicsetdeslettres.fr\/wp-content\/uploads\/2024\/05\/Au-fil-de-lepee.jpg","contentUrl":"https:\/\/www.desclicsetdeslettres.fr\/wp-content\/uploads\/2024\/05\/Au-fil-de-lepee.jpg","width":1138,"height":1615},{"@type":"BreadcrumbList","@id":"https:\/\/www.desclicsetdeslettres.fr\/index.php\/au-fil-de-lepee-de-christian-hock\/#breadcrumb","itemListElement":[{"@type":"ListItem","position":1,"name":"Accueil","item":"https:\/\/www.desclicsetdeslettres.fr\/"},{"@type":"ListItem","position":2,"name":"\u00ab\u00a0Au fil de l&rsquo;\u00e9p\u00e9e\u00a0\u00bb de Christian Hock"}]},{"@type":"WebSite","@id":"https:\/\/www.desclicsetdeslettres.fr\/#website","url":"https:\/\/www.desclicsetdeslettres.fr\/","name":"Des Clics et des Lettres","description":"JV ind\u00e9, curation et interviews !","publisher":{"@id":"https:\/\/www.desclicsetdeslettres.fr\/#organization"},"alternateName":"Des Clics et des Lettres","potentialAction":[{"@type":"SearchAction","target":{"@type":"EntryPoint","urlTemplate":"https:\/\/www.desclicsetdeslettres.fr\/?s={search_term_string}"},"query-input":{"@type":"PropertyValueSpecification","valueRequired":true,"valueName":"search_term_string"}}],"inLanguage":"fr-FR"},{"@type":"Organization","@id":"https:\/\/www.desclicsetdeslettres.fr\/#organization","name":"Des Clics et des Lettres","url":"https:\/\/www.desclicsetdeslettres.fr\/","logo":{"@type":"ImageObject","inLanguage":"fr-FR","@id":"https:\/\/www.desclicsetdeslettres.fr\/#\/schema\/logo\/image\/","url":"https:\/\/www.desclicsetdeslettres.fr\/wp-content\/uploads\/2024\/04\/Logo-Des-Clics-et-des-Lettres.png","contentUrl":"https:\/\/www.desclicsetdeslettres.fr\/wp-content\/uploads\/2024\/04\/Logo-Des-Clics-et-des-Lettres.png","width":501,"height":501,"caption":"Des Clics et des Lettres"},"image":{"@id":"https:\/\/www.desclicsetdeslettres.fr\/#\/schema\/logo\/image\/"},"sameAs":["https:\/\/www.facebook.com\/profile.php?id=61558453618650","https:\/\/x.com\/DClicsDLettres"]}]}},"_links":{"self":[{"href":"https:\/\/www.desclicsetdeslettres.fr\/index.php\/wp-json\/wp\/v2\/pages\/1102","targetHints":{"allow":["GET"]}}],"collection":[{"href":"https:\/\/www.desclicsetdeslettres.fr\/index.php\/wp-json\/wp\/v2\/pages"}],"about":[{"href":"https:\/\/www.desclicsetdeslettres.fr\/index.php\/wp-json\/wp\/v2\/types\/page"}],"author":[{"embeddable":true,"href":"https:\/\/www.desclicsetdeslettres.fr\/index.php\/wp-json\/wp\/v2\/users\/1"}],"replies":[{"embeddable":true,"href":"https:\/\/www.desclicsetdeslettres.fr\/index.php\/wp-json\/wp\/v2\/comments?post=1102"}],"version-history":[{"count":7,"href":"https:\/\/www.desclicsetdeslettres.fr\/index.php\/wp-json\/wp\/v2\/pages\/1102\/revisions"}],"predecessor-version":[{"id":1114,"href":"https:\/\/www.desclicsetdeslettres.fr\/index.php\/wp-json\/wp\/v2\/pages\/1102\/revisions\/1114"}],"wp:attachment":[{"href":"https:\/\/www.desclicsetdeslettres.fr\/index.php\/wp-json\/wp\/v2\/media?parent=1102"}],"curies":[{"name":"wp","href":"https:\/\/api.w.org\/{rel}","templated":true}]}}