{"id":1189,"date":"2024-05-11T16:53:47","date_gmt":"2024-05-11T14:53:47","guid":{"rendered":"https:\/\/www.desclicsetdeslettres.fr\/?page_id=1189"},"modified":"2024-05-11T18:06:44","modified_gmt":"2024-05-11T16:06:44","slug":"running-with-swords-de-sherraine-schalm","status":"publish","type":"page","link":"https:\/\/www.desclicsetdeslettres.fr\/index.php\/running-with-swords-de-sherraine-schalm\/","title":{"rendered":"\u00ab\u00a0Running with Swords\u00a0\u00bb de Sherraine Schalm"},"content":{"rendered":"<div class=\"wp-block-image\">\n<figure class=\"alignright size-large is-resized\"><img fetchpriority=\"high\" decoding=\"async\" width=\"673\" height=\"1024\" src=\"http:\/\/www.desclicsetdeslettres.fr\/wp-content\/uploads\/2024\/05\/Running-with-Swords-673x1024.jpg\" alt=\"\" class=\"wp-image-1188\" style=\"width:417px;height:auto\" srcset=\"https:\/\/www.desclicsetdeslettres.fr\/wp-content\/uploads\/2024\/05\/Running-with-Swords-673x1024.jpg 673w, https:\/\/www.desclicsetdeslettres.fr\/wp-content\/uploads\/2024\/05\/Running-with-Swords-197x300.jpg 197w, https:\/\/www.desclicsetdeslettres.fr\/wp-content\/uploads\/2024\/05\/Running-with-Swords-768x1169.jpg 768w, https:\/\/www.desclicsetdeslettres.fr\/wp-content\/uploads\/2024\/05\/Running-with-Swords-1009x1536.jpg 1009w, https:\/\/www.desclicsetdeslettres.fr\/wp-content\/uploads\/2024\/05\/Running-with-Swords.jpg 1215w\" sizes=\"(max-width: 673px) 100vw, 673px\" \/><\/figure>\n<\/div>\n\n\n<p style=\"text-align: justify\">Bien que les n\u00e9ophytes croient qu\u2019il n\u2019existe pas plus de cinq livres disponibles sur l\u2019escrime moderne, en cherchant bien, on r\u00e9alise rapidement qu\u2019il en existe des dizaines, certains r\u00e9ellement passionnants. Naturellement, il y a quelques concessions \u00e0 faire. Accepter de lire en anglais, entre autres, car le plus gros de la litt\u00e9rature escrimistique nous vient du monde anglophone. Il n\u2019y a \u00e0 ma connaissance qu\u2019un seul \u00e9diteur au monde sp\u00e9cialis\u00e9 dans l\u2019escrime : Swordplay Books, une petite maison d\u2019\u00e9dition new-yorkaise g\u00e9r\u00e9e par Stephan Khinoy, un ma\u00eetre d\u2019armes retrait\u00e9 et ancien prof de litt\u00e9rature. Bien entendu, ses livres sont tous \u00e9crits en anglais. Tout cela pour dire que l\u2019ouvrage que je vais vous pr\u00e9senter aujourd\u2019hui est en anglais et n\u2019a pas \u00e9t\u00e9 traduit en fran\u00e7ais. Il n\u2019en demeure pas moins tr\u00e8s int\u00e9ressant et facile \u00e0 se procurer gr\u00e2ce \u00e0 cet outil formidable que l\u2019on nomme Internet et qui permet de recevoir chez soi en quelques jours des livres imprim\u00e9s au bout du monde. Il s\u2019agit de l\u2019autobiographie de l\u2019\u00e9p\u00e9iste canadienne Sherraine Schalm, publi\u00e9e en 2005 par Fitzhenry &amp; Whiteside, intitul\u00e9e <em>Running with Swords<\/em>. Le livre est sign\u00e9 Sherraine MacKay, car elle \u00e9tait \u00e0 l\u2019\u00e9poque mari\u00e9e et a par la suite divorc\u00e9. Avant de parler du contenu, arr\u00eatons-nous un instant sur le titre. Je crois qu\u2019il s\u2019agit d\u2019un jeu de mot construit \u00e0 partir de l\u2019expression am\u00e9ricaine \u201crunning with scissors\u201d qui signifie prendre un risque inconsid\u00e9r\u00e9, ce que l\u2019on fait par exemple en courant avec des ciseaux \u00e0 la main (pour ceux \u00e0 qui cela \u00e9voque quelque chose, l\u2019\u00e9diteur du jeu vid\u00e9o plus que douteux <em>Postal<\/em>, sorti il y a quelques ann\u00e9es, portait le nom de cette expression). En effet, se lancer dans une carri\u00e8re d\u2019escrimeur de haut niveau est un sacr\u00e9 pari sur l\u2019avenir, car il n\u2019y a gu\u00e8re d\u2019argent \u00e0 gagner dans un sport mineur comme le n\u00f4tre.<\/p>\n\n\n\n<p style=\"text-align: justify\">Sherraine Schalm est n\u00e9e en 1975. \u00c9p\u00e9iste de haut niveau depuis de nombreuses ann\u00e9es, elle est toujours active aujourd\u2019hui en tant que comp\u00e9titrice sur la sc\u00e8ne internationale et sera en piste \u00e0 Londres lors des prochains Jeux Olympiques. \u00c0 contre-courant de ce qui se fait en g\u00e9n\u00e9ral dans le sport, au beau milieu de sa carri\u00e8re, en 2004, elle d\u00e9cida d\u2019\u00e9crire un livre retra\u00e7ant d\u2019une part ses d\u00e9buts et d\u2019autre part le d\u00e9tail de son parcours en Coupe du monde lors de la saison 2003-2004 qualificative pour les Jeux d\u2019Ath\u00e8nes, suivi du r\u00e9cit de ses impressions lors de ladite olympiade. Le ton de l\u2019ouvrage est tr\u00e8s f\u00e9minin et se concentre plus sur les sentiments et la psychologie d\u2019une sportive de haut niveau que sur la description technique de matchs ou le listage de scores. Sherraine nous parle de sa vie d\u2019escrimeuse internationale, mais ne nous propose pas un almanach sportif de sa carri\u00e8re (vous venez de penser \u00e0 Marty MacFly en lisant ce mot, hein ? ^^). Sans trop en d\u00e9voiler sur le contenu, le Canada n\u2019\u00e9tant pas une grande nation d\u2019escrime, lorsque Sherraine a r\u00e9alis\u00e9 qu\u2019elle avait le potentiel pour rivaliser avec les meilleures mondiales, c\u2019est vers la France, ses centres d\u2019entra\u00eenement de haut niveau et ses ma\u00eetres d\u2019armes prestigieux (Daniel Levavasseur en particulier) qu\u2019elle s\u2019est tourn\u00e9e afin de d\u00e9velopper ses aptitudes. D\u2019o\u00f9 une installation en r\u00e9gion parisienne et des passages fort savoureux sur les habitudes gastronomiques et tabacologiques des Fran\u00e7ais et sur l\u2019amabilit\u00e9 l\u00e9gendaire des Parisiens. Quant \u00e0 la deuxi\u00e8me partie de l\u2019ouvrage concernant la qualification olympique et l\u2019atteinte du r\u00eave supr\u00eame pour un athl\u00e8te &#8211; obtenir son billet pour les Jeux et loger dans le Village Olympique aux c\u00f4t\u00e9s de l\u2019\u00e9lite sportive des cinq continents avant de peut-\u00eatre d\u00e9crocher une breloque \u2013 je ne vous en dis pas davantage. Je vous laisse d\u00e9couvrir \u00e0 la lecture du livre quelle a \u00e9t\u00e9 l\u2019issue de l\u2019affaire pour la tireuse d\u2019Outre-Atlantique. Malheureusement, le r\u00e9cit s\u2019arr\u00eate \u00e0 l\u2019issue des Jeux et c\u2019est plus tard, entre 2005 et aujourd\u2019hui, que Sherraine a obtenu ses meilleurs r\u00e9sultats : m\u00e9daill\u00e9e de bronze aux Championnats du monde de Leipzig en 2005, vice-championne du monde en 2009 \u00e0 Antalya, premi\u00e8re au classement g\u00e9n\u00e9ral de la Coupe du monde en 2006 et m\u00e9daill\u00e9e d\u2019or aux Jeux Panam\u00e9ricains en 2008, auxquels s\u2019ajoutent plusieurs victoires en Coupe du monde. Une brillante \u00e9p\u00e9iste en somme, \u00e9crivaine \u00e0 ses heures, qui nous offre gr\u00e2ce \u00e0 ce livre une plong\u00e9e passionnante dans la vie d\u2019une escrimeuse de haut niveau. Un <em>must-read<\/em>.<\/p>\n\n\n\n<p style=\"text-align: justify\">Un point en particulier a retenu mon attention \u00e0 la lecture du volume. Nombre de sportifs, mais aussi d\u2019artistes, \u00e9voquent dans leurs \u00e9crits un concept fascinant, celui de \u201cZone\u201d. Des livres entiers lui sont consacr\u00e9s (notamment <emEntrez dans la Zone \u2013 Atteignez l\u2019\u00e9tat mental ultime<\/em> de Damien Lafont, publi\u00e9 chez Amphora, mais qui ne m\u2019a pas tellement emball\u00e9 ; les t\u00e9moignages de sportifs sont plus int\u00e9ressants). Il s\u2019agit d\u2019une disposition d\u2019esprit qui, lorsqu\u2019elle est atteinte, donne le sentiment d\u2019\u00eatre en parfaite ma\u00eetrise de son sport ou de son art sans avoir \u00e0 fournir un r\u00e9el effort physique ou intellectuel. Je pense que tout sportif, m\u00eame amateur, a d\u00e9j\u00e0 \u00e9prouv\u00e9 cette sensation au moins une fois, \u00e0 l\u2019entra\u00eenement ou en comp\u00e9tition. Pour prendre l\u2019exemple de l\u2019escrime, tout tireur a en m\u00e9moire au moins un match contre un adversaire de m\u00eame niveau ou plus fort que lui, au cours duquel il s\u2019est senti invincible et a remport\u00e9 facilement la victoire sans s\u2019\u00eatre v\u00e9ritablement donn\u00e9, alors qu\u2019un autre jour, malgr\u00e9 des efforts acharn\u00e9s, il se serait peut-\u00eatre fait balayer. Chaque touche a simplement atteint sa cible avec pr\u00e9cision, presque naturellement, et la distance \u00e9tait toujours la bonne, l\u2019escrime fluide et esth\u00e9tique tout au long du combat. Avec un peu de chance, cette incursion dans la Zone peut durer tout le long d\u2019une comp\u00e9tition o\u00f9 chaque adversaire se retrouvera impuissant face \u00e0 vous alors que la veille il vous aurait peut-\u00eatre battu sans aucune difficult\u00e9. Toutefois, d\u2019apr\u00e8s les diff\u00e9rents t\u00e9moignages que j\u2019ai pu lire et d\u2019apr\u00e8s ce que ma propre exp\u00e9rience m\u2019a enseign\u00e9, les conditions requises pour entrer dans la Zone sont plus faciles \u00e0 atteindre \u00e0 l\u2019entra\u00eenement o\u00f9 il y a moins de pression n\u00e9faste qu\u2019en tournoi. Sergei Golubitsky, dont j\u2019ai d\u00e9j\u00e0 parl\u00e9, \u00e9voque cette notion dans <em>Fencing is my life<\/em>. Sherraine Schalm en fait de m\u00eame dans <em>Running with Swords<\/em> et d\u00e9crit la Zone avec une expression qui m\u2019a sembl\u00e9 correspondre tout \u00e0 fait \u00e0 la r\u00e9alit\u00e9 : \u201ca numb awareness\u201d, mot-\u00e0-mot \u201cun \u00e9tat de conscience engourdi\u201d. Dans la Zone, un athl\u00e8te a parfaitement conscience de tout ce qui l\u2019entoure, sait analyser dans le d\u00e9tail en une fraction de seconde la situation de jeu dans laquelle il se trouve, mais il n\u2019a pour cela pas besoin de se concentrer outre mesure. Les gestes \u00e0 effectuer viennent d\u2019eux-m\u00eames et le sportif est lib\u00e9r\u00e9 de toute tension parasite. D\u2019o\u00f9 une impression de planer. Le m\u00eame ph\u00e9nom\u00e8ne est d\u00e9crit par beaucoup d\u2019artistes et d\u2019\u00e9crivains en particulier, via la notion d\u2019\u00e9criture automatique, tr\u00e8s en vogue chez les auteurs du dix-neuvi\u00e8me. Victor Hugo, me semble-t-il, s\u2019int\u00e9ressait \u00e0 ce sujet. Cela consiste \u00e0 entrer dans un \u00e9tat mental permettant d\u2019\u00e9crire sans y penser en se laissant entra\u00eener par sa plume ou en laissant presque librement ses doigts courir sur le clavier. Les personnes ayant pratiqu\u00e9 l\u2019\u00e9criture automatique affirment avoir red\u00e9couvert avec \u00e9tonnement le lendemain ce qu\u2019ils avaient \u00e9crit la veille en se demandant comment ces pages d\u2019anthologie avaient bien pu sortir de leur cerveau. Je crois qu\u2019une partie de l\u2019entra\u00eenement suivi par les sportifs de haut niveau consiste \u00e0 chercher des moyens d\u2019entrer \u00e0 volont\u00e9 dans cette disposition mentale les jours de grandes comp\u00e9titions. Bien s\u00fbr, il ne faut pas esp\u00e9rer devenir un champion en apprenant simplement \u00e0 entrer dans la Zone. Mais \u00e0 niveaux techniques et conditions physiques proches, atteindre cette \u201cnumb awareness\u201d est une cl\u00e9 possible pour dominer son adversaire qui sera alors impuissant face \u00e0 vous et se demandera pourquoi il n\u2019arrive pas \u00e0 vous toucher alors qu\u2019il fournit tous les efforts du monde pour produire sa meilleure escrime.<\/p>\n\n\n\n<p style=\"text-align: justify\">Mais tr\u00eave de digressions. Pour terminer et pour en revenir \u00e0 Sherraine Schalm, j\u2019ai eu l\u2019occasion de la voir tirer r\u00e9cemment lors de la Coupe du monde de Saint-Maur (2012). Laura Flessel, qui m&rsquo;a donn\u00e9 envie de commencer l&rsquo;escrime apr\u00e8s sa victoire \u00e0 Atlanta en 96, \u00e9tait pr\u00e9sente elle-aussi. Les Jeux de Londres approchent \u00e0 grands pas. J&rsquo;attends avec impatience une finale Flessel-Colovic FRA vs Schalm CAN !<\/p>\n","protected":false},"excerpt":{"rendered":"<p>Bien que les n\u00e9ophytes croient qu\u2019il n\u2019existe pas plus de cinq livres disponibles sur l\u2019escrime moderne, en cherchant bien, on r\u00e9alise rapidement qu\u2019il en existe des dizaines, certains r\u00e9ellement passionnants. Naturellement, il y a quelques concessions \u00e0 faire. Accepter de lire en anglais, entre autres, car le plus gros de la litt\u00e9rature escrimistique nous vient [&hellip;]<\/p>\n","protected":false},"author":1,"featured_media":0,"parent":0,"menu_order":0,"comment_status":"open","ping_status":"closed","template":"","meta":{"_monsterinsights_skip_tracking":false,"_monsterinsights_sitenote_active":false,"_monsterinsights_sitenote_note":"","_monsterinsights_sitenote_category":0,"_uf_show_specific_survey":0,"_uf_disable_surveys":false,"ocean_post_layout":"","ocean_both_sidebars_style":"","ocean_both_sidebars_content_width":0,"ocean_both_sidebars_sidebars_width":0,"ocean_sidebar":"","ocean_second_sidebar":"","ocean_disable_margins":"enable","ocean_add_body_class":"","ocean_shortcode_before_top_bar":"","ocean_shortcode_after_top_bar":"","ocean_shortcode_before_header":"","ocean_shortcode_after_header":"","ocean_has_shortcode":"","ocean_shortcode_after_title":"","ocean_shortcode_before_footer_widgets":"","ocean_shortcode_after_footer_widgets":"","ocean_shortcode_before_footer_bottom":"","ocean_shortcode_after_footer_bottom":"","ocean_display_top_bar":"default","ocean_display_header":"default","ocean_header_style":"","ocean_center_header_left_menu":"","ocean_custom_header_template":"","ocean_custom_logo":0,"ocean_custom_retina_logo":0,"ocean_custom_logo_max_width":0,"ocean_custom_logo_tablet_max_width":0,"ocean_custom_logo_mobile_max_width":0,"ocean_custom_logo_max_height":0,"ocean_custom_logo_tablet_max_height":0,"ocean_custom_logo_mobile_max_height":0,"ocean_header_custom_menu":"","ocean_menu_typo_font_family":"","ocean_menu_typo_font_subset":"","ocean_menu_typo_font_size":0,"ocean_menu_typo_font_size_tablet":0,"ocean_menu_typo_font_size_mobile":0,"ocean_menu_typo_font_size_unit":"px","ocean_menu_typo_font_weight":"","ocean_menu_typo_font_weight_tablet":"","ocean_menu_typo_font_weight_mobile":"","ocean_menu_typo_transform":"","ocean_menu_typo_transform_tablet":"","ocean_menu_typo_transform_mobile":"","ocean_menu_typo_line_height":0,"ocean_menu_typo_line_height_tablet":0,"ocean_menu_typo_line_height_mobile":0,"ocean_menu_typo_line_height_unit":"","ocean_menu_typo_spacing":0,"ocean_menu_typo_spacing_tablet":0,"ocean_menu_typo_spacing_mobile":0,"ocean_menu_typo_spacing_unit":"","ocean_menu_link_color":"","ocean_menu_link_color_hover":"","ocean_menu_link_color_active":"","ocean_menu_link_background":"","ocean_menu_link_hover_background":"","ocean_menu_link_active_background":"","ocean_menu_social_links_bg":"","ocean_menu_social_hover_links_bg":"","ocean_menu_social_links_color":"","ocean_menu_social_hover_links_color":"","ocean_disable_title":"default","ocean_disable_heading":"default","ocean_post_title":"","ocean_post_subheading":"","ocean_post_title_style":"","ocean_post_title_background_color":"","ocean_post_title_background":0,"ocean_post_title_bg_image_position":"","ocean_post_title_bg_image_attachment":"","ocean_post_title_bg_image_repeat":"","ocean_post_title_bg_image_size":"","ocean_post_title_height":0,"ocean_post_title_bg_overlay":0.5,"ocean_post_title_bg_overlay_color":"","ocean_disable_breadcrumbs":"default","ocean_breadcrumbs_color":"","ocean_breadcrumbs_separator_color":"","ocean_breadcrumbs_links_color":"","ocean_breadcrumbs_links_hover_color":"","ocean_display_footer_widgets":"default","ocean_display_footer_bottom":"default","ocean_custom_footer_template":"","footnotes":""},"class_list":["post-1189","page","type-page","status-publish","hentry","entry"],"yoast_head":"<!-- This site is optimized with the Yoast SEO plugin v26.8 - https:\/\/yoast.com\/product\/yoast-seo-wordpress\/ -->\n<title>&quot;Running with Swords&quot; de Sherraine Schalm - Des Clics et des Lettres<\/title>\n<meta name=\"robots\" content=\"index, follow, max-snippet:-1, max-image-preview:large, max-video-preview:-1\" \/>\n<link rel=\"canonical\" href=\"https:\/\/www.desclicsetdeslettres.fr\/index.php\/running-with-swords-de-sherraine-schalm\/\" \/>\n<meta property=\"og:locale\" content=\"fr_FR\" \/>\n<meta property=\"og:type\" content=\"article\" \/>\n<meta property=\"og:title\" content=\"&quot;Running with Swords&quot; de Sherraine Schalm - Des Clics et des Lettres\" \/>\n<meta property=\"og:description\" content=\"Bien que les n\u00e9ophytes croient qu\u2019il n\u2019existe pas plus de cinq livres disponibles sur l\u2019escrime moderne, en cherchant bien, on r\u00e9alise rapidement qu\u2019il en existe des dizaines, certains r\u00e9ellement passionnants. Naturellement, il y a quelques concessions \u00e0 faire. Accepter de lire en anglais, entre autres, car le plus gros de la litt\u00e9rature escrimistique nous vient [&hellip;]\" \/>\n<meta property=\"og:url\" content=\"https:\/\/www.desclicsetdeslettres.fr\/index.php\/running-with-swords-de-sherraine-schalm\/\" \/>\n<meta property=\"og:site_name\" content=\"Des Clics et des Lettres\" \/>\n<meta property=\"article:publisher\" content=\"https:\/\/www.facebook.com\/profile.php?id=61558453618650\" \/>\n<meta property=\"article:modified_time\" content=\"2024-05-11T16:06:44+00:00\" \/>\n<meta property=\"og:image\" content=\"http:\/\/www.desclicsetdeslettres.fr\/wp-content\/uploads\/2024\/05\/Running-with-Swords-673x1024.jpg\" \/>\n<meta name=\"twitter:card\" content=\"summary_large_image\" \/>\n<meta name=\"twitter:site\" content=\"@DClicsDLettres\" \/>\n<meta name=\"twitter:label1\" content=\"Dur\u00e9e de lecture estim\u00e9e\" \/>\n\t<meta name=\"twitter:data1\" content=\"8 minutes\" \/>\n<script type=\"application\/ld+json\" class=\"yoast-schema-graph\">{\"@context\":\"https:\/\/schema.org\",\"@graph\":[{\"@type\":\"WebPage\",\"@id\":\"https:\/\/www.desclicsetdeslettres.fr\/index.php\/running-with-swords-de-sherraine-schalm\/\",\"url\":\"https:\/\/www.desclicsetdeslettres.fr\/index.php\/running-with-swords-de-sherraine-schalm\/\",\"name\":\"\\\"Running with Swords\\\" de Sherraine Schalm - Des Clics et des Lettres\",\"isPartOf\":{\"@id\":\"https:\/\/www.desclicsetdeslettres.fr\/#website\"},\"primaryImageOfPage\":{\"@id\":\"https:\/\/www.desclicsetdeslettres.fr\/index.php\/running-with-swords-de-sherraine-schalm\/#primaryimage\"},\"image\":{\"@id\":\"https:\/\/www.desclicsetdeslettres.fr\/index.php\/running-with-swords-de-sherraine-schalm\/#primaryimage\"},\"thumbnailUrl\":\"http:\/\/www.desclicsetdeslettres.fr\/wp-content\/uploads\/2024\/05\/Running-with-Swords-673x1024.jpg\",\"datePublished\":\"2024-05-11T14:53:47+00:00\",\"dateModified\":\"2024-05-11T16:06:44+00:00\",\"breadcrumb\":{\"@id\":\"https:\/\/www.desclicsetdeslettres.fr\/index.php\/running-with-swords-de-sherraine-schalm\/#breadcrumb\"},\"inLanguage\":\"fr-FR\",\"potentialAction\":[{\"@type\":\"ReadAction\",\"target\":[\"https:\/\/www.desclicsetdeslettres.fr\/index.php\/running-with-swords-de-sherraine-schalm\/\"]}]},{\"@type\":\"ImageObject\",\"inLanguage\":\"fr-FR\",\"@id\":\"https:\/\/www.desclicsetdeslettres.fr\/index.php\/running-with-swords-de-sherraine-schalm\/#primaryimage\",\"url\":\"https:\/\/www.desclicsetdeslettres.fr\/wp-content\/uploads\/2024\/05\/Running-with-Swords.jpg\",\"contentUrl\":\"https:\/\/www.desclicsetdeslettres.fr\/wp-content\/uploads\/2024\/05\/Running-with-Swords.jpg\",\"width\":1215,\"height\":1849},{\"@type\":\"BreadcrumbList\",\"@id\":\"https:\/\/www.desclicsetdeslettres.fr\/index.php\/running-with-swords-de-sherraine-schalm\/#breadcrumb\",\"itemListElement\":[{\"@type\":\"ListItem\",\"position\":1,\"name\":\"Accueil\",\"item\":\"https:\/\/www.desclicsetdeslettres.fr\/\"},{\"@type\":\"ListItem\",\"position\":2,\"name\":\"\u00ab\u00a0Running with Swords\u00a0\u00bb de Sherraine Schalm\"}]},{\"@type\":\"WebSite\",\"@id\":\"https:\/\/www.desclicsetdeslettres.fr\/#website\",\"url\":\"https:\/\/www.desclicsetdeslettres.fr\/\",\"name\":\"Des Clics et des Lettres\",\"description\":\"JV ind\u00e9, curation et interviews !\",\"publisher\":{\"@id\":\"https:\/\/www.desclicsetdeslettres.fr\/#organization\"},\"alternateName\":\"Des Clics et des Lettres\",\"potentialAction\":[{\"@type\":\"SearchAction\",\"target\":{\"@type\":\"EntryPoint\",\"urlTemplate\":\"https:\/\/www.desclicsetdeslettres.fr\/?s={search_term_string}\"},\"query-input\":{\"@type\":\"PropertyValueSpecification\",\"valueRequired\":true,\"valueName\":\"search_term_string\"}}],\"inLanguage\":\"fr-FR\"},{\"@type\":\"Organization\",\"@id\":\"https:\/\/www.desclicsetdeslettres.fr\/#organization\",\"name\":\"Des Clics et des Lettres\",\"url\":\"https:\/\/www.desclicsetdeslettres.fr\/\",\"logo\":{\"@type\":\"ImageObject\",\"inLanguage\":\"fr-FR\",\"@id\":\"https:\/\/www.desclicsetdeslettres.fr\/#\/schema\/logo\/image\/\",\"url\":\"https:\/\/www.desclicsetdeslettres.fr\/wp-content\/uploads\/2024\/04\/Logo-Des-Clics-et-des-Lettres.png\",\"contentUrl\":\"https:\/\/www.desclicsetdeslettres.fr\/wp-content\/uploads\/2024\/04\/Logo-Des-Clics-et-des-Lettres.png\",\"width\":501,\"height\":501,\"caption\":\"Des Clics et des Lettres\"},\"image\":{\"@id\":\"https:\/\/www.desclicsetdeslettres.fr\/#\/schema\/logo\/image\/\"},\"sameAs\":[\"https:\/\/www.facebook.com\/profile.php?id=61558453618650\",\"https:\/\/x.com\/DClicsDLettres\"]}]}<\/script>\n<!-- \/ Yoast SEO plugin. -->","yoast_head_json":{"title":"\"Running with Swords\" de Sherraine Schalm - Des Clics et des Lettres","robots":{"index":"index","follow":"follow","max-snippet":"max-snippet:-1","max-image-preview":"max-image-preview:large","max-video-preview":"max-video-preview:-1"},"canonical":"https:\/\/www.desclicsetdeslettres.fr\/index.php\/running-with-swords-de-sherraine-schalm\/","og_locale":"fr_FR","og_type":"article","og_title":"\"Running with Swords\" de Sherraine Schalm - Des Clics et des Lettres","og_description":"Bien que les n\u00e9ophytes croient qu\u2019il n\u2019existe pas plus de cinq livres disponibles sur l\u2019escrime moderne, en cherchant bien, on r\u00e9alise rapidement qu\u2019il en existe des dizaines, certains r\u00e9ellement passionnants. Naturellement, il y a quelques concessions \u00e0 faire. Accepter de lire en anglais, entre autres, car le plus gros de la litt\u00e9rature escrimistique nous vient [&hellip;]","og_url":"https:\/\/www.desclicsetdeslettres.fr\/index.php\/running-with-swords-de-sherraine-schalm\/","og_site_name":"Des Clics et des Lettres","article_publisher":"https:\/\/www.facebook.com\/profile.php?id=61558453618650","article_modified_time":"2024-05-11T16:06:44+00:00","og_image":[{"url":"http:\/\/www.desclicsetdeslettres.fr\/wp-content\/uploads\/2024\/05\/Running-with-Swords-673x1024.jpg","type":"","width":"","height":""}],"twitter_card":"summary_large_image","twitter_site":"@DClicsDLettres","twitter_misc":{"Dur\u00e9e de lecture estim\u00e9e":"8 minutes"},"schema":{"@context":"https:\/\/schema.org","@graph":[{"@type":"WebPage","@id":"https:\/\/www.desclicsetdeslettres.fr\/index.php\/running-with-swords-de-sherraine-schalm\/","url":"https:\/\/www.desclicsetdeslettres.fr\/index.php\/running-with-swords-de-sherraine-schalm\/","name":"\"Running with Swords\" de Sherraine Schalm - Des Clics et des Lettres","isPartOf":{"@id":"https:\/\/www.desclicsetdeslettres.fr\/#website"},"primaryImageOfPage":{"@id":"https:\/\/www.desclicsetdeslettres.fr\/index.php\/running-with-swords-de-sherraine-schalm\/#primaryimage"},"image":{"@id":"https:\/\/www.desclicsetdeslettres.fr\/index.php\/running-with-swords-de-sherraine-schalm\/#primaryimage"},"thumbnailUrl":"http:\/\/www.desclicsetdeslettres.fr\/wp-content\/uploads\/2024\/05\/Running-with-Swords-673x1024.jpg","datePublished":"2024-05-11T14:53:47+00:00","dateModified":"2024-05-11T16:06:44+00:00","breadcrumb":{"@id":"https:\/\/www.desclicsetdeslettres.fr\/index.php\/running-with-swords-de-sherraine-schalm\/#breadcrumb"},"inLanguage":"fr-FR","potentialAction":[{"@type":"ReadAction","target":["https:\/\/www.desclicsetdeslettres.fr\/index.php\/running-with-swords-de-sherraine-schalm\/"]}]},{"@type":"ImageObject","inLanguage":"fr-FR","@id":"https:\/\/www.desclicsetdeslettres.fr\/index.php\/running-with-swords-de-sherraine-schalm\/#primaryimage","url":"https:\/\/www.desclicsetdeslettres.fr\/wp-content\/uploads\/2024\/05\/Running-with-Swords.jpg","contentUrl":"https:\/\/www.desclicsetdeslettres.fr\/wp-content\/uploads\/2024\/05\/Running-with-Swords.jpg","width":1215,"height":1849},{"@type":"BreadcrumbList","@id":"https:\/\/www.desclicsetdeslettres.fr\/index.php\/running-with-swords-de-sherraine-schalm\/#breadcrumb","itemListElement":[{"@type":"ListItem","position":1,"name":"Accueil","item":"https:\/\/www.desclicsetdeslettres.fr\/"},{"@type":"ListItem","position":2,"name":"\u00ab\u00a0Running with Swords\u00a0\u00bb de Sherraine Schalm"}]},{"@type":"WebSite","@id":"https:\/\/www.desclicsetdeslettres.fr\/#website","url":"https:\/\/www.desclicsetdeslettres.fr\/","name":"Des Clics et des Lettres","description":"JV ind\u00e9, curation et interviews !","publisher":{"@id":"https:\/\/www.desclicsetdeslettres.fr\/#organization"},"alternateName":"Des Clics et des Lettres","potentialAction":[{"@type":"SearchAction","target":{"@type":"EntryPoint","urlTemplate":"https:\/\/www.desclicsetdeslettres.fr\/?s={search_term_string}"},"query-input":{"@type":"PropertyValueSpecification","valueRequired":true,"valueName":"search_term_string"}}],"inLanguage":"fr-FR"},{"@type":"Organization","@id":"https:\/\/www.desclicsetdeslettres.fr\/#organization","name":"Des Clics et des Lettres","url":"https:\/\/www.desclicsetdeslettres.fr\/","logo":{"@type":"ImageObject","inLanguage":"fr-FR","@id":"https:\/\/www.desclicsetdeslettres.fr\/#\/schema\/logo\/image\/","url":"https:\/\/www.desclicsetdeslettres.fr\/wp-content\/uploads\/2024\/04\/Logo-Des-Clics-et-des-Lettres.png","contentUrl":"https:\/\/www.desclicsetdeslettres.fr\/wp-content\/uploads\/2024\/04\/Logo-Des-Clics-et-des-Lettres.png","width":501,"height":501,"caption":"Des Clics et des Lettres"},"image":{"@id":"https:\/\/www.desclicsetdeslettres.fr\/#\/schema\/logo\/image\/"},"sameAs":["https:\/\/www.facebook.com\/profile.php?id=61558453618650","https:\/\/x.com\/DClicsDLettres"]}]}},"_links":{"self":[{"href":"https:\/\/www.desclicsetdeslettres.fr\/index.php\/wp-json\/wp\/v2\/pages\/1189","targetHints":{"allow":["GET"]}}],"collection":[{"href":"https:\/\/www.desclicsetdeslettres.fr\/index.php\/wp-json\/wp\/v2\/pages"}],"about":[{"href":"https:\/\/www.desclicsetdeslettres.fr\/index.php\/wp-json\/wp\/v2\/types\/page"}],"author":[{"embeddable":true,"href":"https:\/\/www.desclicsetdeslettres.fr\/index.php\/wp-json\/wp\/v2\/users\/1"}],"replies":[{"embeddable":true,"href":"https:\/\/www.desclicsetdeslettres.fr\/index.php\/wp-json\/wp\/v2\/comments?post=1189"}],"version-history":[{"count":5,"href":"https:\/\/www.desclicsetdeslettres.fr\/index.php\/wp-json\/wp\/v2\/pages\/1189\/revisions"}],"predecessor-version":[{"id":1202,"href":"https:\/\/www.desclicsetdeslettres.fr\/index.php\/wp-json\/wp\/v2\/pages\/1189\/revisions\/1202"}],"wp:attachment":[{"href":"https:\/\/www.desclicsetdeslettres.fr\/index.php\/wp-json\/wp\/v2\/media?parent=1189"}],"curies":[{"name":"wp","href":"https:\/\/api.w.org\/{rel}","templated":true}]}}