{"id":1240,"date":"2024-05-11T22:43:51","date_gmt":"2024-05-11T20:43:51","guid":{"rendered":"https:\/\/www.desclicsetdeslettres.fr\/?page_id=1240"},"modified":"2024-05-11T22:43:52","modified_gmt":"2024-05-11T20:43:52","slug":"les-fondamentaux-de-lescrime-de-j-capoani-et-j-c-damaisin-dares","status":"publish","type":"page","link":"https:\/\/www.desclicsetdeslettres.fr\/index.php\/les-fondamentaux-de-lescrime-de-j-capoani-et-j-c-damaisin-dares\/","title":{"rendered":"\u00ab\u00a0Les Fondamentaux de l&rsquo;Escrime\u00a0\u00bb de J. Capoani et J.-C. Damaisin d&rsquo;Ar\u00e8s"},"content":{"rendered":"<div class=\"wp-block-image\">\n<figure class=\"alignright size-large is-resized\"><img fetchpriority=\"high\" decoding=\"async\" width=\"799\" height=\"1024\" src=\"http:\/\/www.desclicsetdeslettres.fr\/wp-content\/uploads\/2024\/05\/Les-FDLE-Cover-799x1024.jpg\" alt=\"\" class=\"wp-image-1239\" style=\"width:481px;height:auto\" srcset=\"https:\/\/www.desclicsetdeslettres.fr\/wp-content\/uploads\/2024\/05\/Les-FDLE-Cover-799x1024.jpg 799w, https:\/\/www.desclicsetdeslettres.fr\/wp-content\/uploads\/2024\/05\/Les-FDLE-Cover-234x300.jpg 234w, https:\/\/www.desclicsetdeslettres.fr\/wp-content\/uploads\/2024\/05\/Les-FDLE-Cover-768x985.jpg 768w, https:\/\/www.desclicsetdeslettres.fr\/wp-content\/uploads\/2024\/05\/Les-FDLE-Cover-1198x1536.jpg 1198w, https:\/\/www.desclicsetdeslettres.fr\/wp-content\/uploads\/2024\/05\/Les-FDLE-Cover.jpg 1300w\" sizes=\"(max-width: 799px) 100vw, 799px\" \/><\/figure>\n<\/div>\n\n\n<p style=\"text-align: justify\">Bonjour, aujourd&rsquo;hui je souhaite vous pr\u00e9senter ce qui est, je pense, le meilleur manuel d&rsquo;escrime actuel. Il s&rsquo;agit des <em>Fondamentaux de l&rsquo;Escrime<\/em> de Jo\u00ebl Capoani, ma\u00eetre d&rsquo;armes de la Garde R\u00e9publicaine, et Jean-Christophe Damaisin d&rsquo;Ar\u00e8s, sp\u00e9cialiste des sports de combat. Pour r\u00e9sumer ma pens\u00e9e au sujet de cet ouvrage, je vous invite \u00e0 lire ce commentaire que j&rsquo;avais post\u00e9 sur Amazon le 23 septembre 2010 :<\/p>\n\n\n\n<p style=\"text-align: justify\"><em>Lorsque j&rsquo;ai vu ce livre sur Amazon \u00e0 sa sortie, je me suis dit \u00ab\u00a0Tiens, voil\u00e0 un n-i\u00e8me bouquin bidon sur l&rsquo;escrime avec certainement une pemi\u00e8re moiti\u00e9 consacr\u00e9e \u00e0 l&rsquo;histoire de l&rsquo;escrime (duels, gloires d&rsquo;un pass\u00e9 lointain, \u2026), un quart d\u00e9di\u00e9 \u00e0 une description d\u00e9taill\u00e9e du mat\u00e9riel de l&rsquo;escrime moderne et un dernier quart survolant all\u00e8grement les aspects techniques les plus int\u00e9ressants de notre sport\u00a0\u00bb. Mais point du tout ! J&rsquo;ai eu la chance de tomber dessus dans une librairie o\u00f9 il \u00e9tait en vente (trouver un livre sur l&rsquo;escrime en magasin, un miracle !), je l&rsquo;ai feuillet\u00e9 et j&rsquo;ai eu l&rsquo;heureuse surprise de constater qu&rsquo;il s&rsquo;agissait en r\u00e9alit\u00e9 d&rsquo;un ouvrage tr\u00e8s bien construit, avec certes quelques pages sur l&rsquo;histoire de l&rsquo;escrime, le mat\u00e9riel, les champions, etc\u2026 mais aussi et surtout de nombreux chapitres (les deux tiers du livre) traitant des gestes techniques de mani\u00e8re d\u00e9taill\u00e9e et richement illustr\u00e9e (magnifiques photos, tr\u00e8s pertinentes). Je me suis donc empress\u00e9 de le commander et voici donc mon avis, pour le moins positif. On peut consid\u00e9rer ce livre comme une sore de dictionnaire particuli\u00e8rement vivant et p\u00e9dagogique des termes de l&rsquo;escrime moderne, chaque geste \u00e9tant illustr\u00e9 par une s\u00e9rie de photos pr\u00e9sentant une d\u00e9composition du mouvement. Vous ignorez ce qu&rsquo;est une passata di sotto, vous ne savez plus o\u00f9 se situent les lignes du dessus, du dessous, du dehors et du dedans, vous connaissez la sixte, la quarte et l&rsquo;octave, mais s\u00e9chez si l&rsquo;on vous dit de parer en prime ou en quinte, vous ne faites pas la diff\u00e9rence entre opposition, liement et enrobement, ce livre vous fournira toutes les r\u00e9ponses ! La derni\u00e8re partie du volume, tr\u00e8s originale, explique en d\u00e9tail le syst\u00e8me des blasons et montre comment est organis\u00e9e la hi\u00e9rarchie au sein de la f\u00e9d\u00e9ration. Quelques pages sont \u00e9galement consacr\u00e9e \u00e0 l&rsquo;escrime handisport et \u00e0 l&rsquo;escrime artistique. En somme, un excellent livre qui permettra aux d\u00e9butants de d\u00e9couvrir la richesse de notre sport et aux tireurs exp\u00e9riment\u00e9s de parfaire leur connaissance des gestes techniques qu&rsquo;ils ma\u00eetrisent s\u00fbrement d\u00e9j\u00e0 mais sans peut-\u00eatre savoir les nommer (en tant qu&rsquo;\u00e9p\u00e9iste, j&rsquo;ai fr\u00e9quent\u00e9 plusieurs clubs et le vocabulaire utilis\u00e9 entre escrimeurs et avec les ma\u00eetres d&rsquo;armes s&rsquo;y bornait souvent aux noms des d\u00e9placements, des trois parades de base de l&rsquo;\u00e9p\u00e9e et au mot fourre-tout \u00ab\u00a0prise de fer\u00a0\u00bb). Savoir nommer les actions aide \u00e0 les ex\u00e9cuter et \u00e0 analyser le d\u00e9roulement des assauts pour progresser !<\/em><\/p>\n\n\n\n<p style=\"text-align: justify\">Je m&rsquo;\u00e9tais montr\u00e9 un peu cruel en qualifiant les ouvrages sur l&rsquo;histoire de l&rsquo;escrime de \u00ab\u00a0bouquins bidons\u00a0\u00bb, mais je voulais dire par-l\u00e0 que les livres de ce genre sont d\u00e9j\u00e0 l\u00e9gion et qu&rsquo;il est donc peu int\u00e9ressant d&rsquo;en sortir de nouveaux. \u00c0 noter aussi que le design des <em>Fondamentaux de l&rsquo;Escrime<\/em> est tr\u00e8s moderne et que le livre est construit de mani\u00e8re innovante. Contrairement aux livres de cours classiques, il n&rsquo;y a pas une partie consacr\u00e9e au fleuret, suivie d&rsquo;une \u00e0 l&rsquo;\u00e9p\u00e9e, puis d&rsquo;une au sabre. Le vocabulaire et la plupart des gestes techniques de l&rsquo;escrime \u00e9tant communs aux trois armes, les r\u00e8gles de la convention en vigueur au fleuret et au sabre sont pr\u00e9sent\u00e9s s\u00e9par\u00e9ment, puis tout le reste (d\u00e9placements, parades, attaques, contre-attaques, prises de fer, etc\u2026) est expliqu\u00e9 d&rsquo;un seul tenant avec de nombreuses illustrations mettant en sc\u00e8ne tour \u00e0 tour des fleurettistes, des \u00e9p\u00e9istes ou des sabreurs.<\/p>\n\n\n\n<p style=\"text-align: justify\">Un <em>must-read<\/em> en conclusion, abordable pour les d\u00e9butants, mais que les tireurs ayant au moins un an ou deux d&rsquo;escrime derri\u00e8re eux sauront le mieux appr\u00e9cier.<\/p>\n","protected":false},"excerpt":{"rendered":"<p>Bonjour, aujourd&rsquo;hui je souhaite vous pr\u00e9senter ce qui est, je pense, le meilleur manuel d&rsquo;escrime actuel. Il s&rsquo;agit des Fondamentaux de l&rsquo;Escrime de Jo\u00ebl Capoani, ma\u00eetre d&rsquo;armes de la Garde R\u00e9publicaine, et Jean-Christophe Damaisin d&rsquo;Ar\u00e8s, sp\u00e9cialiste des sports de combat. Pour r\u00e9sumer ma pens\u00e9e au sujet de cet ouvrage, je vous invite \u00e0 lire ce [&hellip;]<\/p>\n","protected":false},"author":1,"featured_media":0,"parent":0,"menu_order":0,"comment_status":"open","ping_status":"closed","template":"","meta":{"_monsterinsights_skip_tracking":false,"_monsterinsights_sitenote_active":false,"_monsterinsights_sitenote_note":"","_monsterinsights_sitenote_category":0,"_uf_show_specific_survey":0,"_uf_disable_surveys":false,"ocean_post_layout":"","ocean_both_sidebars_style":"","ocean_both_sidebars_content_width":0,"ocean_both_sidebars_sidebars_width":0,"ocean_sidebar":"","ocean_second_sidebar":"","ocean_disable_margins":"enable","ocean_add_body_class":"","ocean_shortcode_before_top_bar":"","ocean_shortcode_after_top_bar":"","ocean_shortcode_before_header":"","ocean_shortcode_after_header":"","ocean_has_shortcode":"","ocean_shortcode_after_title":"","ocean_shortcode_before_footer_widgets":"","ocean_shortcode_after_footer_widgets":"","ocean_shortcode_before_footer_bottom":"","ocean_shortcode_after_footer_bottom":"","ocean_display_top_bar":"default","ocean_display_header":"default","ocean_header_style":"","ocean_center_header_left_menu":"","ocean_custom_header_template":"","ocean_custom_logo":0,"ocean_custom_retina_logo":0,"ocean_custom_logo_max_width":0,"ocean_custom_logo_tablet_max_width":0,"ocean_custom_logo_mobile_max_width":0,"ocean_custom_logo_max_height":0,"ocean_custom_logo_tablet_max_height":0,"ocean_custom_logo_mobile_max_height":0,"ocean_header_custom_menu":"","ocean_menu_typo_font_family":"","ocean_menu_typo_font_subset":"","ocean_menu_typo_font_size":0,"ocean_menu_typo_font_size_tablet":0,"ocean_menu_typo_font_size_mobile":0,"ocean_menu_typo_font_size_unit":"px","ocean_menu_typo_font_weight":"","ocean_menu_typo_font_weight_tablet":"","ocean_menu_typo_font_weight_mobile":"","ocean_menu_typo_transform":"","ocean_menu_typo_transform_tablet":"","ocean_menu_typo_transform_mobile":"","ocean_menu_typo_line_height":0,"ocean_menu_typo_line_height_tablet":0,"ocean_menu_typo_line_height_mobile":0,"ocean_menu_typo_line_height_unit":"","ocean_menu_typo_spacing":0,"ocean_menu_typo_spacing_tablet":0,"ocean_menu_typo_spacing_mobile":0,"ocean_menu_typo_spacing_unit":"","ocean_menu_link_color":"","ocean_menu_link_color_hover":"","ocean_menu_link_color_active":"","ocean_menu_link_background":"","ocean_menu_link_hover_background":"","ocean_menu_link_active_background":"","ocean_menu_social_links_bg":"","ocean_menu_social_hover_links_bg":"","ocean_menu_social_links_color":"","ocean_menu_social_hover_links_color":"","ocean_disable_title":"default","ocean_disable_heading":"default","ocean_post_title":"","ocean_post_subheading":"","ocean_post_title_style":"","ocean_post_title_background_color":"","ocean_post_title_background":0,"ocean_post_title_bg_image_position":"","ocean_post_title_bg_image_attachment":"","ocean_post_title_bg_image_repeat":"","ocean_post_title_bg_image_size":"","ocean_post_title_height":0,"ocean_post_title_bg_overlay":0.5,"ocean_post_title_bg_overlay_color":"","ocean_disable_breadcrumbs":"default","ocean_breadcrumbs_color":"","ocean_breadcrumbs_separator_color":"","ocean_breadcrumbs_links_color":"","ocean_breadcrumbs_links_hover_color":"","ocean_display_footer_widgets":"default","ocean_display_footer_bottom":"default","ocean_custom_footer_template":"","footnotes":""},"class_list":["post-1240","page","type-page","status-publish","hentry","entry"],"yoast_head":"<!-- This site is optimized with the Yoast SEO plugin v26.8 - https:\/\/yoast.com\/product\/yoast-seo-wordpress\/ -->\n<title>&quot;Les Fondamentaux de l&#039;Escrime&quot; de J. Capoani et J.-C. Damaisin d&#039;Ar\u00e8s - Des Clics et des Lettres<\/title>\n<meta name=\"robots\" content=\"index, follow, max-snippet:-1, max-image-preview:large, max-video-preview:-1\" \/>\n<link rel=\"canonical\" href=\"https:\/\/www.desclicsetdeslettres.fr\/index.php\/les-fondamentaux-de-lescrime-de-j-capoani-et-j-c-damaisin-dares\/\" \/>\n<meta property=\"og:locale\" content=\"fr_FR\" \/>\n<meta property=\"og:type\" content=\"article\" \/>\n<meta property=\"og:title\" content=\"&quot;Les Fondamentaux de l&#039;Escrime&quot; de J. Capoani et J.-C. Damaisin d&#039;Ar\u00e8s - Des Clics et des Lettres\" \/>\n<meta property=\"og:description\" content=\"Bonjour, aujourd&rsquo;hui je souhaite vous pr\u00e9senter ce qui est, je pense, le meilleur manuel d&rsquo;escrime actuel. Il s&rsquo;agit des Fondamentaux de l&rsquo;Escrime de Jo\u00ebl Capoani, ma\u00eetre d&rsquo;armes de la Garde R\u00e9publicaine, et Jean-Christophe Damaisin d&rsquo;Ar\u00e8s, sp\u00e9cialiste des sports de combat. Pour r\u00e9sumer ma pens\u00e9e au sujet de cet ouvrage, je vous invite \u00e0 lire ce [&hellip;]\" \/>\n<meta property=\"og:url\" content=\"https:\/\/www.desclicsetdeslettres.fr\/index.php\/les-fondamentaux-de-lescrime-de-j-capoani-et-j-c-damaisin-dares\/\" \/>\n<meta property=\"og:site_name\" content=\"Des Clics et des Lettres\" \/>\n<meta property=\"article:publisher\" content=\"https:\/\/www.facebook.com\/profile.php?id=61558453618650\" \/>\n<meta property=\"article:modified_time\" content=\"2024-05-11T20:43:52+00:00\" \/>\n<meta property=\"og:image\" content=\"http:\/\/www.desclicsetdeslettres.fr\/wp-content\/uploads\/2024\/05\/Les-FDLE-Cover-799x1024.jpg\" \/>\n<meta name=\"twitter:card\" content=\"summary_large_image\" \/>\n<meta name=\"twitter:site\" content=\"@DClicsDLettres\" \/>\n<meta name=\"twitter:label1\" content=\"Dur\u00e9e de lecture estim\u00e9e\" \/>\n\t<meta name=\"twitter:data1\" content=\"4 minutes\" \/>\n<script type=\"application\/ld+json\" class=\"yoast-schema-graph\">{\"@context\":\"https:\/\/schema.org\",\"@graph\":[{\"@type\":\"WebPage\",\"@id\":\"https:\/\/www.desclicsetdeslettres.fr\/index.php\/les-fondamentaux-de-lescrime-de-j-capoani-et-j-c-damaisin-dares\/\",\"url\":\"https:\/\/www.desclicsetdeslettres.fr\/index.php\/les-fondamentaux-de-lescrime-de-j-capoani-et-j-c-damaisin-dares\/\",\"name\":\"\\\"Les Fondamentaux de l'Escrime\\\" de J. Capoani et J.-C. Damaisin d'Ar\u00e8s - Des Clics et des Lettres\",\"isPartOf\":{\"@id\":\"https:\/\/www.desclicsetdeslettres.fr\/#website\"},\"primaryImageOfPage\":{\"@id\":\"https:\/\/www.desclicsetdeslettres.fr\/index.php\/les-fondamentaux-de-lescrime-de-j-capoani-et-j-c-damaisin-dares\/#primaryimage\"},\"image\":{\"@id\":\"https:\/\/www.desclicsetdeslettres.fr\/index.php\/les-fondamentaux-de-lescrime-de-j-capoani-et-j-c-damaisin-dares\/#primaryimage\"},\"thumbnailUrl\":\"http:\/\/www.desclicsetdeslettres.fr\/wp-content\/uploads\/2024\/05\/Les-FDLE-Cover-799x1024.jpg\",\"datePublished\":\"2024-05-11T20:43:51+00:00\",\"dateModified\":\"2024-05-11T20:43:52+00:00\",\"breadcrumb\":{\"@id\":\"https:\/\/www.desclicsetdeslettres.fr\/index.php\/les-fondamentaux-de-lescrime-de-j-capoani-et-j-c-damaisin-dares\/#breadcrumb\"},\"inLanguage\":\"fr-FR\",\"potentialAction\":[{\"@type\":\"ReadAction\",\"target\":[\"https:\/\/www.desclicsetdeslettres.fr\/index.php\/les-fondamentaux-de-lescrime-de-j-capoani-et-j-c-damaisin-dares\/\"]}]},{\"@type\":\"ImageObject\",\"inLanguage\":\"fr-FR\",\"@id\":\"https:\/\/www.desclicsetdeslettres.fr\/index.php\/les-fondamentaux-de-lescrime-de-j-capoani-et-j-c-damaisin-dares\/#primaryimage\",\"url\":\"https:\/\/www.desclicsetdeslettres.fr\/wp-content\/uploads\/2024\/05\/Les-FDLE-Cover.jpg\",\"contentUrl\":\"https:\/\/www.desclicsetdeslettres.fr\/wp-content\/uploads\/2024\/05\/Les-FDLE-Cover.jpg\",\"width\":1300,\"height\":1667},{\"@type\":\"BreadcrumbList\",\"@id\":\"https:\/\/www.desclicsetdeslettres.fr\/index.php\/les-fondamentaux-de-lescrime-de-j-capoani-et-j-c-damaisin-dares\/#breadcrumb\",\"itemListElement\":[{\"@type\":\"ListItem\",\"position\":1,\"name\":\"Accueil\",\"item\":\"https:\/\/www.desclicsetdeslettres.fr\/\"},{\"@type\":\"ListItem\",\"position\":2,\"name\":\"\u00ab\u00a0Les Fondamentaux de l&rsquo;Escrime\u00a0\u00bb de J. Capoani et J.-C. Damaisin d&rsquo;Ar\u00e8s\"}]},{\"@type\":\"WebSite\",\"@id\":\"https:\/\/www.desclicsetdeslettres.fr\/#website\",\"url\":\"https:\/\/www.desclicsetdeslettres.fr\/\",\"name\":\"Des Clics et des Lettres\",\"description\":\"JV ind\u00e9, curation et interviews !\",\"publisher\":{\"@id\":\"https:\/\/www.desclicsetdeslettres.fr\/#organization\"},\"alternateName\":\"Des Clics et des Lettres\",\"potentialAction\":[{\"@type\":\"SearchAction\",\"target\":{\"@type\":\"EntryPoint\",\"urlTemplate\":\"https:\/\/www.desclicsetdeslettres.fr\/?s={search_term_string}\"},\"query-input\":{\"@type\":\"PropertyValueSpecification\",\"valueRequired\":true,\"valueName\":\"search_term_string\"}}],\"inLanguage\":\"fr-FR\"},{\"@type\":\"Organization\",\"@id\":\"https:\/\/www.desclicsetdeslettres.fr\/#organization\",\"name\":\"Des Clics et des Lettres\",\"url\":\"https:\/\/www.desclicsetdeslettres.fr\/\",\"logo\":{\"@type\":\"ImageObject\",\"inLanguage\":\"fr-FR\",\"@id\":\"https:\/\/www.desclicsetdeslettres.fr\/#\/schema\/logo\/image\/\",\"url\":\"https:\/\/www.desclicsetdeslettres.fr\/wp-content\/uploads\/2024\/04\/Logo-Des-Clics-et-des-Lettres.png\",\"contentUrl\":\"https:\/\/www.desclicsetdeslettres.fr\/wp-content\/uploads\/2024\/04\/Logo-Des-Clics-et-des-Lettres.png\",\"width\":501,\"height\":501,\"caption\":\"Des Clics et des Lettres\"},\"image\":{\"@id\":\"https:\/\/www.desclicsetdeslettres.fr\/#\/schema\/logo\/image\/\"},\"sameAs\":[\"https:\/\/www.facebook.com\/profile.php?id=61558453618650\",\"https:\/\/x.com\/DClicsDLettres\"]}]}<\/script>\n<!-- \/ Yoast SEO plugin. -->","yoast_head_json":{"title":"\"Les Fondamentaux de l'Escrime\" de J. Capoani et J.-C. Damaisin d'Ar\u00e8s - Des Clics et des Lettres","robots":{"index":"index","follow":"follow","max-snippet":"max-snippet:-1","max-image-preview":"max-image-preview:large","max-video-preview":"max-video-preview:-1"},"canonical":"https:\/\/www.desclicsetdeslettres.fr\/index.php\/les-fondamentaux-de-lescrime-de-j-capoani-et-j-c-damaisin-dares\/","og_locale":"fr_FR","og_type":"article","og_title":"\"Les Fondamentaux de l'Escrime\" de J. Capoani et J.-C. Damaisin d'Ar\u00e8s - Des Clics et des Lettres","og_description":"Bonjour, aujourd&rsquo;hui je souhaite vous pr\u00e9senter ce qui est, je pense, le meilleur manuel d&rsquo;escrime actuel. Il s&rsquo;agit des Fondamentaux de l&rsquo;Escrime de Jo\u00ebl Capoani, ma\u00eetre d&rsquo;armes de la Garde R\u00e9publicaine, et Jean-Christophe Damaisin d&rsquo;Ar\u00e8s, sp\u00e9cialiste des sports de combat. Pour r\u00e9sumer ma pens\u00e9e au sujet de cet ouvrage, je vous invite \u00e0 lire ce [&hellip;]","og_url":"https:\/\/www.desclicsetdeslettres.fr\/index.php\/les-fondamentaux-de-lescrime-de-j-capoani-et-j-c-damaisin-dares\/","og_site_name":"Des Clics et des Lettres","article_publisher":"https:\/\/www.facebook.com\/profile.php?id=61558453618650","article_modified_time":"2024-05-11T20:43:52+00:00","og_image":[{"url":"http:\/\/www.desclicsetdeslettres.fr\/wp-content\/uploads\/2024\/05\/Les-FDLE-Cover-799x1024.jpg","type":"","width":"","height":""}],"twitter_card":"summary_large_image","twitter_site":"@DClicsDLettres","twitter_misc":{"Dur\u00e9e de lecture estim\u00e9e":"4 minutes"},"schema":{"@context":"https:\/\/schema.org","@graph":[{"@type":"WebPage","@id":"https:\/\/www.desclicsetdeslettres.fr\/index.php\/les-fondamentaux-de-lescrime-de-j-capoani-et-j-c-damaisin-dares\/","url":"https:\/\/www.desclicsetdeslettres.fr\/index.php\/les-fondamentaux-de-lescrime-de-j-capoani-et-j-c-damaisin-dares\/","name":"\"Les Fondamentaux de l'Escrime\" de J. Capoani et J.-C. Damaisin d'Ar\u00e8s - Des Clics et des Lettres","isPartOf":{"@id":"https:\/\/www.desclicsetdeslettres.fr\/#website"},"primaryImageOfPage":{"@id":"https:\/\/www.desclicsetdeslettres.fr\/index.php\/les-fondamentaux-de-lescrime-de-j-capoani-et-j-c-damaisin-dares\/#primaryimage"},"image":{"@id":"https:\/\/www.desclicsetdeslettres.fr\/index.php\/les-fondamentaux-de-lescrime-de-j-capoani-et-j-c-damaisin-dares\/#primaryimage"},"thumbnailUrl":"http:\/\/www.desclicsetdeslettres.fr\/wp-content\/uploads\/2024\/05\/Les-FDLE-Cover-799x1024.jpg","datePublished":"2024-05-11T20:43:51+00:00","dateModified":"2024-05-11T20:43:52+00:00","breadcrumb":{"@id":"https:\/\/www.desclicsetdeslettres.fr\/index.php\/les-fondamentaux-de-lescrime-de-j-capoani-et-j-c-damaisin-dares\/#breadcrumb"},"inLanguage":"fr-FR","potentialAction":[{"@type":"ReadAction","target":["https:\/\/www.desclicsetdeslettres.fr\/index.php\/les-fondamentaux-de-lescrime-de-j-capoani-et-j-c-damaisin-dares\/"]}]},{"@type":"ImageObject","inLanguage":"fr-FR","@id":"https:\/\/www.desclicsetdeslettres.fr\/index.php\/les-fondamentaux-de-lescrime-de-j-capoani-et-j-c-damaisin-dares\/#primaryimage","url":"https:\/\/www.desclicsetdeslettres.fr\/wp-content\/uploads\/2024\/05\/Les-FDLE-Cover.jpg","contentUrl":"https:\/\/www.desclicsetdeslettres.fr\/wp-content\/uploads\/2024\/05\/Les-FDLE-Cover.jpg","width":1300,"height":1667},{"@type":"BreadcrumbList","@id":"https:\/\/www.desclicsetdeslettres.fr\/index.php\/les-fondamentaux-de-lescrime-de-j-capoani-et-j-c-damaisin-dares\/#breadcrumb","itemListElement":[{"@type":"ListItem","position":1,"name":"Accueil","item":"https:\/\/www.desclicsetdeslettres.fr\/"},{"@type":"ListItem","position":2,"name":"\u00ab\u00a0Les Fondamentaux de l&rsquo;Escrime\u00a0\u00bb de J. Capoani et J.-C. Damaisin d&rsquo;Ar\u00e8s"}]},{"@type":"WebSite","@id":"https:\/\/www.desclicsetdeslettres.fr\/#website","url":"https:\/\/www.desclicsetdeslettres.fr\/","name":"Des Clics et des Lettres","description":"JV ind\u00e9, curation et interviews !","publisher":{"@id":"https:\/\/www.desclicsetdeslettres.fr\/#organization"},"alternateName":"Des Clics et des Lettres","potentialAction":[{"@type":"SearchAction","target":{"@type":"EntryPoint","urlTemplate":"https:\/\/www.desclicsetdeslettres.fr\/?s={search_term_string}"},"query-input":{"@type":"PropertyValueSpecification","valueRequired":true,"valueName":"search_term_string"}}],"inLanguage":"fr-FR"},{"@type":"Organization","@id":"https:\/\/www.desclicsetdeslettres.fr\/#organization","name":"Des Clics et des Lettres","url":"https:\/\/www.desclicsetdeslettres.fr\/","logo":{"@type":"ImageObject","inLanguage":"fr-FR","@id":"https:\/\/www.desclicsetdeslettres.fr\/#\/schema\/logo\/image\/","url":"https:\/\/www.desclicsetdeslettres.fr\/wp-content\/uploads\/2024\/04\/Logo-Des-Clics-et-des-Lettres.png","contentUrl":"https:\/\/www.desclicsetdeslettres.fr\/wp-content\/uploads\/2024\/04\/Logo-Des-Clics-et-des-Lettres.png","width":501,"height":501,"caption":"Des Clics et des Lettres"},"image":{"@id":"https:\/\/www.desclicsetdeslettres.fr\/#\/schema\/logo\/image\/"},"sameAs":["https:\/\/www.facebook.com\/profile.php?id=61558453618650","https:\/\/x.com\/DClicsDLettres"]}]}},"_links":{"self":[{"href":"https:\/\/www.desclicsetdeslettres.fr\/index.php\/wp-json\/wp\/v2\/pages\/1240","targetHints":{"allow":["GET"]}}],"collection":[{"href":"https:\/\/www.desclicsetdeslettres.fr\/index.php\/wp-json\/wp\/v2\/pages"}],"about":[{"href":"https:\/\/www.desclicsetdeslettres.fr\/index.php\/wp-json\/wp\/v2\/types\/page"}],"author":[{"embeddable":true,"href":"https:\/\/www.desclicsetdeslettres.fr\/index.php\/wp-json\/wp\/v2\/users\/1"}],"replies":[{"embeddable":true,"href":"https:\/\/www.desclicsetdeslettres.fr\/index.php\/wp-json\/wp\/v2\/comments?post=1240"}],"version-history":[{"count":1,"href":"https:\/\/www.desclicsetdeslettres.fr\/index.php\/wp-json\/wp\/v2\/pages\/1240\/revisions"}],"predecessor-version":[{"id":1241,"href":"https:\/\/www.desclicsetdeslettres.fr\/index.php\/wp-json\/wp\/v2\/pages\/1240\/revisions\/1241"}],"wp:attachment":[{"href":"https:\/\/www.desclicsetdeslettres.fr\/index.php\/wp-json\/wp\/v2\/media?parent=1240"}],"curies":[{"name":"wp","href":"https:\/\/api.w.org\/{rel}","templated":true}]}}