{"id":1261,"date":"2024-05-12T13:36:03","date_gmt":"2024-05-12T11:36:03","guid":{"rendered":"https:\/\/www.desclicsetdeslettres.fr\/?page_id=1261"},"modified":"2024-05-12T13:36:04","modified_gmt":"2024-05-12T11:36:04","slug":"lescrime-dans-la-peau-de-sergei-golubitsky","status":"publish","type":"page","link":"https:\/\/www.desclicsetdeslettres.fr\/index.php\/lescrime-dans-la-peau-de-sergei-golubitsky\/","title":{"rendered":"\u00ab\u00a0L&rsquo;escrime dans la peau\u00a0\u00bb de Sergei Golubitsky"},"content":{"rendered":"\n<p style=\"text-align: justify\">Bonjour et bienvenue sur mon nouveau blog (2012) consacr\u00e9 aux livres sur l&rsquo;escrime sportive !<\/p>\n\n\n\n<p style=\"text-align: justify\">\u00c9p\u00e9iste depuis dix ans et licenci\u00e9 au club de Triel-sur-Seine dans les Yvelines, je collectionne les ouvrages traitant de notre sport et me suis lanc\u00e9 il y a un an et demi dans la traduction de livres en anglais in\u00e9dits en France. Le premier sera publi\u00e9 prochainement et s&rsquo;intitule <em>L&rsquo;escrime dans la peau<\/em>. Il s&rsquo;agit de l&rsquo;autobiographie du fleurettiste ukrainien Sergei Golubitsky, triple champion du monde et quintuple vainqueur de la Coupe du monde de fleuret. Plong\u00e9e dans l&rsquo;esprit d&rsquo;un athl\u00e8te de haut niveau, le livre pr\u00e9sente en outre un int\u00e9r\u00eat historique, Sergei ayant fait ses premi\u00e8res armes dans les ann\u00e9es 80, au c\u0153ur du r\u00e9gime sovi\u00e9tique, machine \u00e0 forger des champions. Le livre sera pr\u00e9fac\u00e9 par le fleurettiste fran\u00e7ais Erwann Le Pechoux. Le texte fran\u00e7ais est pr\u00eat. Il ne reste que quelques d\u00e9tails \u00e0 finaliser. Voici la photographie qui appara\u00eetra probablement en couverture :<\/p>\n\n\n<div class=\"wp-block-image\">\n<figure class=\"aligncenter size-large is-resized\"><img fetchpriority=\"high\" decoding=\"async\" width=\"750\" height=\"1024\" src=\"http:\/\/www.desclicsetdeslettres.fr\/wp-content\/uploads\/2024\/05\/Lescrime-dans-la-peau-vieille-couv-750x1024.jpg\" alt=\"\" class=\"wp-image-1260\" style=\"width:500px\" srcset=\"https:\/\/www.desclicsetdeslettres.fr\/wp-content\/uploads\/2024\/05\/Lescrime-dans-la-peau-vieille-couv-750x1024.jpg 750w, https:\/\/www.desclicsetdeslettres.fr\/wp-content\/uploads\/2024\/05\/Lescrime-dans-la-peau-vieille-couv-220x300.jpg 220w, https:\/\/www.desclicsetdeslettres.fr\/wp-content\/uploads\/2024\/05\/Lescrime-dans-la-peau-vieille-couv-768x1049.jpg 768w, https:\/\/www.desclicsetdeslettres.fr\/wp-content\/uploads\/2024\/05\/Lescrime-dans-la-peau-vieille-couv-1124x1536.jpg 1124w, https:\/\/www.desclicsetdeslettres.fr\/wp-content\/uploads\/2024\/05\/Lescrime-dans-la-peau-vieille-couv-1499x2048.jpg 1499w, https:\/\/www.desclicsetdeslettres.fr\/wp-content\/uploads\/2024\/05\/Lescrime-dans-la-peau-vieille-couv.jpg 1650w\" sizes=\"(max-width: 750px) 100vw, 750px\" \/><\/figure>\n<\/div>\n\n\n<p style=\"text-align: justify\">Le livre devrait \u00eatre disponible sur Amazon.fr d&rsquo;ici deux ou trois mois.<\/p>\n\n\n\n<p style=\"text-align: justify\">\u00c0 bient\u00f4t pour de plus amples informations ! Bonne lecture et bon sport !<\/p>\n","protected":false},"excerpt":{"rendered":"<p>Bonjour et bienvenue sur mon nouveau blog (2012) consacr\u00e9 aux livres sur l&rsquo;escrime sportive ! \u00c9p\u00e9iste depuis dix ans et licenci\u00e9 au club de Triel-sur-Seine dans les Yvelines, je collectionne les ouvrages traitant de notre sport et me suis lanc\u00e9 il y a un an et demi dans la traduction de livres en anglais in\u00e9dits [&hellip;]<\/p>\n","protected":false},"author":1,"featured_media":0,"parent":0,"menu_order":0,"comment_status":"open","ping_status":"closed","template":"","meta":{"_monsterinsights_skip_tracking":false,"_monsterinsights_sitenote_active":false,"_monsterinsights_sitenote_note":"","_monsterinsights_sitenote_category":0,"_uf_show_specific_survey":0,"_uf_disable_surveys":false,"ocean_post_layout":"","ocean_both_sidebars_style":"","ocean_both_sidebars_content_width":0,"ocean_both_sidebars_sidebars_width":0,"ocean_sidebar":"","ocean_second_sidebar":"","ocean_disable_margins":"enable","ocean_add_body_class":"","ocean_shortcode_before_top_bar":"","ocean_shortcode_after_top_bar":"","ocean_shortcode_before_header":"","ocean_shortcode_after_header":"","ocean_has_shortcode":"","ocean_shortcode_after_title":"","ocean_shortcode_before_footer_widgets":"","ocean_shortcode_after_footer_widgets":"","ocean_shortcode_before_footer_bottom":"","ocean_shortcode_after_footer_bottom":"","ocean_display_top_bar":"default","ocean_display_header":"default","ocean_header_style":"","ocean_center_header_left_menu":"","ocean_custom_header_template":"","ocean_custom_logo":0,"ocean_custom_retina_logo":0,"ocean_custom_logo_max_width":0,"ocean_custom_logo_tablet_max_width":0,"ocean_custom_logo_mobile_max_width":0,"ocean_custom_logo_max_height":0,"ocean_custom_logo_tablet_max_height":0,"ocean_custom_logo_mobile_max_height":0,"ocean_header_custom_menu":"","ocean_menu_typo_font_family":"","ocean_menu_typo_font_subset":"","ocean_menu_typo_font_size":0,"ocean_menu_typo_font_size_tablet":0,"ocean_menu_typo_font_size_mobile":0,"ocean_menu_typo_font_size_unit":"px","ocean_menu_typo_font_weight":"","ocean_menu_typo_font_weight_tablet":"","ocean_menu_typo_font_weight_mobile":"","ocean_menu_typo_transform":"","ocean_menu_typo_transform_tablet":"","ocean_menu_typo_transform_mobile":"","ocean_menu_typo_line_height":0,"ocean_menu_typo_line_height_tablet":0,"ocean_menu_typo_line_height_mobile":0,"ocean_menu_typo_line_height_unit":"","ocean_menu_typo_spacing":0,"ocean_menu_typo_spacing_tablet":0,"ocean_menu_typo_spacing_mobile":0,"ocean_menu_typo_spacing_unit":"","ocean_menu_link_color":"","ocean_menu_link_color_hover":"","ocean_menu_link_color_active":"","ocean_menu_link_background":"","ocean_menu_link_hover_background":"","ocean_menu_link_active_background":"","ocean_menu_social_links_bg":"","ocean_menu_social_hover_links_bg":"","ocean_menu_social_links_color":"","ocean_menu_social_hover_links_color":"","ocean_disable_title":"default","ocean_disable_heading":"default","ocean_post_title":"","ocean_post_subheading":"","ocean_post_title_style":"","ocean_post_title_background_color":"","ocean_post_title_background":0,"ocean_post_title_bg_image_position":"","ocean_post_title_bg_image_attachment":"","ocean_post_title_bg_image_repeat":"","ocean_post_title_bg_image_size":"","ocean_post_title_height":0,"ocean_post_title_bg_overlay":0.5,"ocean_post_title_bg_overlay_color":"","ocean_disable_breadcrumbs":"default","ocean_breadcrumbs_color":"","ocean_breadcrumbs_separator_color":"","ocean_breadcrumbs_links_color":"","ocean_breadcrumbs_links_hover_color":"","ocean_display_footer_widgets":"default","ocean_display_footer_bottom":"default","ocean_custom_footer_template":"","footnotes":""},"class_list":["post-1261","page","type-page","status-publish","hentry","entry"],"yoast_head":"<!-- This site is optimized with the Yoast SEO plugin v26.8 - https:\/\/yoast.com\/product\/yoast-seo-wordpress\/ -->\n<title>&quot;L&#039;escrime dans la peau&quot; de Sergei Golubitsky - Des Clics et des Lettres<\/title>\n<meta name=\"robots\" content=\"index, follow, max-snippet:-1, max-image-preview:large, max-video-preview:-1\" \/>\n<link rel=\"canonical\" href=\"https:\/\/www.desclicsetdeslettres.fr\/index.php\/lescrime-dans-la-peau-de-sergei-golubitsky\/\" \/>\n<meta property=\"og:locale\" content=\"fr_FR\" \/>\n<meta property=\"og:type\" content=\"article\" \/>\n<meta property=\"og:title\" content=\"&quot;L&#039;escrime dans la peau&quot; de Sergei Golubitsky - Des Clics et des Lettres\" \/>\n<meta property=\"og:description\" content=\"Bonjour et bienvenue sur mon nouveau blog (2012) consacr\u00e9 aux livres sur l&rsquo;escrime sportive ! \u00c9p\u00e9iste depuis dix ans et licenci\u00e9 au club de Triel-sur-Seine dans les Yvelines, je collectionne les ouvrages traitant de notre sport et me suis lanc\u00e9 il y a un an et demi dans la traduction de livres en anglais in\u00e9dits [&hellip;]\" \/>\n<meta property=\"og:url\" content=\"https:\/\/www.desclicsetdeslettres.fr\/index.php\/lescrime-dans-la-peau-de-sergei-golubitsky\/\" \/>\n<meta property=\"og:site_name\" content=\"Des Clics et des Lettres\" \/>\n<meta property=\"article:publisher\" content=\"https:\/\/www.facebook.com\/profile.php?id=61558453618650\" \/>\n<meta property=\"article:modified_time\" content=\"2024-05-12T11:36:04+00:00\" \/>\n<meta property=\"og:image\" content=\"http:\/\/www.desclicsetdeslettres.fr\/wp-content\/uploads\/2024\/05\/Lescrime-dans-la-peau-vieille-couv-750x1024.jpg\" \/>\n<meta name=\"twitter:card\" content=\"summary_large_image\" \/>\n<meta name=\"twitter:site\" content=\"@DClicsDLettres\" \/>\n<meta name=\"twitter:label1\" content=\"Dur\u00e9e de lecture estim\u00e9e\" \/>\n\t<meta name=\"twitter:data1\" content=\"2 minutes\" \/>\n<script type=\"application\/ld+json\" class=\"yoast-schema-graph\">{\"@context\":\"https:\/\/schema.org\",\"@graph\":[{\"@type\":\"WebPage\",\"@id\":\"https:\/\/www.desclicsetdeslettres.fr\/index.php\/lescrime-dans-la-peau-de-sergei-golubitsky\/\",\"url\":\"https:\/\/www.desclicsetdeslettres.fr\/index.php\/lescrime-dans-la-peau-de-sergei-golubitsky\/\",\"name\":\"\\\"L'escrime dans la peau\\\" de Sergei Golubitsky - Des Clics et des Lettres\",\"isPartOf\":{\"@id\":\"https:\/\/www.desclicsetdeslettres.fr\/#website\"},\"primaryImageOfPage\":{\"@id\":\"https:\/\/www.desclicsetdeslettres.fr\/index.php\/lescrime-dans-la-peau-de-sergei-golubitsky\/#primaryimage\"},\"image\":{\"@id\":\"https:\/\/www.desclicsetdeslettres.fr\/index.php\/lescrime-dans-la-peau-de-sergei-golubitsky\/#primaryimage\"},\"thumbnailUrl\":\"http:\/\/www.desclicsetdeslettres.fr\/wp-content\/uploads\/2024\/05\/Lescrime-dans-la-peau-vieille-couv-750x1024.jpg\",\"datePublished\":\"2024-05-12T11:36:03+00:00\",\"dateModified\":\"2024-05-12T11:36:04+00:00\",\"breadcrumb\":{\"@id\":\"https:\/\/www.desclicsetdeslettres.fr\/index.php\/lescrime-dans-la-peau-de-sergei-golubitsky\/#breadcrumb\"},\"inLanguage\":\"fr-FR\",\"potentialAction\":[{\"@type\":\"ReadAction\",\"target\":[\"https:\/\/www.desclicsetdeslettres.fr\/index.php\/lescrime-dans-la-peau-de-sergei-golubitsky\/\"]}]},{\"@type\":\"ImageObject\",\"inLanguage\":\"fr-FR\",\"@id\":\"https:\/\/www.desclicsetdeslettres.fr\/index.php\/lescrime-dans-la-peau-de-sergei-golubitsky\/#primaryimage\",\"url\":\"https:\/\/www.desclicsetdeslettres.fr\/wp-content\/uploads\/2024\/05\/Lescrime-dans-la-peau-vieille-couv.jpg\",\"contentUrl\":\"https:\/\/www.desclicsetdeslettres.fr\/wp-content\/uploads\/2024\/05\/Lescrime-dans-la-peau-vieille-couv.jpg\",\"width\":1650,\"height\":2254},{\"@type\":\"BreadcrumbList\",\"@id\":\"https:\/\/www.desclicsetdeslettres.fr\/index.php\/lescrime-dans-la-peau-de-sergei-golubitsky\/#breadcrumb\",\"itemListElement\":[{\"@type\":\"ListItem\",\"position\":1,\"name\":\"Accueil\",\"item\":\"https:\/\/www.desclicsetdeslettres.fr\/\"},{\"@type\":\"ListItem\",\"position\":2,\"name\":\"\u00ab\u00a0L&rsquo;escrime dans la peau\u00a0\u00bb de Sergei Golubitsky\"}]},{\"@type\":\"WebSite\",\"@id\":\"https:\/\/www.desclicsetdeslettres.fr\/#website\",\"url\":\"https:\/\/www.desclicsetdeslettres.fr\/\",\"name\":\"Des Clics et des Lettres\",\"description\":\"JV ind\u00e9, curation et interviews !\",\"publisher\":{\"@id\":\"https:\/\/www.desclicsetdeslettres.fr\/#organization\"},\"alternateName\":\"Des Clics et des Lettres\",\"potentialAction\":[{\"@type\":\"SearchAction\",\"target\":{\"@type\":\"EntryPoint\",\"urlTemplate\":\"https:\/\/www.desclicsetdeslettres.fr\/?s={search_term_string}\"},\"query-input\":{\"@type\":\"PropertyValueSpecification\",\"valueRequired\":true,\"valueName\":\"search_term_string\"}}],\"inLanguage\":\"fr-FR\"},{\"@type\":\"Organization\",\"@id\":\"https:\/\/www.desclicsetdeslettres.fr\/#organization\",\"name\":\"Des Clics et des Lettres\",\"url\":\"https:\/\/www.desclicsetdeslettres.fr\/\",\"logo\":{\"@type\":\"ImageObject\",\"inLanguage\":\"fr-FR\",\"@id\":\"https:\/\/www.desclicsetdeslettres.fr\/#\/schema\/logo\/image\/\",\"url\":\"https:\/\/www.desclicsetdeslettres.fr\/wp-content\/uploads\/2024\/04\/Logo-Des-Clics-et-des-Lettres.png\",\"contentUrl\":\"https:\/\/www.desclicsetdeslettres.fr\/wp-content\/uploads\/2024\/04\/Logo-Des-Clics-et-des-Lettres.png\",\"width\":501,\"height\":501,\"caption\":\"Des Clics et des Lettres\"},\"image\":{\"@id\":\"https:\/\/www.desclicsetdeslettres.fr\/#\/schema\/logo\/image\/\"},\"sameAs\":[\"https:\/\/www.facebook.com\/profile.php?id=61558453618650\",\"https:\/\/x.com\/DClicsDLettres\"]}]}<\/script>\n<!-- \/ Yoast SEO plugin. -->","yoast_head_json":{"title":"\"L'escrime dans la peau\" de Sergei Golubitsky - Des Clics et des Lettres","robots":{"index":"index","follow":"follow","max-snippet":"max-snippet:-1","max-image-preview":"max-image-preview:large","max-video-preview":"max-video-preview:-1"},"canonical":"https:\/\/www.desclicsetdeslettres.fr\/index.php\/lescrime-dans-la-peau-de-sergei-golubitsky\/","og_locale":"fr_FR","og_type":"article","og_title":"\"L'escrime dans la peau\" de Sergei Golubitsky - Des Clics et des Lettres","og_description":"Bonjour et bienvenue sur mon nouveau blog (2012) consacr\u00e9 aux livres sur l&rsquo;escrime sportive ! \u00c9p\u00e9iste depuis dix ans et licenci\u00e9 au club de Triel-sur-Seine dans les Yvelines, je collectionne les ouvrages traitant de notre sport et me suis lanc\u00e9 il y a un an et demi dans la traduction de livres en anglais in\u00e9dits [&hellip;]","og_url":"https:\/\/www.desclicsetdeslettres.fr\/index.php\/lescrime-dans-la-peau-de-sergei-golubitsky\/","og_site_name":"Des Clics et des Lettres","article_publisher":"https:\/\/www.facebook.com\/profile.php?id=61558453618650","article_modified_time":"2024-05-12T11:36:04+00:00","og_image":[{"url":"http:\/\/www.desclicsetdeslettres.fr\/wp-content\/uploads\/2024\/05\/Lescrime-dans-la-peau-vieille-couv-750x1024.jpg","type":"","width":"","height":""}],"twitter_card":"summary_large_image","twitter_site":"@DClicsDLettres","twitter_misc":{"Dur\u00e9e de lecture estim\u00e9e":"2 minutes"},"schema":{"@context":"https:\/\/schema.org","@graph":[{"@type":"WebPage","@id":"https:\/\/www.desclicsetdeslettres.fr\/index.php\/lescrime-dans-la-peau-de-sergei-golubitsky\/","url":"https:\/\/www.desclicsetdeslettres.fr\/index.php\/lescrime-dans-la-peau-de-sergei-golubitsky\/","name":"\"L'escrime dans la peau\" de Sergei Golubitsky - Des Clics et des Lettres","isPartOf":{"@id":"https:\/\/www.desclicsetdeslettres.fr\/#website"},"primaryImageOfPage":{"@id":"https:\/\/www.desclicsetdeslettres.fr\/index.php\/lescrime-dans-la-peau-de-sergei-golubitsky\/#primaryimage"},"image":{"@id":"https:\/\/www.desclicsetdeslettres.fr\/index.php\/lescrime-dans-la-peau-de-sergei-golubitsky\/#primaryimage"},"thumbnailUrl":"http:\/\/www.desclicsetdeslettres.fr\/wp-content\/uploads\/2024\/05\/Lescrime-dans-la-peau-vieille-couv-750x1024.jpg","datePublished":"2024-05-12T11:36:03+00:00","dateModified":"2024-05-12T11:36:04+00:00","breadcrumb":{"@id":"https:\/\/www.desclicsetdeslettres.fr\/index.php\/lescrime-dans-la-peau-de-sergei-golubitsky\/#breadcrumb"},"inLanguage":"fr-FR","potentialAction":[{"@type":"ReadAction","target":["https:\/\/www.desclicsetdeslettres.fr\/index.php\/lescrime-dans-la-peau-de-sergei-golubitsky\/"]}]},{"@type":"ImageObject","inLanguage":"fr-FR","@id":"https:\/\/www.desclicsetdeslettres.fr\/index.php\/lescrime-dans-la-peau-de-sergei-golubitsky\/#primaryimage","url":"https:\/\/www.desclicsetdeslettres.fr\/wp-content\/uploads\/2024\/05\/Lescrime-dans-la-peau-vieille-couv.jpg","contentUrl":"https:\/\/www.desclicsetdeslettres.fr\/wp-content\/uploads\/2024\/05\/Lescrime-dans-la-peau-vieille-couv.jpg","width":1650,"height":2254},{"@type":"BreadcrumbList","@id":"https:\/\/www.desclicsetdeslettres.fr\/index.php\/lescrime-dans-la-peau-de-sergei-golubitsky\/#breadcrumb","itemListElement":[{"@type":"ListItem","position":1,"name":"Accueil","item":"https:\/\/www.desclicsetdeslettres.fr\/"},{"@type":"ListItem","position":2,"name":"\u00ab\u00a0L&rsquo;escrime dans la peau\u00a0\u00bb de Sergei Golubitsky"}]},{"@type":"WebSite","@id":"https:\/\/www.desclicsetdeslettres.fr\/#website","url":"https:\/\/www.desclicsetdeslettres.fr\/","name":"Des Clics et des Lettres","description":"JV ind\u00e9, curation et interviews !","publisher":{"@id":"https:\/\/www.desclicsetdeslettres.fr\/#organization"},"alternateName":"Des Clics et des Lettres","potentialAction":[{"@type":"SearchAction","target":{"@type":"EntryPoint","urlTemplate":"https:\/\/www.desclicsetdeslettres.fr\/?s={search_term_string}"},"query-input":{"@type":"PropertyValueSpecification","valueRequired":true,"valueName":"search_term_string"}}],"inLanguage":"fr-FR"},{"@type":"Organization","@id":"https:\/\/www.desclicsetdeslettres.fr\/#organization","name":"Des Clics et des Lettres","url":"https:\/\/www.desclicsetdeslettres.fr\/","logo":{"@type":"ImageObject","inLanguage":"fr-FR","@id":"https:\/\/www.desclicsetdeslettres.fr\/#\/schema\/logo\/image\/","url":"https:\/\/www.desclicsetdeslettres.fr\/wp-content\/uploads\/2024\/04\/Logo-Des-Clics-et-des-Lettres.png","contentUrl":"https:\/\/www.desclicsetdeslettres.fr\/wp-content\/uploads\/2024\/04\/Logo-Des-Clics-et-des-Lettres.png","width":501,"height":501,"caption":"Des Clics et des Lettres"},"image":{"@id":"https:\/\/www.desclicsetdeslettres.fr\/#\/schema\/logo\/image\/"},"sameAs":["https:\/\/www.facebook.com\/profile.php?id=61558453618650","https:\/\/x.com\/DClicsDLettres"]}]}},"_links":{"self":[{"href":"https:\/\/www.desclicsetdeslettres.fr\/index.php\/wp-json\/wp\/v2\/pages\/1261","targetHints":{"allow":["GET"]}}],"collection":[{"href":"https:\/\/www.desclicsetdeslettres.fr\/index.php\/wp-json\/wp\/v2\/pages"}],"about":[{"href":"https:\/\/www.desclicsetdeslettres.fr\/index.php\/wp-json\/wp\/v2\/types\/page"}],"author":[{"embeddable":true,"href":"https:\/\/www.desclicsetdeslettres.fr\/index.php\/wp-json\/wp\/v2\/users\/1"}],"replies":[{"embeddable":true,"href":"https:\/\/www.desclicsetdeslettres.fr\/index.php\/wp-json\/wp\/v2\/comments?post=1261"}],"version-history":[{"count":1,"href":"https:\/\/www.desclicsetdeslettres.fr\/index.php\/wp-json\/wp\/v2\/pages\/1261\/revisions"}],"predecessor-version":[{"id":1262,"href":"https:\/\/www.desclicsetdeslettres.fr\/index.php\/wp-json\/wp\/v2\/pages\/1261\/revisions\/1262"}],"wp:attachment":[{"href":"https:\/\/www.desclicsetdeslettres.fr\/index.php\/wp-json\/wp\/v2\/media?parent=1261"}],"curies":[{"name":"wp","href":"https:\/\/api.w.org\/{rel}","templated":true}]}}