{"id":3694,"date":"2025-08-20T00:37:23","date_gmt":"2025-08-19T22:37:23","guid":{"rendered":"https:\/\/www.desclicsetdeslettres.fr\/?page_id=3694"},"modified":"2025-08-20T01:25:22","modified_gmt":"2025-08-19T23:25:22","slug":"jeux-indes","status":"publish","type":"page","link":"https:\/\/www.desclicsetdeslettres.fr\/index.php\/jeux-indes\/","title":{"rendered":"Jeux Ind\u00e9s"},"content":{"rendered":"\n<p class=\"justifier\">Bonjour ! Sur <strong>Des Clics &amp; des Lettres<\/strong>, vous trouverez r\u00e9guli\u00e8rement des chroniques sur les jeux vid\u00e9o ind\u00e9pendants m&rsquo;ayant marqu\u00e9. Il peut s&rsquo;agir de titres tr\u00e8s r\u00e9cents ou d&rsquo;\u0153uvres beaucoup plus anciennes. Je ne pr\u00e9sente ici que des jeux que j&rsquo;estime \u00eatre de grande qualit\u00e9. Inutile donc de leur attribuer une note. Mon but est de mettre en avant les travaux r\u00e9alis\u00e9s par de petites \u00e9quipes de d\u00e9veloppement. Voici la liste ant\u00e9chronologique des articles :<\/p>\n\n\n\n<p class=\"has-text-align-center\"><em><a href=\"https:\/\/www.desclicsetdeslettres.fr\/index.php\/wordatro\/\" target=\"_blank\" rel=\"noreferrer noopener\">Wordatro!<\/a><\/em> (16 ao\u00fbt 2025)<\/p>\n\n\n\n<p class=\"has-text-align-center\"><em><a href=\"https:\/\/www.desclicsetdeslettres.fr\/index.php\/nautical-survival\/\" target=\"_blank\" rel=\"noreferrer noopener\">Nautical Survival<\/a><\/em> (21 avril 2025)<\/p>\n\n\n\n<p class=\"has-text-align-center\"><em><a href=\"https:\/\/www.desclicsetdeslettres.fr\/index.php\/fallacy-quiz-et-interview-de-tim-krief\/\" target=\"_blank\" rel=\"noreferrer noopener\">Fallacy Quiz<\/a><\/em> (5 avril 2025)<\/p>\n\n\n\n<p class=\"has-text-align-center\"><em><a href=\"https:\/\/www.desclicsetdeslettres.fr\/index.php\/cabernet\/\" target=\"_blank\" rel=\"noreferrer noopener\">Cabernet<\/a><\/em> (15 mars 2025)<\/p>\n\n\n\n<p class=\"has-text-align-center\"><em><a href=\"https:\/\/www.desclicsetdeslettres.fr\/index.php\/dawnfolk\/\" target=\"_blank\" rel=\"noreferrer noopener\">Dawnfolk<\/a><\/em> (16 f\u00e9vrier 2025)<\/p>\n\n\n\n<p class=\"has-text-align-center\"><a href=\"https:\/\/www.desclicsetdeslettres.fr\/index.php\/the-exit-8-et-platform-8\/\" target=\"_blank\" rel=\"noreferrer noopener\"><em>The Exit 8<\/em> et <em>Platform 8<\/em><\/a> (10 f\u00e9vrier 2025)<\/p>\n\n\n\n<p class=\"has-text-align-center\"><em><a href=\"https:\/\/www.desclicsetdeslettres.fr\/index.php\/europa\/\" target=\"_blank\" rel=\"noreferrer noopener\">Europa<\/a><\/em> (26 janvier 2025)<\/p>\n\n\n\n<p class=\"has-text-align-center\"><em><a href=\"https:\/\/www.desclicsetdeslettres.fr\/index.php\/the-tome-of-all-tales\/\" target=\"_blank\" rel=\"noreferrer noopener\">The Tome of all Tales<\/a><\/em> (10 janvier 2025)<\/p>\n\n\n\n<p class=\"has-text-align-center\"><em><a href=\"https:\/\/www.desclicsetdeslettres.fr\/index.php\/botany-manor\/\" target=\"_blank\" rel=\"noreferrer noopener\">Botany Manor<\/a><\/em> (30 d\u00e9cembre 2024)<\/p>\n\n\n\n<p class=\"has-text-align-center\"><em><a href=\"https:\/\/www.desclicsetdeslettres.fr\/index.php\/lok-digital\/\" target=\"_blank\" rel=\"noreferrer noopener\">LOK Digital<\/a><\/em> (22 d\u00e9cembre 2024)<\/p>\n\n\n\n<p class=\"has-text-align-center\"><em><a href=\"https:\/\/www.desclicsetdeslettres.fr\/index.php\/minami-lane\/\" target=\"_blank\" rel=\"noreferrer noopener\">Minami Lane<\/a><\/em> (5 d\u00e9cembre 2024)<\/p>\n\n\n\n<p class=\"has-text-align-center\"><em><a href=\"https:\/\/www.desclicsetdeslettres.fr\/index.php\/the-spirit-and-the-mouse\/\" target=\"_blank\" rel=\"noreferrer noopener\">The Spirit and the Mouse<\/a><\/em> (17 novembre 2024)<\/p>\n\n\n\n<p class=\"has-text-align-center\"><em><a href=\"https:\/\/www.desclicsetdeslettres.fr\/index.php\/thronefall\/\" target=\"_blank\" rel=\"noreferrer noopener\">Thronefall<\/a><\/em> (10 novembre 2024)<\/p>\n\n\n\n<p class=\"has-text-align-center\"><a href=\"https:\/\/www.desclicsetdeslettres.fr\/index.php\/loeuvre-de-kyle-thompson\/\" target=\"_blank\" rel=\"noreferrer noopener\">L&rsquo;\u0153uvre de Kyle Thompson<\/a> (<em>Sheepo<\/em>, <em>Islets<\/em> et <em>Crypt Custodian<\/em>) (17 octobre 2024)<\/p>\n\n\n\n<p class=\"has-text-align-center\"><em><a href=\"https:\/\/www.desclicsetdeslettres.fr\/index.php\/slay-the-princess\/\" target=\"_blank\" rel=\"noreferrer noopener\">Slay the Princess<\/a><\/em> (3 ao\u00fbt 2024)<\/p>\n\n\n\n<p class=\"has-text-align-center\"><em><a href=\"https:\/\/www.desclicsetdeslettres.fr\/index.php\/the-operator\/\" target=\"_blank\" rel=\"noreferrer noopener\">The Operator<\/a><\/em> (29 juillet 2024)<\/p>\n\n\n\n<p class=\"has-text-align-center\"><em><a href=\"https:\/\/www.desclicsetdeslettres.fr\/index.php\/an-english-haunting\/\" target=\"_blank\" rel=\"noreferrer noopener\">An English Haunting<\/a><\/em> (24 juillet 2024)<\/p>\n\n\n\n<p class=\"has-text-align-center\"><em><a href=\"https:\/\/www.desclicsetdeslettres.fr\/index.php\/animal-well\/\" target=\"_blank\" rel=\"noreferrer noopener\">ANIMAL WELL<\/a><\/em> (12 juillet 2024)<\/p>\n\n\n\n<p class=\"has-text-align-center\"><em><a href=\"https:\/\/www.desclicsetdeslettres.fr\/index.php\/another-crab-s-treasure\/\" target=\"_blank\" rel=\"noreferrer noopener\">Another Crab&rsquo;s Treasure<\/a><\/em> (6 juillet 2024)<\/p>\n\n\n\n<p class=\"has-text-align-center\"><em><a href=\"https:\/\/www.desclicsetdeslettres.fr\/index.php\/duck-detective-the-secret-salami\/\" target=\"_blank\" rel=\"noreferrer noopener\">Duck Detective: The Secret Salami<\/a><\/em> (29 juin 2024)<\/p>\n\n\n\n<p class=\"has-text-align-center\"><em><a href=\"https:\/\/www.desclicsetdeslettres.fr\/index.php\/cryptmaster\/\" target=\"_blank\" rel=\"noreferrer noopener\">Cryptmaster<\/a><\/em> (21 juin 2024)<\/p>\n\n\n\n<p class=\"has-text-align-center\"><em><a href=\"https:\/\/www.desclicsetdeslettres.fr\/index.php\/arise-a-simple-story\/\" target=\"_blank\" rel=\"noreferrer noopener\">Arise: A Simple Story<\/a><\/em> (14 juin 2024)<\/p>\n\n\n\n<p class=\"has-text-align-center\"><em><a href=\"https:\/\/www.desclicsetdeslettres.fr\/index.php\/children-of-the-sun\/\" target=\"_blank\" rel=\"noreferrer noopener\">Children of the Sun<\/a><\/em> (9 juin 2024)<\/p>\n\n\n\n<p class=\"has-text-align-center\"><a href=\"https:\/\/www.desclicsetdeslettres.fr\/index.php\/octavi-navarro\/\" target=\"_blank\" rel=\"noreferrer noopener\">L&rsquo;\u0153uvre d&rsquo;Octavi Navarro<\/a> (jeux d&rsquo;aventures horrifiques) (5 juin 2024)<\/p>\n\n\n\n<p class=\"has-text-align-center\"><em><a href=\"https:\/\/www.desclicsetdeslettres.fr\/index.php\/buckshot-roulette\/\" target=\"_blank\" rel=\"noreferrer noopener\">Buckshot Roulette<\/a><\/em> (20 mai 2024)<\/p>\n\n\n\n<p class=\"has-text-align-center\"><em><a href=\"https:\/\/www.desclicsetdeslettres.fr\/index.php\/minishoot-adventures\/\" target=\"_blank\" rel=\"noreferrer noopener\">Minishoot&rsquo; Adventures<\/a><\/em> (16 mai 2024)<\/p>\n\n\n\n<p class=\"has-text-align-center\"><em><a href=\"https:\/\/www.desclicsetdeslettres.fr\/index.php\/maries-room\/\" target=\"_blank\" rel=\"noreferrer noopener\">Marie&rsquo;s Room<\/a><\/em> (5 mai 2024)<\/p>\n\n\n\n<p class=\"has-text-align-center\"><em><a href=\"https:\/\/www.desclicsetdeslettres.fr\/index.php\/sheepy-a-short-adventure\/\" target=\"_blank\" rel=\"noreferrer noopener\">Sheepy: A Short Adventure<\/a><\/em> (1er mai 2024)<\/p>\n\n\n\n<p class=\"has-text-align-center\"><\/p>\n","protected":false},"excerpt":{"rendered":"<p>Bonjour ! Sur Des Clics &amp; des Lettres, vous trouverez r\u00e9guli\u00e8rement des chroniques sur les jeux vid\u00e9o ind\u00e9pendants m&rsquo;ayant marqu\u00e9. Il peut s&rsquo;agir de titres tr\u00e8s r\u00e9cents ou d&rsquo;\u0153uvres beaucoup plus anciennes. Je ne pr\u00e9sente ici que des jeux que j&rsquo;estime \u00eatre de grande qualit\u00e9. Inutile donc de leur attribuer une note. Mon but est [&hellip;]<\/p>\n","protected":false},"author":1,"featured_media":0,"parent":0,"menu_order":0,"comment_status":"closed","ping_status":"closed","template":"","meta":{"_monsterinsights_skip_tracking":false,"_monsterinsights_sitenote_active":false,"_monsterinsights_sitenote_note":"","_monsterinsights_sitenote_category":0,"_uf_show_specific_survey":0,"_uf_disable_surveys":false,"ocean_post_layout":"","ocean_both_sidebars_style":"","ocean_both_sidebars_content_width":0,"ocean_both_sidebars_sidebars_width":0,"ocean_sidebar":"","ocean_second_sidebar":"","ocean_disable_margins":"enable","ocean_add_body_class":"","ocean_shortcode_before_top_bar":"","ocean_shortcode_after_top_bar":"","ocean_shortcode_before_header":"","ocean_shortcode_after_header":"","ocean_has_shortcode":"","ocean_shortcode_after_title":"","ocean_shortcode_before_footer_widgets":"","ocean_shortcode_after_footer_widgets":"","ocean_shortcode_before_footer_bottom":"","ocean_shortcode_after_footer_bottom":"","ocean_display_top_bar":"default","ocean_display_header":"default","ocean_header_style":"","ocean_center_header_left_menu":"","ocean_custom_header_template":"","ocean_custom_logo":0,"ocean_custom_retina_logo":0,"ocean_custom_logo_max_width":0,"ocean_custom_logo_tablet_max_width":0,"ocean_custom_logo_mobile_max_width":0,"ocean_custom_logo_max_height":0,"ocean_custom_logo_tablet_max_height":0,"ocean_custom_logo_mobile_max_height":0,"ocean_header_custom_menu":"","ocean_menu_typo_font_family":"","ocean_menu_typo_font_subset":"","ocean_menu_typo_font_size":0,"ocean_menu_typo_font_size_tablet":0,"ocean_menu_typo_font_size_mobile":0,"ocean_menu_typo_font_size_unit":"px","ocean_menu_typo_font_weight":"","ocean_menu_typo_font_weight_tablet":"","ocean_menu_typo_font_weight_mobile":"","ocean_menu_typo_transform":"","ocean_menu_typo_transform_tablet":"","ocean_menu_typo_transform_mobile":"","ocean_menu_typo_line_height":0,"ocean_menu_typo_line_height_tablet":0,"ocean_menu_typo_line_height_mobile":0,"ocean_menu_typo_line_height_unit":"","ocean_menu_typo_spacing":0,"ocean_menu_typo_spacing_tablet":0,"ocean_menu_typo_spacing_mobile":0,"ocean_menu_typo_spacing_unit":"","ocean_menu_link_color":"","ocean_menu_link_color_hover":"","ocean_menu_link_color_active":"","ocean_menu_link_background":"","ocean_menu_link_hover_background":"","ocean_menu_link_active_background":"","ocean_menu_social_links_bg":"","ocean_menu_social_hover_links_bg":"","ocean_menu_social_links_color":"","ocean_menu_social_hover_links_color":"","ocean_disable_title":"default","ocean_disable_heading":"default","ocean_post_title":"","ocean_post_subheading":"","ocean_post_title_style":"","ocean_post_title_background_color":"","ocean_post_title_background":0,"ocean_post_title_bg_image_position":"","ocean_post_title_bg_image_attachment":"","ocean_post_title_bg_image_repeat":"","ocean_post_title_bg_image_size":"","ocean_post_title_height":0,"ocean_post_title_bg_overlay":0.5,"ocean_post_title_bg_overlay_color":"","ocean_disable_breadcrumbs":"default","ocean_breadcrumbs_color":"","ocean_breadcrumbs_separator_color":"","ocean_breadcrumbs_links_color":"","ocean_breadcrumbs_links_hover_color":"","ocean_display_footer_widgets":"default","ocean_display_footer_bottom":"default","ocean_custom_footer_template":"","footnotes":""},"class_list":["post-3694","page","type-page","status-publish","hentry","entry"],"yoast_head":"<!-- This site is optimized with the Yoast SEO plugin v26.8 - https:\/\/yoast.com\/product\/yoast-seo-wordpress\/ -->\n<title>Jeux Ind\u00e9s - Des Clics et des Lettres<\/title>\n<meta name=\"description\" content=\"Sur Des Clics &amp; des Lettres, vous trouverez r\u00e9guli\u00e8rement des chroniques sur les jeux vid\u00e9o ind\u00e9pendants et des interviews de d\u00e9veloppeurs.\" \/>\n<meta name=\"robots\" content=\"index, follow, max-snippet:-1, max-image-preview:large, max-video-preview:-1\" \/>\n<link rel=\"canonical\" href=\"https:\/\/www.desclicsetdeslettres.fr\/index.php\/jeux-indes\/\" \/>\n<meta property=\"og:locale\" content=\"fr_FR\" \/>\n<meta property=\"og:type\" content=\"article\" \/>\n<meta property=\"og:title\" content=\"Jeux Ind\u00e9s - Des Clics et des Lettres\" \/>\n<meta property=\"og:description\" content=\"Sur Des Clics &amp; des Lettres, vous trouverez r\u00e9guli\u00e8rement des chroniques sur les jeux vid\u00e9o ind\u00e9pendants et des interviews de d\u00e9veloppeurs.\" \/>\n<meta property=\"og:url\" content=\"https:\/\/www.desclicsetdeslettres.fr\/index.php\/jeux-indes\/\" \/>\n<meta property=\"og:site_name\" content=\"Des Clics et des Lettres\" \/>\n<meta property=\"article:publisher\" content=\"https:\/\/www.facebook.com\/profile.php?id=61558453618650\" \/>\n<meta property=\"article:modified_time\" content=\"2025-08-19T23:25:22+00:00\" \/>\n<meta name=\"twitter:card\" content=\"summary_large_image\" \/>\n<meta name=\"twitter:site\" content=\"@DClicsDLettres\" \/>\n<meta name=\"twitter:label1\" content=\"Dur\u00e9e de lecture estim\u00e9e\" \/>\n\t<meta name=\"twitter:data1\" content=\"2 minutes\" \/>\n<script type=\"application\/ld+json\" class=\"yoast-schema-graph\">{\"@context\":\"https:\/\/schema.org\",\"@graph\":[{\"@type\":\"WebPage\",\"@id\":\"https:\/\/www.desclicsetdeslettres.fr\/index.php\/jeux-indes\/\",\"url\":\"https:\/\/www.desclicsetdeslettres.fr\/index.php\/jeux-indes\/\",\"name\":\"Jeux Ind\u00e9s - Des Clics et des Lettres\",\"isPartOf\":{\"@id\":\"https:\/\/www.desclicsetdeslettres.fr\/#website\"},\"datePublished\":\"2025-08-19T22:37:23+00:00\",\"dateModified\":\"2025-08-19T23:25:22+00:00\",\"description\":\"Sur Des Clics & des Lettres, vous trouverez r\u00e9guli\u00e8rement des chroniques sur les jeux vid\u00e9o ind\u00e9pendants et des interviews de d\u00e9veloppeurs.\",\"breadcrumb\":{\"@id\":\"https:\/\/www.desclicsetdeslettres.fr\/index.php\/jeux-indes\/#breadcrumb\"},\"inLanguage\":\"fr-FR\",\"potentialAction\":[{\"@type\":\"ReadAction\",\"target\":[\"https:\/\/www.desclicsetdeslettres.fr\/index.php\/jeux-indes\/\"]}]},{\"@type\":\"BreadcrumbList\",\"@id\":\"https:\/\/www.desclicsetdeslettres.fr\/index.php\/jeux-indes\/#breadcrumb\",\"itemListElement\":[{\"@type\":\"ListItem\",\"position\":1,\"name\":\"Accueil\",\"item\":\"https:\/\/www.desclicsetdeslettres.fr\/\"},{\"@type\":\"ListItem\",\"position\":2,\"name\":\"Jeux Ind\u00e9s\"}]},{\"@type\":\"WebSite\",\"@id\":\"https:\/\/www.desclicsetdeslettres.fr\/#website\",\"url\":\"https:\/\/www.desclicsetdeslettres.fr\/\",\"name\":\"Des Clics et des Lettres\",\"description\":\"JV ind\u00e9, curation et interviews !\",\"publisher\":{\"@id\":\"https:\/\/www.desclicsetdeslettres.fr\/#organization\"},\"alternateName\":\"Des Clics et des Lettres\",\"potentialAction\":[{\"@type\":\"SearchAction\",\"target\":{\"@type\":\"EntryPoint\",\"urlTemplate\":\"https:\/\/www.desclicsetdeslettres.fr\/?s={search_term_string}\"},\"query-input\":{\"@type\":\"PropertyValueSpecification\",\"valueRequired\":true,\"valueName\":\"search_term_string\"}}],\"inLanguage\":\"fr-FR\"},{\"@type\":\"Organization\",\"@id\":\"https:\/\/www.desclicsetdeslettres.fr\/#organization\",\"name\":\"Des Clics et des Lettres\",\"url\":\"https:\/\/www.desclicsetdeslettres.fr\/\",\"logo\":{\"@type\":\"ImageObject\",\"inLanguage\":\"fr-FR\",\"@id\":\"https:\/\/www.desclicsetdeslettres.fr\/#\/schema\/logo\/image\/\",\"url\":\"https:\/\/www.desclicsetdeslettres.fr\/wp-content\/uploads\/2024\/04\/Logo-Des-Clics-et-des-Lettres.png\",\"contentUrl\":\"https:\/\/www.desclicsetdeslettres.fr\/wp-content\/uploads\/2024\/04\/Logo-Des-Clics-et-des-Lettres.png\",\"width\":501,\"height\":501,\"caption\":\"Des Clics et des Lettres\"},\"image\":{\"@id\":\"https:\/\/www.desclicsetdeslettres.fr\/#\/schema\/logo\/image\/\"},\"sameAs\":[\"https:\/\/www.facebook.com\/profile.php?id=61558453618650\",\"https:\/\/x.com\/DClicsDLettres\"]}]}<\/script>\n<!-- \/ Yoast SEO plugin. -->","yoast_head_json":{"title":"Jeux Ind\u00e9s - Des Clics et des Lettres","description":"Sur Des Clics & des Lettres, vous trouverez r\u00e9guli\u00e8rement des chroniques sur les jeux vid\u00e9o ind\u00e9pendants et des interviews de d\u00e9veloppeurs.","robots":{"index":"index","follow":"follow","max-snippet":"max-snippet:-1","max-image-preview":"max-image-preview:large","max-video-preview":"max-video-preview:-1"},"canonical":"https:\/\/www.desclicsetdeslettres.fr\/index.php\/jeux-indes\/","og_locale":"fr_FR","og_type":"article","og_title":"Jeux Ind\u00e9s - Des Clics et des Lettres","og_description":"Sur Des Clics & des Lettres, vous trouverez r\u00e9guli\u00e8rement des chroniques sur les jeux vid\u00e9o ind\u00e9pendants et des interviews de d\u00e9veloppeurs.","og_url":"https:\/\/www.desclicsetdeslettres.fr\/index.php\/jeux-indes\/","og_site_name":"Des Clics et des Lettres","article_publisher":"https:\/\/www.facebook.com\/profile.php?id=61558453618650","article_modified_time":"2025-08-19T23:25:22+00:00","twitter_card":"summary_large_image","twitter_site":"@DClicsDLettres","twitter_misc":{"Dur\u00e9e de lecture estim\u00e9e":"2 minutes"},"schema":{"@context":"https:\/\/schema.org","@graph":[{"@type":"WebPage","@id":"https:\/\/www.desclicsetdeslettres.fr\/index.php\/jeux-indes\/","url":"https:\/\/www.desclicsetdeslettres.fr\/index.php\/jeux-indes\/","name":"Jeux Ind\u00e9s - Des Clics et des Lettres","isPartOf":{"@id":"https:\/\/www.desclicsetdeslettres.fr\/#website"},"datePublished":"2025-08-19T22:37:23+00:00","dateModified":"2025-08-19T23:25:22+00:00","description":"Sur Des Clics & des Lettres, vous trouverez r\u00e9guli\u00e8rement des chroniques sur les jeux vid\u00e9o ind\u00e9pendants et des interviews de d\u00e9veloppeurs.","breadcrumb":{"@id":"https:\/\/www.desclicsetdeslettres.fr\/index.php\/jeux-indes\/#breadcrumb"},"inLanguage":"fr-FR","potentialAction":[{"@type":"ReadAction","target":["https:\/\/www.desclicsetdeslettres.fr\/index.php\/jeux-indes\/"]}]},{"@type":"BreadcrumbList","@id":"https:\/\/www.desclicsetdeslettres.fr\/index.php\/jeux-indes\/#breadcrumb","itemListElement":[{"@type":"ListItem","position":1,"name":"Accueil","item":"https:\/\/www.desclicsetdeslettres.fr\/"},{"@type":"ListItem","position":2,"name":"Jeux Ind\u00e9s"}]},{"@type":"WebSite","@id":"https:\/\/www.desclicsetdeslettres.fr\/#website","url":"https:\/\/www.desclicsetdeslettres.fr\/","name":"Des Clics et des Lettres","description":"JV ind\u00e9, curation et interviews !","publisher":{"@id":"https:\/\/www.desclicsetdeslettres.fr\/#organization"},"alternateName":"Des Clics et des Lettres","potentialAction":[{"@type":"SearchAction","target":{"@type":"EntryPoint","urlTemplate":"https:\/\/www.desclicsetdeslettres.fr\/?s={search_term_string}"},"query-input":{"@type":"PropertyValueSpecification","valueRequired":true,"valueName":"search_term_string"}}],"inLanguage":"fr-FR"},{"@type":"Organization","@id":"https:\/\/www.desclicsetdeslettres.fr\/#organization","name":"Des Clics et des Lettres","url":"https:\/\/www.desclicsetdeslettres.fr\/","logo":{"@type":"ImageObject","inLanguage":"fr-FR","@id":"https:\/\/www.desclicsetdeslettres.fr\/#\/schema\/logo\/image\/","url":"https:\/\/www.desclicsetdeslettres.fr\/wp-content\/uploads\/2024\/04\/Logo-Des-Clics-et-des-Lettres.png","contentUrl":"https:\/\/www.desclicsetdeslettres.fr\/wp-content\/uploads\/2024\/04\/Logo-Des-Clics-et-des-Lettres.png","width":501,"height":501,"caption":"Des Clics et des Lettres"},"image":{"@id":"https:\/\/www.desclicsetdeslettres.fr\/#\/schema\/logo\/image\/"},"sameAs":["https:\/\/www.facebook.com\/profile.php?id=61558453618650","https:\/\/x.com\/DClicsDLettres"]}]}},"_links":{"self":[{"href":"https:\/\/www.desclicsetdeslettres.fr\/index.php\/wp-json\/wp\/v2\/pages\/3694","targetHints":{"allow":["GET"]}}],"collection":[{"href":"https:\/\/www.desclicsetdeslettres.fr\/index.php\/wp-json\/wp\/v2\/pages"}],"about":[{"href":"https:\/\/www.desclicsetdeslettres.fr\/index.php\/wp-json\/wp\/v2\/types\/page"}],"author":[{"embeddable":true,"href":"https:\/\/www.desclicsetdeslettres.fr\/index.php\/wp-json\/wp\/v2\/users\/1"}],"replies":[{"embeddable":true,"href":"https:\/\/www.desclicsetdeslettres.fr\/index.php\/wp-json\/wp\/v2\/comments?post=3694"}],"version-history":[{"count":17,"href":"https:\/\/www.desclicsetdeslettres.fr\/index.php\/wp-json\/wp\/v2\/pages\/3694\/revisions"}],"predecessor-version":[{"id":3723,"href":"https:\/\/www.desclicsetdeslettres.fr\/index.php\/wp-json\/wp\/v2\/pages\/3694\/revisions\/3723"}],"wp:attachment":[{"href":"https:\/\/www.desclicsetdeslettres.fr\/index.php\/wp-json\/wp\/v2\/media?parent=3694"}],"curies":[{"name":"wp","href":"https:\/\/api.w.org\/{rel}","templated":true}]}}