{"id":47,"date":"2024-04-06T18:27:10","date_gmt":"2024-04-06T16:27:10","guid":{"rendered":"https:\/\/www.desclicsetdeslettres.fr\/?page_id=47"},"modified":"2024-07-24T16:19:00","modified_gmt":"2024-07-24T14:19:00","slug":"a-propos","status":"publish","type":"page","link":"https:\/\/www.desclicsetdeslettres.fr\/index.php\/a-propos\/","title":{"rendered":"\u00c0 Propos"},"content":{"rendered":"\t\t<div data-elementor-type=\"wp-page\" data-elementor-id=\"47\" class=\"elementor elementor-47\">\n\t\t\t\t<div class=\"elementor-element elementor-element-5f422ac e-flex e-con-boxed e-con e-parent\" data-id=\"5f422ac\" data-element_type=\"container\">\n\t\t\t\t\t<div class=\"e-con-inner\">\n\t\t<div class=\"elementor-element elementor-element-35d7466 e-con-full e-flex e-con e-child\" data-id=\"35d7466\" data-element_type=\"container\">\n\t\t\t\t<div class=\"elementor-element elementor-element-44c2803 elementor-widget elementor-widget-text-editor\" data-id=\"44c2803\" data-element_type=\"widget\" data-widget_type=\"text-editor.default\">\n\t\t\t\t<div class=\"elementor-widget-container\">\n\t\t\t\t\t\t\t\t\t<p>Je m&rsquo;appelle Florian, je suis n\u00e9 en 1984 et je suis un passionn\u00e9 de science-fiction, d&rsquo;escrime, de langues vivantes et de jeux vid\u00e9o. J&rsquo;\u00e9cris des romans depuis 2013 et m&rsquo;adonne de temps \u00e0 autre \u00e0 l&rsquo;exercice de la traduction. Lass\u00e9 de courir apr\u00e8s les \u00e9diteurs, j&rsquo;ai d\u00e9cid\u00e9 en 2024 d&rsquo;adopter le statut d&rsquo;auteur et traducteur ind\u00e9pendant.<\/p>\n<p>Vous trouverez sur <i>Des Clics &amp; des Lettres<\/i> l&rsquo;ensemble de mes textes courts (nouvelles, micro-nouvelles et quelque po\u00e8mes) en libre acc\u00e8s et des liens vers les pages Amazon o\u00f9 je propose \u00e0 la vente mes textes les plus cons\u00e9quents, pr\u00e9sent\u00e9s dans la rubriques&nbsp;<i>Mes Travaux<\/i>. Vous y d\u00e9nicherez non seulement du post-apo, du transhumanisme, des r\u00e9flexions sur notre rapport au virtuel, mais aussi de l&rsquo;escrime et une \u0153uvre classique. Je me charge de l&rsquo;int\u00e9gralit\u00e9 de la mise en forme de mes livres, garantis sans IA ! Amazon imprime les exemplaires \u00e0 la demande. Vous commandez et Amazon produit le volume et l&rsquo;exp\u00e9die dans la foul\u00e9e.<\/p>\n<p>Mais ce n&rsquo;est pas tout. Le site se composera d&rsquo;une seconde partie dans laquelle je m&rsquo;ing\u00e9nierai \u00e0 partager avec vous ma passion du jeu vid\u00e9o, en particulier du jeu vid\u00e9o ind\u00e9pendant. \u00c9tant moi-m\u00eame un petit artisan de l&rsquo;\u00e9criture, je me ferai fort de mettre en avant, dans la rubrique <i>Jeux Ind\u00e9pendants<\/i>, des d\u00e9veloppeurs de petite envergure. Joueur r\u00e9gulier, j&rsquo;ai depuis longtemps d\u00e9j\u00e0 fait le constat que les grosses productions, dites \u00ab\u00a0triple A\u00a0\u00bb ne m&rsquo;apportent plus gu\u00e8re de satisfaction. \u00c0 vouloir brasser trop large, on perd les vieux <i>gamers<\/i> en route.<\/p>\n<p>Pour finir, je souhaiterais adresser un mot de remerciement \u00e0 Jordan Mechner, d\u00e9veloppeur am\u00e9ricain qui vit d\u00e9sormais en France o\u00f9 il \u00e9crit des bandes dessin\u00e9es. En effet, je dois \u00e0 son chef-d&rsquo;\u0153uvre de 1989, le <i>Prince of Persia<\/i> original, premier d&rsquo;une longue lign\u00e9e, d\u00e9couvert \u00e0 mes six ans, au moins deux de mes trois principales passions : le jeu vid\u00e9o bien s\u00fbr, mais aussi l&rsquo;escrime, car les duels \u00e0 l&rsquo;\u00e9p\u00e9e y \u00e9taient mod\u00e9lis\u00e9s, d\u00e9j\u00e0 \u00e0 l&rsquo;\u00e9poque, nonobstant le faible nombre de pixels, avec un incroyable r\u00e9alisme. La troisi\u00e8me, l&rsquo;\u00e9criture, viendrait quelques ann\u00e9es plus tard, mais j&rsquo;exprime dans mes textes, aujourd&rsquo;hui encore, un go\u00fbt prononc\u00e9 pour le combat et le souffle \u00e9pique v\u00e9hicul\u00e9 par les r\u00e9cits d&rsquo;aventure.<\/p>\n<p>Bonne lecture et bon jeu \u00e0 tous !<\/p>\t\t\t\t\t\t\t\t<\/div>\n\t\t\t\t<\/div>\n\t\t\t\t<\/div>\n\t\t<div class=\"elementor-element elementor-element-f50dbd3 e-con-full e-flex e-con e-child\" data-id=\"f50dbd3\" data-element_type=\"container\">\n\t\t\t\t<div class=\"elementor-element elementor-element-4e090a4 elementor-widget elementor-widget-image\" data-id=\"4e090a4\" data-element_type=\"widget\" data-widget_type=\"image.default\">\n\t\t\t\t<div class=\"elementor-widget-container\">\n\t\t\t\t\t\t\t\t\t\t\t\t\t\t\t<img decoding=\"async\" src=\"https:\/\/www.desclicsetdeslettres.fr\/wp-content\/uploads\/2024\/04\/Potrait-perso-scaled.jpg\" title=\"Potrait perso\" alt=\"Potrait perso\" loading=\"lazy\" \/>\t\t\t\t\t\t\t\t\t\t\t\t\t\t\t<\/div>\n\t\t\t\t<\/div>\n\t\t<div class=\"elementor-element elementor-element-f5dd5de e-flex e-con-boxed e-con e-child\" data-id=\"f5dd5de\" data-element_type=\"container\">\n\t\t\t\t\t<div class=\"e-con-inner\">\n\t\t\t\t<div class=\"elementor-element elementor-element-af63ca2 elementor-widget elementor-widget-image\" data-id=\"af63ca2\" data-element_type=\"widget\" data-widget_type=\"image.default\">\n\t\t\t\t<div class=\"elementor-widget-container\">\n\t\t\t\t\t\t\t\t\t\t\t\t\t\t\t<img fetchpriority=\"high\" decoding=\"async\" width=\"640\" height=\"400\" src=\"https:\/\/www.desclicsetdeslettres.fr\/wp-content\/uploads\/2024\/04\/Prince-of-Persia-89-Raising-Sword.png\" class=\"attachment-large size-large wp-image-192\" alt=\"\" srcset=\"https:\/\/www.desclicsetdeslettres.fr\/wp-content\/uploads\/2024\/04\/Prince-of-Persia-89-Raising-Sword.png 640w, https:\/\/www.desclicsetdeslettres.fr\/wp-content\/uploads\/2024\/04\/Prince-of-Persia-89-Raising-Sword-300x188.png 300w\" sizes=\"(max-width: 640px) 100vw, 640px\" \/>\t\t\t\t\t\t\t\t\t\t\t\t\t\t\t<\/div>\n\t\t\t\t<\/div>\n\t\t\t\t\t<\/div>\n\t\t\t\t<\/div>\n\t\t\t\t<\/div>\n\t\t\t\t\t<\/div>\n\t\t\t\t<\/div>\n\t\t\t\t<\/div>\n\t\t","protected":false},"excerpt":{"rendered":"<p>Je m&rsquo;appelle Florian, je suis n\u00e9 en 1984 et je suis un passionn\u00e9 de science-fiction, d&rsquo;escrime, de langues vivantes et de jeux vid\u00e9o. J&rsquo;\u00e9cris des romans depuis 2013 et m&rsquo;adonne de temps \u00e0 autre \u00e0 l&rsquo;exercice de la traduction. Lass\u00e9 de courir apr\u00e8s les \u00e9diteurs, j&rsquo;ai d\u00e9cid\u00e9 en 2024 d&rsquo;adopter le statut d&rsquo;auteur et traducteur [&hellip;]<\/p>\n","protected":false},"author":1,"featured_media":0,"parent":0,"menu_order":0,"comment_status":"open","ping_status":"closed","template":"","meta":{"_monsterinsights_skip_tracking":false,"_monsterinsights_sitenote_active":false,"_monsterinsights_sitenote_note":"","_monsterinsights_sitenote_category":0,"_uf_show_specific_survey":0,"_uf_disable_surveys":false,"ocean_post_layout":"","ocean_both_sidebars_style":"","ocean_both_sidebars_content_width":0,"ocean_both_sidebars_sidebars_width":0,"ocean_sidebar":"","ocean_second_sidebar":"","ocean_disable_margins":"enable","ocean_add_body_class":"","ocean_shortcode_before_top_bar":"","ocean_shortcode_after_top_bar":"","ocean_shortcode_before_header":"","ocean_shortcode_after_header":"","ocean_has_shortcode":"","ocean_shortcode_after_title":"","ocean_shortcode_before_footer_widgets":"","ocean_shortcode_after_footer_widgets":"","ocean_shortcode_before_footer_bottom":"","ocean_shortcode_after_footer_bottom":"","ocean_display_top_bar":"default","ocean_display_header":"default","ocean_header_style":"","ocean_center_header_left_menu":"","ocean_custom_header_template":"","ocean_custom_logo":0,"ocean_custom_retina_logo":0,"ocean_custom_logo_max_width":0,"ocean_custom_logo_tablet_max_width":0,"ocean_custom_logo_mobile_max_width":0,"ocean_custom_logo_max_height":0,"ocean_custom_logo_tablet_max_height":0,"ocean_custom_logo_mobile_max_height":0,"ocean_header_custom_menu":"","ocean_menu_typo_font_family":"","ocean_menu_typo_font_subset":"","ocean_menu_typo_font_size":0,"ocean_menu_typo_font_size_tablet":0,"ocean_menu_typo_font_size_mobile":0,"ocean_menu_typo_font_size_unit":"px","ocean_menu_typo_font_weight":"","ocean_menu_typo_font_weight_tablet":"","ocean_menu_typo_font_weight_mobile":"","ocean_menu_typo_transform":"","ocean_menu_typo_transform_tablet":"","ocean_menu_typo_transform_mobile":"","ocean_menu_typo_line_height":0,"ocean_menu_typo_line_height_tablet":0,"ocean_menu_typo_line_height_mobile":0,"ocean_menu_typo_line_height_unit":"","ocean_menu_typo_spacing":0,"ocean_menu_typo_spacing_tablet":0,"ocean_menu_typo_spacing_mobile":0,"ocean_menu_typo_spacing_unit":"","ocean_menu_link_color":"","ocean_menu_link_color_hover":"","ocean_menu_link_color_active":"","ocean_menu_link_background":"","ocean_menu_link_hover_background":"","ocean_menu_link_active_background":"","ocean_menu_social_links_bg":"","ocean_menu_social_hover_links_bg":"","ocean_menu_social_links_color":"","ocean_menu_social_hover_links_color":"","ocean_disable_title":"default","ocean_disable_heading":"default","ocean_post_title":"","ocean_post_subheading":"","ocean_post_title_style":"","ocean_post_title_background_color":"","ocean_post_title_background":0,"ocean_post_title_bg_image_position":"","ocean_post_title_bg_image_attachment":"","ocean_post_title_bg_image_repeat":"","ocean_post_title_bg_image_size":"","ocean_post_title_height":0,"ocean_post_title_bg_overlay":0.5,"ocean_post_title_bg_overlay_color":"","ocean_disable_breadcrumbs":"default","ocean_breadcrumbs_color":"","ocean_breadcrumbs_separator_color":"","ocean_breadcrumbs_links_color":"","ocean_breadcrumbs_links_hover_color":"","ocean_display_footer_widgets":"default","ocean_display_footer_bottom":"default","ocean_custom_footer_template":"","footnotes":""},"class_list":["post-47","page","type-page","status-publish","hentry","entry"],"yoast_head":"<!-- This site is optimized with the Yoast SEO plugin v26.8 - https:\/\/yoast.com\/product\/yoast-seo-wordpress\/ -->\n<title>\u00c0 Propos - Des Clics et des Lettres<\/title>\n<meta name=\"robots\" content=\"index, follow, max-snippet:-1, max-image-preview:large, max-video-preview:-1\" \/>\n<link rel=\"canonical\" href=\"https:\/\/www.desclicsetdeslettres.fr\/index.php\/a-propos\/\" \/>\n<meta property=\"og:locale\" content=\"fr_FR\" \/>\n<meta property=\"og:type\" content=\"article\" \/>\n<meta property=\"og:title\" content=\"\u00c0 Propos - Des Clics et des Lettres\" \/>\n<meta property=\"og:description\" content=\"Je m&rsquo;appelle Florian, je suis n\u00e9 en 1984 et je suis un passionn\u00e9 de science-fiction, d&rsquo;escrime, de langues vivantes et de jeux vid\u00e9o. J&rsquo;\u00e9cris des romans depuis 2013 et m&rsquo;adonne de temps \u00e0 autre \u00e0 l&rsquo;exercice de la traduction. Lass\u00e9 de courir apr\u00e8s les \u00e9diteurs, j&rsquo;ai d\u00e9cid\u00e9 en 2024 d&rsquo;adopter le statut d&rsquo;auteur et traducteur [&hellip;]\" \/>\n<meta property=\"og:url\" content=\"https:\/\/www.desclicsetdeslettres.fr\/index.php\/a-propos\/\" \/>\n<meta property=\"og:site_name\" content=\"Des Clics et des Lettres\" \/>\n<meta property=\"article:publisher\" content=\"https:\/\/www.facebook.com\/profile.php?id=61558453618650\" \/>\n<meta property=\"article:modified_time\" content=\"2024-07-24T14:19:00+00:00\" \/>\n<meta property=\"og:image\" content=\"http:\/\/www.desclicsetdeslettres.fr\/wp-content\/uploads\/2024\/04\/Potrait-perso-scaled.jpg\" \/>\n<meta name=\"twitter:card\" content=\"summary_large_image\" \/>\n<meta name=\"twitter:site\" content=\"@DClicsDLettres\" \/>\n<meta name=\"twitter:label1\" content=\"Dur\u00e9e de lecture estim\u00e9e\" \/>\n\t<meta name=\"twitter:data1\" content=\"3 minutes\" \/>\n<script type=\"application\/ld+json\" class=\"yoast-schema-graph\">{\"@context\":\"https:\/\/schema.org\",\"@graph\":[{\"@type\":\"WebPage\",\"@id\":\"https:\/\/www.desclicsetdeslettres.fr\/index.php\/a-propos\/\",\"url\":\"https:\/\/www.desclicsetdeslettres.fr\/index.php\/a-propos\/\",\"name\":\"\u00c0 Propos - Des Clics et des Lettres\",\"isPartOf\":{\"@id\":\"https:\/\/www.desclicsetdeslettres.fr\/#website\"},\"primaryImageOfPage\":{\"@id\":\"https:\/\/www.desclicsetdeslettres.fr\/index.php\/a-propos\/#primaryimage\"},\"image\":{\"@id\":\"https:\/\/www.desclicsetdeslettres.fr\/index.php\/a-propos\/#primaryimage\"},\"thumbnailUrl\":\"http:\/\/www.desclicsetdeslettres.fr\/wp-content\/uploads\/2024\/04\/Potrait-perso-scaled.jpg\",\"datePublished\":\"2024-04-06T16:27:10+00:00\",\"dateModified\":\"2024-07-24T14:19:00+00:00\",\"breadcrumb\":{\"@id\":\"https:\/\/www.desclicsetdeslettres.fr\/index.php\/a-propos\/#breadcrumb\"},\"inLanguage\":\"fr-FR\",\"potentialAction\":[{\"@type\":\"ReadAction\",\"target\":[\"https:\/\/www.desclicsetdeslettres.fr\/index.php\/a-propos\/\"]}]},{\"@type\":\"ImageObject\",\"inLanguage\":\"fr-FR\",\"@id\":\"https:\/\/www.desclicsetdeslettres.fr\/index.php\/a-propos\/#primaryimage\",\"url\":\"http:\/\/www.desclicsetdeslettres.fr\/wp-content\/uploads\/2024\/04\/Potrait-perso-scaled.jpg\",\"contentUrl\":\"http:\/\/www.desclicsetdeslettres.fr\/wp-content\/uploads\/2024\/04\/Potrait-perso-scaled.jpg\"},{\"@type\":\"BreadcrumbList\",\"@id\":\"https:\/\/www.desclicsetdeslettres.fr\/index.php\/a-propos\/#breadcrumb\",\"itemListElement\":[{\"@type\":\"ListItem\",\"position\":1,\"name\":\"Accueil\",\"item\":\"https:\/\/www.desclicsetdeslettres.fr\/\"},{\"@type\":\"ListItem\",\"position\":2,\"name\":\"\u00c0 Propos\"}]},{\"@type\":\"WebSite\",\"@id\":\"https:\/\/www.desclicsetdeslettres.fr\/#website\",\"url\":\"https:\/\/www.desclicsetdeslettres.fr\/\",\"name\":\"Des Clics et des Lettres\",\"description\":\"JV ind\u00e9, curation et interviews !\",\"publisher\":{\"@id\":\"https:\/\/www.desclicsetdeslettres.fr\/#organization\"},\"alternateName\":\"Des Clics et des Lettres\",\"potentialAction\":[{\"@type\":\"SearchAction\",\"target\":{\"@type\":\"EntryPoint\",\"urlTemplate\":\"https:\/\/www.desclicsetdeslettres.fr\/?s={search_term_string}\"},\"query-input\":{\"@type\":\"PropertyValueSpecification\",\"valueRequired\":true,\"valueName\":\"search_term_string\"}}],\"inLanguage\":\"fr-FR\"},{\"@type\":\"Organization\",\"@id\":\"https:\/\/www.desclicsetdeslettres.fr\/#organization\",\"name\":\"Des Clics et des Lettres\",\"url\":\"https:\/\/www.desclicsetdeslettres.fr\/\",\"logo\":{\"@type\":\"ImageObject\",\"inLanguage\":\"fr-FR\",\"@id\":\"https:\/\/www.desclicsetdeslettres.fr\/#\/schema\/logo\/image\/\",\"url\":\"https:\/\/www.desclicsetdeslettres.fr\/wp-content\/uploads\/2024\/04\/Logo-Des-Clics-et-des-Lettres.png\",\"contentUrl\":\"https:\/\/www.desclicsetdeslettres.fr\/wp-content\/uploads\/2024\/04\/Logo-Des-Clics-et-des-Lettres.png\",\"width\":501,\"height\":501,\"caption\":\"Des Clics et des Lettres\"},\"image\":{\"@id\":\"https:\/\/www.desclicsetdeslettres.fr\/#\/schema\/logo\/image\/\"},\"sameAs\":[\"https:\/\/www.facebook.com\/profile.php?id=61558453618650\",\"https:\/\/x.com\/DClicsDLettres\"]}]}<\/script>\n<!-- \/ Yoast SEO plugin. -->","yoast_head_json":{"title":"\u00c0 Propos - Des Clics et des Lettres","robots":{"index":"index","follow":"follow","max-snippet":"max-snippet:-1","max-image-preview":"max-image-preview:large","max-video-preview":"max-video-preview:-1"},"canonical":"https:\/\/www.desclicsetdeslettres.fr\/index.php\/a-propos\/","og_locale":"fr_FR","og_type":"article","og_title":"\u00c0 Propos - Des Clics et des Lettres","og_description":"Je m&rsquo;appelle Florian, je suis n\u00e9 en 1984 et je suis un passionn\u00e9 de science-fiction, d&rsquo;escrime, de langues vivantes et de jeux vid\u00e9o. J&rsquo;\u00e9cris des romans depuis 2013 et m&rsquo;adonne de temps \u00e0 autre \u00e0 l&rsquo;exercice de la traduction. Lass\u00e9 de courir apr\u00e8s les \u00e9diteurs, j&rsquo;ai d\u00e9cid\u00e9 en 2024 d&rsquo;adopter le statut d&rsquo;auteur et traducteur [&hellip;]","og_url":"https:\/\/www.desclicsetdeslettres.fr\/index.php\/a-propos\/","og_site_name":"Des Clics et des Lettres","article_publisher":"https:\/\/www.facebook.com\/profile.php?id=61558453618650","article_modified_time":"2024-07-24T14:19:00+00:00","og_image":[{"url":"http:\/\/www.desclicsetdeslettres.fr\/wp-content\/uploads\/2024\/04\/Potrait-perso-scaled.jpg","type":"","width":"","height":""}],"twitter_card":"summary_large_image","twitter_site":"@DClicsDLettres","twitter_misc":{"Dur\u00e9e de lecture estim\u00e9e":"3 minutes"},"schema":{"@context":"https:\/\/schema.org","@graph":[{"@type":"WebPage","@id":"https:\/\/www.desclicsetdeslettres.fr\/index.php\/a-propos\/","url":"https:\/\/www.desclicsetdeslettres.fr\/index.php\/a-propos\/","name":"\u00c0 Propos - Des Clics et des Lettres","isPartOf":{"@id":"https:\/\/www.desclicsetdeslettres.fr\/#website"},"primaryImageOfPage":{"@id":"https:\/\/www.desclicsetdeslettres.fr\/index.php\/a-propos\/#primaryimage"},"image":{"@id":"https:\/\/www.desclicsetdeslettres.fr\/index.php\/a-propos\/#primaryimage"},"thumbnailUrl":"http:\/\/www.desclicsetdeslettres.fr\/wp-content\/uploads\/2024\/04\/Potrait-perso-scaled.jpg","datePublished":"2024-04-06T16:27:10+00:00","dateModified":"2024-07-24T14:19:00+00:00","breadcrumb":{"@id":"https:\/\/www.desclicsetdeslettres.fr\/index.php\/a-propos\/#breadcrumb"},"inLanguage":"fr-FR","potentialAction":[{"@type":"ReadAction","target":["https:\/\/www.desclicsetdeslettres.fr\/index.php\/a-propos\/"]}]},{"@type":"ImageObject","inLanguage":"fr-FR","@id":"https:\/\/www.desclicsetdeslettres.fr\/index.php\/a-propos\/#primaryimage","url":"http:\/\/www.desclicsetdeslettres.fr\/wp-content\/uploads\/2024\/04\/Potrait-perso-scaled.jpg","contentUrl":"http:\/\/www.desclicsetdeslettres.fr\/wp-content\/uploads\/2024\/04\/Potrait-perso-scaled.jpg"},{"@type":"BreadcrumbList","@id":"https:\/\/www.desclicsetdeslettres.fr\/index.php\/a-propos\/#breadcrumb","itemListElement":[{"@type":"ListItem","position":1,"name":"Accueil","item":"https:\/\/www.desclicsetdeslettres.fr\/"},{"@type":"ListItem","position":2,"name":"\u00c0 Propos"}]},{"@type":"WebSite","@id":"https:\/\/www.desclicsetdeslettres.fr\/#website","url":"https:\/\/www.desclicsetdeslettres.fr\/","name":"Des Clics et des Lettres","description":"JV ind\u00e9, curation et interviews !","publisher":{"@id":"https:\/\/www.desclicsetdeslettres.fr\/#organization"},"alternateName":"Des Clics et des Lettres","potentialAction":[{"@type":"SearchAction","target":{"@type":"EntryPoint","urlTemplate":"https:\/\/www.desclicsetdeslettres.fr\/?s={search_term_string}"},"query-input":{"@type":"PropertyValueSpecification","valueRequired":true,"valueName":"search_term_string"}}],"inLanguage":"fr-FR"},{"@type":"Organization","@id":"https:\/\/www.desclicsetdeslettres.fr\/#organization","name":"Des Clics et des Lettres","url":"https:\/\/www.desclicsetdeslettres.fr\/","logo":{"@type":"ImageObject","inLanguage":"fr-FR","@id":"https:\/\/www.desclicsetdeslettres.fr\/#\/schema\/logo\/image\/","url":"https:\/\/www.desclicsetdeslettres.fr\/wp-content\/uploads\/2024\/04\/Logo-Des-Clics-et-des-Lettres.png","contentUrl":"https:\/\/www.desclicsetdeslettres.fr\/wp-content\/uploads\/2024\/04\/Logo-Des-Clics-et-des-Lettres.png","width":501,"height":501,"caption":"Des Clics et des Lettres"},"image":{"@id":"https:\/\/www.desclicsetdeslettres.fr\/#\/schema\/logo\/image\/"},"sameAs":["https:\/\/www.facebook.com\/profile.php?id=61558453618650","https:\/\/x.com\/DClicsDLettres"]}]}},"_links":{"self":[{"href":"https:\/\/www.desclicsetdeslettres.fr\/index.php\/wp-json\/wp\/v2\/pages\/47","targetHints":{"allow":["GET"]}}],"collection":[{"href":"https:\/\/www.desclicsetdeslettres.fr\/index.php\/wp-json\/wp\/v2\/pages"}],"about":[{"href":"https:\/\/www.desclicsetdeslettres.fr\/index.php\/wp-json\/wp\/v2\/types\/page"}],"author":[{"embeddable":true,"href":"https:\/\/www.desclicsetdeslettres.fr\/index.php\/wp-json\/wp\/v2\/users\/1"}],"replies":[{"embeddable":true,"href":"https:\/\/www.desclicsetdeslettres.fr\/index.php\/wp-json\/wp\/v2\/comments?post=47"}],"version-history":[{"count":30,"href":"https:\/\/www.desclicsetdeslettres.fr\/index.php\/wp-json\/wp\/v2\/pages\/47\/revisions"}],"predecessor-version":[{"id":2168,"href":"https:\/\/www.desclicsetdeslettres.fr\/index.php\/wp-json\/wp\/v2\/pages\/47\/revisions\/2168"}],"wp:attachment":[{"href":"https:\/\/www.desclicsetdeslettres.fr\/index.php\/wp-json\/wp\/v2\/media?parent=47"}],"curies":[{"name":"wp","href":"https:\/\/api.w.org\/{rel}","templated":true}]}}