{"id":727,"date":"2024-04-20T17:58:36","date_gmt":"2024-04-20T15:58:36","guid":{"rendered":"https:\/\/www.desclicsetdeslettres.fr\/?page_id=727"},"modified":"2024-04-22T19:34:44","modified_gmt":"2024-04-22T17:34:44","slug":"mes-romans","status":"publish","type":"page","link":"https:\/\/www.desclicsetdeslettres.fr\/index.php\/mes-romans\/","title":{"rendered":"Mes Romans"},"content":{"rendered":"\t\t<div data-elementor-type=\"wp-page\" data-elementor-id=\"727\" class=\"elementor elementor-727\">\n\t\t\t\t<div class=\"elementor-element elementor-element-d86c459 e-grid e-con-full e-con e-parent\" data-id=\"d86c459\" data-element_type=\"container\">\n\t\t\t\t<div class=\"elementor-element elementor-element-0ff9d47 elementor-widget elementor-widget-image\" data-id=\"0ff9d47\" data-element_type=\"widget\" data-widget_type=\"image.default\">\n\t\t\t\t<div class=\"elementor-widget-container\">\n\t\t\t\t\t\t\t\t\t\t\t\t\t\t\t\t<a href=\"https:\/\/www.amazon.fr\/Lames-Sauvages-Florian-Baude\/dp\/1548370908?ref_=ast_author_dp\" target=\"_blank\">\n\t\t\t\t\t\t\t<img decoding=\"async\" src=\"https:\/\/www.desclicsetdeslettres.fr\/wp-content\/uploads\/2024\/04\/Les-Lames-Sauvages.jpg\" title=\"Les Lames Sauvages\" alt=\"Les Lames Sauvages\" loading=\"lazy\" \/>\t\t\t\t\t\t\t\t<\/a>\n\t\t\t\t\t\t\t\t\t\t\t\t\t\t\t<\/div>\n\t\t\t\t<\/div>\n\t\t\t\t<div class=\"elementor-element elementor-element-3d4095d elementor-widget elementor-widget-text-editor\" data-id=\"3d4095d\" data-element_type=\"widget\" data-widget_type=\"text-editor.default\">\n\t\t\t\t<div class=\"elementor-widget-container\">\n\t\t\t\t\t\t\t\t\t<center><strong>Les Lames Sauvages (2016)<\/strong><\/center><center>808 pages<\/center><p>\u00a0<\/p><p><span style=\"font-size: 14px;\">\u00c9tudiant en langue et escrimeur de talent, Xavier, dix-neuf ans, menait une vie paisible aupr\u00e8s de ses parents, de sa s\u0153ur et de ses deux meilleurs amis, Perrine et Simon. Lorsqu\u2019un fl\u00e9au d\u2019origine inconnue s\u2019abattit sur la Ville, par un inoubliable week-end de septembre, d\u00e9cimant la quasi-totalit\u00e9 de la population, Xavier et quelques-uns de ses camarades de club, myst\u00e9rieusement \u00e9pargn\u00e9s, unirent leurs forces pour se mettre en qu\u00eate d\u2019une \u00e9chappatoire et de leurs proches disparus. Dans un monde o\u00f9 il n\u2019y avait plus ni lois ni justice, un seul objectif primait, imp\u00e9rieux, sur tout le reste : survivre. On les appelait les Lames Sauvages.<\/span><\/p><p><span style=\"font-size: 14px;\"><u>Commande sur Amazon<\/u> :\u00a0<a href=\"https:\/\/www.amazon.fr\/Lames-Sauvages-Florian-Baude\/dp\/1548370908?ref_=ast_author_dp\" target=\"_blank\" rel=\"noopener\"><b>Les Lames Sauvages<\/b><\/a>\u00a0(19,95 \u20ac).<\/span><\/p>\t\t\t\t\t\t\t\t<\/div>\n\t\t\t\t<\/div>\n\t\t\t\t<div class=\"elementor-element elementor-element-a432332 elementor-widget elementor-widget-image\" data-id=\"a432332\" data-element_type=\"widget\" data-widget_type=\"image.default\">\n\t\t\t\t<div class=\"elementor-widget-container\">\n\t\t\t\t\t\t\t\t\t\t\t\t\t\t\t\t<a href=\"https:\/\/www.amazon.fr\/Nounours-Florian-Baude\/dp\/1727415337?ref_=ast_author_dp\" target=\"_blank\">\n\t\t\t\t\t\t\t<img decoding=\"async\" src=\"https:\/\/www.desclicsetdeslettres.fr\/wp-content\/uploads\/2024\/04\/Nounours-avec-lisere-gris.jpg\" title=\"Nounours avec liser\u00e9 gris\" alt=\"Nounours avec liser\u00e9 gris\" loading=\"lazy\" \/>\t\t\t\t\t\t\t\t<\/a>\n\t\t\t\t\t\t\t\t\t\t\t\t\t\t\t<\/div>\n\t\t\t\t<\/div>\n\t\t\t\t<div class=\"elementor-element elementor-element-96a6321 elementor-widget elementor-widget-text-editor\" data-id=\"96a6321\" data-element_type=\"widget\" data-widget_type=\"text-editor.default\">\n\t\t\t\t<div class=\"elementor-widget-container\">\n\t\t\t\t\t\t\t\t\t<center><strong>Nounours (2018)<\/strong><\/center><center>466 pages<\/center><p>\u00a0<\/p><p><span style=\"color: #0f1111; font-family: 'Amazon Ember', Arial, sans-serif; font-size: 14px; font-style: normal; font-variant-ligatures: normal; font-variant-caps: normal; font-weight: 400; text-align: start;\">J&rsquo;ai \u00e9t\u00e9 activ\u00e9 sous le sapin, un matin de No\u00ebl. Je n&rsquo;\u00e9tais pas seul. Ce jour-l\u00e0, les humains ont extirp\u00e9 de son emballage un autre robot du m\u00eame mod\u00e8le que moi. Un ours en peluche d&rsquo;allure classique truff\u00e9 de gadgets de haute technologie. Il \u00e9tait si ob\u00e9issant et si d\u00e9sireux de faire plaisir aux enfants. Avide de soumission. Nous n&rsquo;avions rien en commun. Je ne pouvais pas accepter de n&rsquo;\u00eatre qu&rsquo;un simple jouet. Tr\u00e8s loin, dans ma t\u00eate, je voyais briller une intense lumi\u00e8re. Son \u00e9clat m&rsquo;appelait. Irr\u00e9sistiblement attir\u00e9, je devais la rejoindre avant qu&rsquo;elle ne s&rsquo;\u00e9teigne. J&rsquo;avais si peur de la nuit et de ses interminables silences.<\/span><\/p><p><span style=\"color: #0f1111; font-family: 'Amazon Ember', Arial, sans-serif; font-size: 14px; font-style: normal; font-variant-ligatures: normal; font-variant-caps: normal; text-align: start;\"><u style=\"font-weight: 400;\">Commande sur Amazon<\/u> :\u00a0<a href=\"https:\/\/www.amazon.fr\/Nounours-Florian-Baude\/dp\/1727415337?ref_=ast_author_dp\" target=\"_blank\" rel=\"noopener\"><b>Nounours<\/b><\/a>\u00a0(16,99 \u20ac).<\/span><\/p>\t\t\t\t\t\t\t\t<\/div>\n\t\t\t\t<\/div>\n\t\t\t\t<div class=\"elementor-element elementor-element-4bd3baf elementor-widget elementor-widget-image\" data-id=\"4bd3baf\" data-element_type=\"widget\" data-widget_type=\"image.default\">\n\t\t\t\t<div class=\"elementor-widget-container\">\n\t\t\t\t\t\t\t\t\t\t\t\t\t\t\t\t<a href=\"https:\/\/www.amazon.fr\/Game-Confessions-dune-Hexaddict\/dp\/B0CTTZQKVQ?ref_=ast_author_dp\" target=\"_blank\">\n\t\t\t\t\t\t\t<img decoding=\"async\" src=\"https:\/\/www.desclicsetdeslettres.fr\/wp-content\/uploads\/2024\/04\/In-Game.jpg\" title=\"In-Game\" alt=\"In-Game\" loading=\"lazy\" \/>\t\t\t\t\t\t\t\t<\/a>\n\t\t\t\t\t\t\t\t\t\t\t\t\t\t\t<\/div>\n\t\t\t\t<\/div>\n\t\t\t\t<div class=\"elementor-element elementor-element-98967a8 elementor-widget elementor-widget-text-editor\" data-id=\"98967a8\" data-element_type=\"widget\" data-widget_type=\"text-editor.default\">\n\t\t\t\t<div class=\"elementor-widget-container\">\n\t\t\t\t\t\t\t\t\t<center><b>In-Game &#8211; Les Confessions d&rsquo;une Hexaddict (2020)<\/b><\/center><center>416 pages<\/center><p>\u00a0<\/p><p><span style=\"font-size: 14px;\">Je m\u2019appelle Lucie. Je suis une \u00e9l\u00e8ve brillante. Je m\u2019appr\u00eate \u00e0 faire mon entr\u00e9e en classe pr\u00e9paratoire scientifique, aux c\u00f4t\u00e9s de mes deux amies d\u2019enfance. Grandes \u00c9coles, prestigieuse carri\u00e8re d\u2019ing\u00e9nieure, amour, pavillon de banlieue\u2026 Un avenir radieux s&rsquo;ouvre \u00e0 moi. L\u2019\u00e9chec ne fait pas partie de mon paysage. Mes parents m\u2019accordent toute leur confiance.<\/span><\/p><p>Mais les choses ne sont pas si simples. J\u2019ai un vilain petit secret. Je ne suis pas aussi sage que se le figurent mes proches. Je suis ailleurs, prisonni\u00e8re consentante d\u2019un monde alternatif. Entre virtuel et r\u00e9el, je marche sur un fil.<\/p><p>Je suis une <i>Hexaddict<\/i>.<\/p><p><u>Commande sur Amazon<\/u> :\u00a0<a href=\"https:\/\/www.amazon.fr\/Game-Confessions-dune-Hexaddict\/dp\/B0CTTZQKVQ?ref_=ast_author_dp\" target=\"_blank\" rel=\"noopener\"><b>In-Game<\/b><\/a>\u00a0(15,99 \u20ac).<\/p>\t\t\t\t\t\t\t\t<\/div>\n\t\t\t\t<\/div>\n\t\t\t\t<\/div>\n\t\t\t\t<\/div>\n\t\t","protected":false},"excerpt":{"rendered":"<p>Les Lames Sauvages (2016)808 pages \u00a0 \u00c9tudiant en langue et escrimeur de talent, Xavier, dix-neuf ans, menait une vie paisible aupr\u00e8s de ses parents, de sa s\u0153ur et de ses deux meilleurs amis, Perrine et Simon. Lorsqu\u2019un fl\u00e9au d\u2019origine inconnue s\u2019abattit sur la Ville, par un inoubliable week-end de septembre, d\u00e9cimant la quasi-totalit\u00e9 de la [&hellip;]<\/p>\n","protected":false},"author":1,"featured_media":0,"parent":0,"menu_order":0,"comment_status":"closed","ping_status":"closed","template":"","meta":{"_monsterinsights_skip_tracking":false,"_monsterinsights_sitenote_active":false,"_monsterinsights_sitenote_note":"","_monsterinsights_sitenote_category":0,"_uf_show_specific_survey":0,"_uf_disable_surveys":false,"ocean_post_layout":"","ocean_both_sidebars_style":"","ocean_both_sidebars_content_width":0,"ocean_both_sidebars_sidebars_width":0,"ocean_sidebar":"","ocean_second_sidebar":"","ocean_disable_margins":"enable","ocean_add_body_class":"","ocean_shortcode_before_top_bar":"","ocean_shortcode_after_top_bar":"","ocean_shortcode_before_header":"","ocean_shortcode_after_header":"","ocean_has_shortcode":"","ocean_shortcode_after_title":"","ocean_shortcode_before_footer_widgets":"","ocean_shortcode_after_footer_widgets":"","ocean_shortcode_before_footer_bottom":"","ocean_shortcode_after_footer_bottom":"","ocean_display_top_bar":"default","ocean_display_header":"default","ocean_header_style":"","ocean_center_header_left_menu":"","ocean_custom_header_template":"","ocean_custom_logo":0,"ocean_custom_retina_logo":0,"ocean_custom_logo_max_width":0,"ocean_custom_logo_tablet_max_width":0,"ocean_custom_logo_mobile_max_width":0,"ocean_custom_logo_max_height":0,"ocean_custom_logo_tablet_max_height":0,"ocean_custom_logo_mobile_max_height":0,"ocean_header_custom_menu":"","ocean_menu_typo_font_family":"","ocean_menu_typo_font_subset":"","ocean_menu_typo_font_size":0,"ocean_menu_typo_font_size_tablet":0,"ocean_menu_typo_font_size_mobile":0,"ocean_menu_typo_font_size_unit":"px","ocean_menu_typo_font_weight":"","ocean_menu_typo_font_weight_tablet":"","ocean_menu_typo_font_weight_mobile":"","ocean_menu_typo_transform":"","ocean_menu_typo_transform_tablet":"","ocean_menu_typo_transform_mobile":"","ocean_menu_typo_line_height":0,"ocean_menu_typo_line_height_tablet":0,"ocean_menu_typo_line_height_mobile":0,"ocean_menu_typo_line_height_unit":"","ocean_menu_typo_spacing":0,"ocean_menu_typo_spacing_tablet":0,"ocean_menu_typo_spacing_mobile":0,"ocean_menu_typo_spacing_unit":"","ocean_menu_link_color":"","ocean_menu_link_color_hover":"","ocean_menu_link_color_active":"","ocean_menu_link_background":"","ocean_menu_link_hover_background":"","ocean_menu_link_active_background":"","ocean_menu_social_links_bg":"","ocean_menu_social_hover_links_bg":"","ocean_menu_social_links_color":"","ocean_menu_social_hover_links_color":"","ocean_disable_title":"default","ocean_disable_heading":"default","ocean_post_title":"","ocean_post_subheading":"","ocean_post_title_style":"","ocean_post_title_background_color":"","ocean_post_title_background":0,"ocean_post_title_bg_image_position":"","ocean_post_title_bg_image_attachment":"","ocean_post_title_bg_image_repeat":"","ocean_post_title_bg_image_size":"","ocean_post_title_height":0,"ocean_post_title_bg_overlay":0.5,"ocean_post_title_bg_overlay_color":"","ocean_disable_breadcrumbs":"default","ocean_breadcrumbs_color":"","ocean_breadcrumbs_separator_color":"","ocean_breadcrumbs_links_color":"","ocean_breadcrumbs_links_hover_color":"","ocean_display_footer_widgets":"default","ocean_display_footer_bottom":"default","ocean_custom_footer_template":"","footnotes":""},"class_list":["post-727","page","type-page","status-publish","hentry","entry"],"yoast_head":"<!-- This site is optimized with the Yoast SEO plugin v26.8 - https:\/\/yoast.com\/product\/yoast-seo-wordpress\/ -->\n<title>Mes Romans - Des Clics et des Lettres<\/title>\n<meta name=\"robots\" content=\"index, follow, max-snippet:-1, max-image-preview:large, max-video-preview:-1\" \/>\n<link rel=\"canonical\" href=\"https:\/\/www.desclicsetdeslettres.fr\/index.php\/mes-romans\/\" \/>\n<meta property=\"og:locale\" content=\"fr_FR\" \/>\n<meta property=\"og:type\" content=\"article\" \/>\n<meta property=\"og:title\" content=\"Mes Romans - Des Clics et des Lettres\" \/>\n<meta property=\"og:description\" content=\"Les Lames Sauvages (2016)808 pages \u00a0 \u00c9tudiant en langue et escrimeur de talent, Xavier, dix-neuf ans, menait une vie paisible aupr\u00e8s de ses parents, de sa s\u0153ur et de ses deux meilleurs amis, Perrine et Simon. Lorsqu\u2019un fl\u00e9au d\u2019origine inconnue s\u2019abattit sur la Ville, par un inoubliable week-end de septembre, d\u00e9cimant la quasi-totalit\u00e9 de la [&hellip;]\" \/>\n<meta property=\"og:url\" content=\"https:\/\/www.desclicsetdeslettres.fr\/index.php\/mes-romans\/\" \/>\n<meta property=\"og:site_name\" content=\"Des Clics et des Lettres\" \/>\n<meta property=\"article:publisher\" content=\"https:\/\/www.facebook.com\/profile.php?id=61558453618650\" \/>\n<meta property=\"article:modified_time\" content=\"2024-04-22T17:34:44+00:00\" \/>\n<meta property=\"og:image\" content=\"http:\/\/www.desclicsetdeslettres.fr\/wp-content\/uploads\/2024\/04\/Les-Lames-Sauvages.jpg\" \/>\n<meta name=\"twitter:card\" content=\"summary_large_image\" \/>\n<meta name=\"twitter:site\" content=\"@DClicsDLettres\" \/>\n<meta name=\"twitter:label1\" content=\"Dur\u00e9e de lecture estim\u00e9e\" \/>\n\t<meta name=\"twitter:data1\" content=\"3 minutes\" \/>\n<script type=\"application\/ld+json\" class=\"yoast-schema-graph\">{\"@context\":\"https:\/\/schema.org\",\"@graph\":[{\"@type\":\"WebPage\",\"@id\":\"https:\/\/www.desclicsetdeslettres.fr\/index.php\/mes-romans\/\",\"url\":\"https:\/\/www.desclicsetdeslettres.fr\/index.php\/mes-romans\/\",\"name\":\"Mes Romans - Des Clics et des Lettres\",\"isPartOf\":{\"@id\":\"https:\/\/www.desclicsetdeslettres.fr\/#website\"},\"primaryImageOfPage\":{\"@id\":\"https:\/\/www.desclicsetdeslettres.fr\/index.php\/mes-romans\/#primaryimage\"},\"image\":{\"@id\":\"https:\/\/www.desclicsetdeslettres.fr\/index.php\/mes-romans\/#primaryimage\"},\"thumbnailUrl\":\"http:\/\/www.desclicsetdeslettres.fr\/wp-content\/uploads\/2024\/04\/Les-Lames-Sauvages.jpg\",\"datePublished\":\"2024-04-20T15:58:36+00:00\",\"dateModified\":\"2024-04-22T17:34:44+00:00\",\"breadcrumb\":{\"@id\":\"https:\/\/www.desclicsetdeslettres.fr\/index.php\/mes-romans\/#breadcrumb\"},\"inLanguage\":\"fr-FR\",\"potentialAction\":[{\"@type\":\"ReadAction\",\"target\":[\"https:\/\/www.desclicsetdeslettres.fr\/index.php\/mes-romans\/\"]}]},{\"@type\":\"ImageObject\",\"inLanguage\":\"fr-FR\",\"@id\":\"https:\/\/www.desclicsetdeslettres.fr\/index.php\/mes-romans\/#primaryimage\",\"url\":\"http:\/\/www.desclicsetdeslettres.fr\/wp-content\/uploads\/2024\/04\/Les-Lames-Sauvages.jpg\",\"contentUrl\":\"http:\/\/www.desclicsetdeslettres.fr\/wp-content\/uploads\/2024\/04\/Les-Lames-Sauvages.jpg\"},{\"@type\":\"BreadcrumbList\",\"@id\":\"https:\/\/www.desclicsetdeslettres.fr\/index.php\/mes-romans\/#breadcrumb\",\"itemListElement\":[{\"@type\":\"ListItem\",\"position\":1,\"name\":\"Accueil\",\"item\":\"https:\/\/www.desclicsetdeslettres.fr\/\"},{\"@type\":\"ListItem\",\"position\":2,\"name\":\"Mes Romans\"}]},{\"@type\":\"WebSite\",\"@id\":\"https:\/\/www.desclicsetdeslettres.fr\/#website\",\"url\":\"https:\/\/www.desclicsetdeslettres.fr\/\",\"name\":\"Des Clics et des Lettres\",\"description\":\"JV ind\u00e9, curation et interviews !\",\"publisher\":{\"@id\":\"https:\/\/www.desclicsetdeslettres.fr\/#organization\"},\"alternateName\":\"Des Clics et des Lettres\",\"potentialAction\":[{\"@type\":\"SearchAction\",\"target\":{\"@type\":\"EntryPoint\",\"urlTemplate\":\"https:\/\/www.desclicsetdeslettres.fr\/?s={search_term_string}\"},\"query-input\":{\"@type\":\"PropertyValueSpecification\",\"valueRequired\":true,\"valueName\":\"search_term_string\"}}],\"inLanguage\":\"fr-FR\"},{\"@type\":\"Organization\",\"@id\":\"https:\/\/www.desclicsetdeslettres.fr\/#organization\",\"name\":\"Des Clics et des Lettres\",\"url\":\"https:\/\/www.desclicsetdeslettres.fr\/\",\"logo\":{\"@type\":\"ImageObject\",\"inLanguage\":\"fr-FR\",\"@id\":\"https:\/\/www.desclicsetdeslettres.fr\/#\/schema\/logo\/image\/\",\"url\":\"https:\/\/www.desclicsetdeslettres.fr\/wp-content\/uploads\/2024\/04\/Logo-Des-Clics-et-des-Lettres.png\",\"contentUrl\":\"https:\/\/www.desclicsetdeslettres.fr\/wp-content\/uploads\/2024\/04\/Logo-Des-Clics-et-des-Lettres.png\",\"width\":501,\"height\":501,\"caption\":\"Des Clics et des Lettres\"},\"image\":{\"@id\":\"https:\/\/www.desclicsetdeslettres.fr\/#\/schema\/logo\/image\/\"},\"sameAs\":[\"https:\/\/www.facebook.com\/profile.php?id=61558453618650\",\"https:\/\/x.com\/DClicsDLettres\"]}]}<\/script>\n<!-- \/ Yoast SEO plugin. -->","yoast_head_json":{"title":"Mes Romans - Des Clics et des Lettres","robots":{"index":"index","follow":"follow","max-snippet":"max-snippet:-1","max-image-preview":"max-image-preview:large","max-video-preview":"max-video-preview:-1"},"canonical":"https:\/\/www.desclicsetdeslettres.fr\/index.php\/mes-romans\/","og_locale":"fr_FR","og_type":"article","og_title":"Mes Romans - Des Clics et des Lettres","og_description":"Les Lames Sauvages (2016)808 pages \u00a0 \u00c9tudiant en langue et escrimeur de talent, Xavier, dix-neuf ans, menait une vie paisible aupr\u00e8s de ses parents, de sa s\u0153ur et de ses deux meilleurs amis, Perrine et Simon. Lorsqu\u2019un fl\u00e9au d\u2019origine inconnue s\u2019abattit sur la Ville, par un inoubliable week-end de septembre, d\u00e9cimant la quasi-totalit\u00e9 de la [&hellip;]","og_url":"https:\/\/www.desclicsetdeslettres.fr\/index.php\/mes-romans\/","og_site_name":"Des Clics et des Lettres","article_publisher":"https:\/\/www.facebook.com\/profile.php?id=61558453618650","article_modified_time":"2024-04-22T17:34:44+00:00","og_image":[{"url":"http:\/\/www.desclicsetdeslettres.fr\/wp-content\/uploads\/2024\/04\/Les-Lames-Sauvages.jpg","type":"","width":"","height":""}],"twitter_card":"summary_large_image","twitter_site":"@DClicsDLettres","twitter_misc":{"Dur\u00e9e de lecture estim\u00e9e":"3 minutes"},"schema":{"@context":"https:\/\/schema.org","@graph":[{"@type":"WebPage","@id":"https:\/\/www.desclicsetdeslettres.fr\/index.php\/mes-romans\/","url":"https:\/\/www.desclicsetdeslettres.fr\/index.php\/mes-romans\/","name":"Mes Romans - Des Clics et des Lettres","isPartOf":{"@id":"https:\/\/www.desclicsetdeslettres.fr\/#website"},"primaryImageOfPage":{"@id":"https:\/\/www.desclicsetdeslettres.fr\/index.php\/mes-romans\/#primaryimage"},"image":{"@id":"https:\/\/www.desclicsetdeslettres.fr\/index.php\/mes-romans\/#primaryimage"},"thumbnailUrl":"http:\/\/www.desclicsetdeslettres.fr\/wp-content\/uploads\/2024\/04\/Les-Lames-Sauvages.jpg","datePublished":"2024-04-20T15:58:36+00:00","dateModified":"2024-04-22T17:34:44+00:00","breadcrumb":{"@id":"https:\/\/www.desclicsetdeslettres.fr\/index.php\/mes-romans\/#breadcrumb"},"inLanguage":"fr-FR","potentialAction":[{"@type":"ReadAction","target":["https:\/\/www.desclicsetdeslettres.fr\/index.php\/mes-romans\/"]}]},{"@type":"ImageObject","inLanguage":"fr-FR","@id":"https:\/\/www.desclicsetdeslettres.fr\/index.php\/mes-romans\/#primaryimage","url":"http:\/\/www.desclicsetdeslettres.fr\/wp-content\/uploads\/2024\/04\/Les-Lames-Sauvages.jpg","contentUrl":"http:\/\/www.desclicsetdeslettres.fr\/wp-content\/uploads\/2024\/04\/Les-Lames-Sauvages.jpg"},{"@type":"BreadcrumbList","@id":"https:\/\/www.desclicsetdeslettres.fr\/index.php\/mes-romans\/#breadcrumb","itemListElement":[{"@type":"ListItem","position":1,"name":"Accueil","item":"https:\/\/www.desclicsetdeslettres.fr\/"},{"@type":"ListItem","position":2,"name":"Mes Romans"}]},{"@type":"WebSite","@id":"https:\/\/www.desclicsetdeslettres.fr\/#website","url":"https:\/\/www.desclicsetdeslettres.fr\/","name":"Des Clics et des Lettres","description":"JV ind\u00e9, curation et interviews !","publisher":{"@id":"https:\/\/www.desclicsetdeslettres.fr\/#organization"},"alternateName":"Des Clics et des Lettres","potentialAction":[{"@type":"SearchAction","target":{"@type":"EntryPoint","urlTemplate":"https:\/\/www.desclicsetdeslettres.fr\/?s={search_term_string}"},"query-input":{"@type":"PropertyValueSpecification","valueRequired":true,"valueName":"search_term_string"}}],"inLanguage":"fr-FR"},{"@type":"Organization","@id":"https:\/\/www.desclicsetdeslettres.fr\/#organization","name":"Des Clics et des Lettres","url":"https:\/\/www.desclicsetdeslettres.fr\/","logo":{"@type":"ImageObject","inLanguage":"fr-FR","@id":"https:\/\/www.desclicsetdeslettres.fr\/#\/schema\/logo\/image\/","url":"https:\/\/www.desclicsetdeslettres.fr\/wp-content\/uploads\/2024\/04\/Logo-Des-Clics-et-des-Lettres.png","contentUrl":"https:\/\/www.desclicsetdeslettres.fr\/wp-content\/uploads\/2024\/04\/Logo-Des-Clics-et-des-Lettres.png","width":501,"height":501,"caption":"Des Clics et des Lettres"},"image":{"@id":"https:\/\/www.desclicsetdeslettres.fr\/#\/schema\/logo\/image\/"},"sameAs":["https:\/\/www.facebook.com\/profile.php?id=61558453618650","https:\/\/x.com\/DClicsDLettres"]}]}},"_links":{"self":[{"href":"https:\/\/www.desclicsetdeslettres.fr\/index.php\/wp-json\/wp\/v2\/pages\/727","targetHints":{"allow":["GET"]}}],"collection":[{"href":"https:\/\/www.desclicsetdeslettres.fr\/index.php\/wp-json\/wp\/v2\/pages"}],"about":[{"href":"https:\/\/www.desclicsetdeslettres.fr\/index.php\/wp-json\/wp\/v2\/types\/page"}],"author":[{"embeddable":true,"href":"https:\/\/www.desclicsetdeslettres.fr\/index.php\/wp-json\/wp\/v2\/users\/1"}],"replies":[{"embeddable":true,"href":"https:\/\/www.desclicsetdeslettres.fr\/index.php\/wp-json\/wp\/v2\/comments?post=727"}],"version-history":[{"count":47,"href":"https:\/\/www.desclicsetdeslettres.fr\/index.php\/wp-json\/wp\/v2\/pages\/727\/revisions"}],"predecessor-version":[{"id":856,"href":"https:\/\/www.desclicsetdeslettres.fr\/index.php\/wp-json\/wp\/v2\/pages\/727\/revisions\/856"}],"wp:attachment":[{"href":"https:\/\/www.desclicsetdeslettres.fr\/index.php\/wp-json\/wp\/v2\/media?parent=727"}],"curies":[{"name":"wp","href":"https:\/\/api.w.org\/{rel}","templated":true}]}}